{"id":13417,"date":"2025-09-15T16:38:34","date_gmt":"2025-09-15T14:38:34","guid":{"rendered":"https:\/\/boreait.com\/fr\/?post_type=product&#038;p=13417"},"modified":"2025-09-15T16:39:23","modified_gmt":"2025-09-15T14:39:23","slug":"ecran-led-mat-ips-fhd-14-lp140wf9-spd1-1920-x-1080-30-broches-neuf","status":"publish","type":"product","link":"https:\/\/boreait.com\/fr\/produit\/ecran-led-mat-ips-fhd-14-lp140wf9-spd1-1920-x-1080-30-broches-neuf\/","title":{"rendered":"\u00c9cran LED mat IPS FHD 14\u00a0\u00bb LP140WF9-SPD1, 1920 x 1080, 30 broches, NEUF"},"content":{"rendered":"<p>Mod\u00e8le d&rsquo;\u00e9cran actuel\u00a0: B140HAN04.D \/ B140HA07.1 \/ NV140FHM-N4T V8.2 \/ N140HCA-EEK &#8211; Enti\u00e8rement compatible avec <span data-sheets-root=\"1\">LP140WF9-SPD1<\/span><\/strong><\/p>\n<p>D\u00e9couvrez le <span data-sheets-root=\"1\">LP140WF9-SPD1<\/span>, un \u00e9cran IPS LED Full HD (1920 x 1080) haut de gamme de 14 pouces qui transforme votre exp\u00e9rience visuelle. Gr\u00e2ce \u00e0 sa finition mate, cet \u00e9cran r\u00e9duit les reflets, vous permettant de profiter pleinement de votre contenu m\u00eame en pleine lumi\u00e8re. La technologie IPS garantit des couleurs pr\u00e9cises et de larges angles de vision, ce qui le rend id\u00e9al pour la conception graphique, le streaming et le multit\u00e2che. <\/p>\n<p>Caract\u00e9ristiques\u00a0:<\/p>\n<ul>\n<li><strong>R\u00e9solution Full HD\u00a0:<\/strong> Profitez d&rsquo;images d&rsquo;une nettet\u00e9 exceptionnelle, aux couleurs \u00e9clatantes et aux contrastes profonds.<\/li>\n<li><strong>Technologie IPS\u00a0:<\/strong> B\u00e9n\u00e9ficiez d&rsquo;une pr\u00e9cision des couleurs constante et de larges angles de vision, id\u00e9ale pour une utilisation professionnelle et r\u00e9cr\u00e9ative.<\/li>\n<li><strong>Finition mate\u00a0:<\/strong> Dites adieu aux reflets et aux reflets, pour une exp\u00e9rience visuelle confortable pendant de longues p\u00e9riodes.<\/li>\n<li><strong>Connecteur 30 broches\u00a0:<\/strong> Int\u00e9gration facile avec les ordinateurs portables compatibles, pour une mise \u00e0 niveau fluide.<\/li>\n<\/ul>\n<p>Que vous soyez un professionnel en qu\u00eate de pr\u00e9cision ou un utilisateur occasionnel \u00e0 la recherche d&rsquo;une exp\u00e9rience visuelle am\u00e9lior\u00e9e, le <span data-sheets-root=\"1\">LP140WF9-SPD1<\/span> offre l&rsquo;alliance parfaite entre performances et fonctionnalit\u00e9s. Am\u00e9liorez votre \u00e9cran et am\u00e9liorez votre exp\u00e9rience visuelle.<\/p>\n","protected":false},"excerpt":{"rendered":"<p>Am\u00e9liorez votre exp\u00e9rience visuelle avec l&rsquo;\u00e9l\u00e9gant \u00e9cran LED FHD IPS mat de 14 pouces, mod\u00e8le <span data-sheets-root=\"1\">LP140WF9-SPD1<\/span>. Offrant des couleurs vives et des d\u00e9tails nets avec une r\u00e9solution de 1920 x 1080, cet \u00e9cran \u00e0 30 broches donne vie aux images. Id\u00e9al pour le travail comme pour les loisirs.<\/p>\n","protected":false},"featured_media":13454,"template":"","meta":[],"product_brand":[],"product_cat":[98,95],"product_tag":[],"class_list":{"0":"post-13417","1":"product","2":"type-product","3":"status-publish","4":"has-post-thumbnail","6":"product_cat-14-new-laptop-screens-lcd-panels","7":"product_cat-new-laptop-screens-lcd-panels","9":"first","10":"instock","11":"taxable","12":"shipping-taxable","13":"purchasable","14":"product-type-simple"},"_links":{"self":[{"href":"https:\/\/boreait.com\/fr\/wp-json\/wp\/v2\/product\/13417","targetHints":{"allow":["GET"]}}],"collection":[{"href":"https:\/\/boreait.com\/fr\/wp-json\/wp\/v2\/product"}],"about":[{"href":"https:\/\/boreait.com\/fr\/wp-json\/wp\/v2\/types\/product"}],"wp:featuredmedia":[{"embeddable":true,"href":"https:\/\/boreait.com\/fr\/wp-json\/wp\/v2\/media\/13454"}],"wp:attachment":[{"href":"https:\/\/boreait.com\/fr\/wp-json\/wp\/v2\/media?parent=13417"}],"wp:term":[{"taxonomy":"product_brand","embeddable":true,"href":"https:\/\/boreait.com\/fr\/wp-json\/wp\/v2\/product_brand?post=13417"},{"taxonomy":"product_cat","embeddable":true,"href":"https:\/\/boreait.com\/fr\/wp-json\/wp\/v2\/product_cat?post=13417"},{"taxonomy":"product_tag","embeddable":true,"href":"https:\/\/boreait.com\/fr\/wp-json\/wp\/v2\/product_tag?post=13417"}],"curies":[{"name":"wp","href":"https:\/\/api.w.org\/{rel}","templated":true}]}}