{"id":13413,"date":"2025-09-15T16:38:33","date_gmt":"2025-09-15T14:38:33","guid":{"rendered":"https:\/\/boreait.com\/fr\/?post_type=product&#038;p=13413"},"modified":"2026-01-14T12:47:06","modified_gmt":"2026-01-14T11:47:06","slug":"ecran-ips-mat-fhd-17-30-broches-sans-support-compatible-avec-le-nv173fhm-n4g-neuf","status":"publish","type":"product","link":"https:\/\/boreait.com\/fr\/produit\/ecran-ips-mat-fhd-17-30-broches-sans-support-compatible-avec-le-nv173fhm-n4g-neuf\/","title":{"rendered":"\u00c9cran IPS mat FHD 17&Prime; (30 broches), sans support, compatible avec le NV173FHM-N4G. Neuf."},"content":{"rendered":"<p>Mod\u00e8le actuel\u00a0: NV173FHM-N49 v8.0 \/ NV173FHM-N4L \/ N173HCE-E3C<\/p>\n<p>Notre nouvel \u00e9cran mat IPS Full HD de 17 pouces est une v\u00e9ritable r\u00e9volution pour tous ceux qui souhaitent am\u00e9liorer leur \u00e9cran et le rendre vraiment remarquable. Enti\u00e8rement compatible avec le NV173FHM-N4G, cet \u00e9cran offre des images haute d\u00e9finition \u00e9poustouflantes sans reflets ind\u00e9sirables, gr\u00e2ce \u00e0 sa finition mate sophistiqu\u00e9e. L&rsquo;absence de supports et l&rsquo;int\u00e9gration d&rsquo;un connecteur \u00e0 30 broches garantissent une installation simple et fluide, vous permettant de profiter imm\u00e9diatement d&rsquo;images am\u00e9lior\u00e9es. <\/p>\n<p><strong>Principales caract\u00e9ristiques\u00a0:<\/strong><\/p>\n<ul>\n<li><strong>R\u00e9solution Full HD\u00a0:<\/strong> Plongez dans les profondeurs de la r\u00e9solution Full HD (1920 x 1080) pour des images nettes et d\u00e9taill\u00e9es qui donnent vie \u00e0 votre contenu, qu&rsquo;il s&rsquo;agisse de jeux, de streaming ou de graphismes professionnels.<\/li>\n<li><strong>Technologie IPS\u00a0:<\/strong> B\u00e9n\u00e9ficiez de couleurs homog\u00e8nes et pr\u00e9cises sous de larges angles de vue gr\u00e2ce \u00e0 la technologie IPS de pointe. Profitez d&rsquo;images \u00e9clatantes sans distorsion des couleurs, quel que soit l&rsquo;angle de vue.<\/li>\n<li><strong>Finition mate antireflet\u00a0:<\/strong> Dites adieu aux reflets g\u00eanants gr\u00e2ce \u00e0 notre finition mate. Il r\u00e9duit les reflets, ce qui rend l&rsquo;\u00e9cran plus lisible en conditions de forte luminosit\u00e9 et plus doux pour les yeux sur de longues p\u00e9riodes.<\/li>\n<li><strong>Compatibilit\u00e9 parfaite<\/strong>\u00a0: Sp\u00e9cialement con\u00e7u pour le NV173FHM-N4G, il garantit un ajustement parfait et des performances optimales, sans modifications ni supports suppl\u00e9mentaires.<\/li>\n<li><strong>Installation facile<\/strong>\u00a0: Le connecteur simple \u00e0 30 broches simplifie l&rsquo;installation et vous permet d&rsquo;am\u00e9liorer rapidement les capacit\u00e9s d&rsquo;affichage de votre appareil.<\/li>\n<\/ul>\n<p>Cet \u00e9cran mat IPS FHD de 17 pouces n&rsquo;est pas seulement une mise \u00e0 niveau\u00a0; il transforme votre exp\u00e9rience visuelle. Que vous soyez un professionnel ayant besoin d&rsquo;une reproduction fid\u00e8le des couleurs, un \u00e9tudiant effectuant de longues heures de recherche ou un passionn\u00e9 avide d&rsquo;exp\u00e9riences de jeu et de vid\u00e9o immersives, cet \u00e9cran est con\u00e7u pour r\u00e9pondre \u00e0 vos besoins, alliant des visuels de haute qualit\u00e9 au confort d&rsquo;une technologie antireflet.<\/p>\n","protected":false},"excerpt":{"rendered":"<p>Am\u00e9liorez votre exp\u00e9rience visuelle avec notre \u00e9cran mat IPS Full HD de 17 pouces, parfaitement compatible avec le NV173FHM-N4G. Cet \u00e9cran sans support, dot\u00e9 d&rsquo;un connecteur 30 broches, offre des images nettes et claires, sans reflets, id\u00e9al pour le travail comme pour les loisirs. Optez pour une meilleure clart\u00e9 et un confort accru.<\/p>\n","protected":false},"featured_media":12902,"template":"","meta":[],"product_brand":[],"product_cat":[96,95],"product_tag":[],"class_list":{"0":"post-13413","1":"product","2":"type-product","3":"status-publish","4":"has-post-thumbnail","6":"product_cat-17-3","7":"product_cat-new-laptop-screens-lcd-panels","9":"first","10":"instock","11":"taxable","12":"shipping-taxable","13":"purchasable","14":"product-type-simple"},"_links":{"self":[{"href":"https:\/\/boreait.com\/fr\/wp-json\/wp\/v2\/product\/13413","targetHints":{"allow":["GET"]}}],"collection":[{"href":"https:\/\/boreait.com\/fr\/wp-json\/wp\/v2\/product"}],"about":[{"href":"https:\/\/boreait.com\/fr\/wp-json\/wp\/v2\/types\/product"}],"wp:featuredmedia":[{"embeddable":true,"href":"https:\/\/boreait.com\/fr\/wp-json\/wp\/v2\/media\/12902"}],"wp:attachment":[{"href":"https:\/\/boreait.com\/fr\/wp-json\/wp\/v2\/media?parent=13413"}],"wp:term":[{"taxonomy":"product_brand","embeddable":true,"href":"https:\/\/boreait.com\/fr\/wp-json\/wp\/v2\/product_brand?post=13413"},{"taxonomy":"product_cat","embeddable":true,"href":"https:\/\/boreait.com\/fr\/wp-json\/wp\/v2\/product_cat?post=13413"},{"taxonomy":"product_tag","embeddable":true,"href":"https:\/\/boreait.com\/fr\/wp-json\/wp\/v2\/product_tag?post=13413"}],"curies":[{"name":"wp","href":"https:\/\/api.w.org\/{rel}","templated":true}]}}