{"id":13412,"date":"2025-09-15T16:38:32","date_gmt":"2025-09-15T14:38:32","guid":{"rendered":"https:\/\/boreait.com\/fr\/?post_type=product&#038;p=13412"},"modified":"2025-09-15T16:39:21","modified_gmt":"2025-09-15T14:39:21","slug":"ecran-ips-mat-fhd-17-pour-lenovo-legion-y540-17irh-30-broches-neuf-sans-supports","status":"publish","type":"product","link":"https:\/\/boreait.com\/fr\/produit\/ecran-ips-mat-fhd-17-pour-lenovo-legion-y540-17irh-30-broches-neuf-sans-supports\/","title":{"rendered":"\u00c9cran IPS mat FHD 17&Prime; pour Lenovo Legion Y540-17IRH, 30 broches, neuf, sans supports"},"content":{"rendered":"<p>Mod\u00e8le actuel\u00a0: NV173FHM-N49 v8.0 \/ NV173FHM-N4L \/ N173HCE-E3C<\/p>\n<div class=\"flex flex-grow flex-col max-w-full\">\n<div class=\"min-h-[20px] text-message flex flex-col items-start gap-3 whitespace-pre-wrap break-words [.text-message+&amp;]:mt-5 overflow-x-auto\" dir=\"auto\" data-message-author-role=\"assistant\" data-message-id=\"72005717-acb1-4989-a0d3-9d5b7018ada7\">\n<div class=\"markdown prose w-full break-words dark:prose-invert light\">\n<p>D\u00e9couvrez notre \u00e9cran mat IPS Full HD haut de gamme de 17\u00a0pouces, sp\u00e9cialement con\u00e7u pour le Lenovo Legion Y540-17IRH. Cet \u00e9cran de pointe est con\u00e7u pour am\u00e9liorer les performances visuelles de votre ordinateur portable, offrant une exp\u00e9rience visuelle d&rsquo;une clart\u00e9 exceptionnelle et sans reflets, essentielle pour les jeux de haut niveau comme pour les t\u00e2ches professionnelles. Gr\u00e2ce \u00e0 son connecteur 30 broches, il offre une compatibilit\u00e9 et une installation simplifi\u00e9es, sans support. <\/p>\n<p><strong>Fonctionnalit\u00e9s exceptionnelles\u00a0:<\/strong><\/p>\n<ul>\n<li><strong>R\u00e9solution Full HD exceptionnelle\u00a0:<\/strong> Plongez dans les d\u00e9tails nets et \u00e9clatants de la r\u00e9solution Full HD (1920 x 1080), id\u00e9ale pour profiter de jeux, de films et d&rsquo;applications professionnelles avec une clart\u00e9 in\u00e9gal\u00e9e.<\/li>\n<li><strong>Technologie IPS avanc\u00e9e\u00a0:<\/strong> Gr\u00e2ce \u00e0 sa technologie IPS, l&rsquo;\u00e9cran garantit une pr\u00e9cision des couleurs constante et de larges angles de vision, garantissant un affichage optimal de votre contenu visuel sous tous les angles.<\/li>\n<li><strong>Finition mate pour un confort de vision optimal\u00a0:<\/strong> Notre finition mate r\u00e9duit consid\u00e9rablement les reflets, permettant un confort de vision optimal quelles que soient les conditions d&rsquo;\u00e9clairage, minimisant ainsi la fatigue oculaire lors d&rsquo;une utilisation prolong\u00e9e.<\/li>\n<li><strong>Compatibilit\u00e9 sur mesure\u00a0:<\/strong> Con\u00e7u pr\u00e9cis\u00e9ment pour le Lenovo Legion Y540-17IRH, cet \u00e9cran assure un ajustement parfait et une fonctionnalit\u00e9 optimale, am\u00e9liorant l&rsquo;affichage de votre appareil sans La complexit\u00e9 des supports.<\/li>\n<li><strong>Installation facile<\/strong>\u00a0: La conception sans support et le connecteur 30 broches facilitent l&rsquo;installation, vous permettant de mettre \u00e0 niveau l&rsquo;\u00e9cran de votre ordinateur portable et de profiter imm\u00e9diatement d&rsquo;images am\u00e9lior\u00e9es.<\/li>\n<\/ul>\n<p>Que vous soyez passionn\u00e9 de jeux vid\u00e9o, de montage vid\u00e9o ou de calculs, notre \u00e9cran mat IPS FHD 17 pouces pour le Lenovo Legion Y540-17IRH est la mise \u00e0 niveau id\u00e9ale pour am\u00e9liorer votre exp\u00e9rience visuelle. Offrant une clart\u00e9 et une pr\u00e9cision des couleurs exceptionnelles et une installation facile, il est con\u00e7u pour propulser l&rsquo;\u00e9cran de votre ordinateur portable au niveau sup\u00e9rieur. <\/p>\n<\/div>\n<\/div>\n<\/div>\n<div class=\"mt-1 flex gap-3 empty:hidden\">\n<div class=\"text-gray-400 flex self-end lg:self-center items-center justify-center lg:justify-start mt-0 -ml-1 h-7 gap-[2px] visible\"><\/div>\n<\/div>\n<div class=\"flex\"><\/div>\n","protected":false},"excerpt":{"rendered":"<p>Optimisez votre exp\u00e9rience Lenovo Legion Y540-17IRH avec notre nouvel \u00e9cran mat IPS Full HD de 17 pouces. Con\u00e7u pour une compatibilit\u00e9 optimale, cet \u00e9cran 30 broches sans support offre une clart\u00e9 visuelle sup\u00e9rieure et un affichage sans reflets, id\u00e9al pour les jeux et un usage professionnel.<\/p>\n","protected":false},"featured_media":12902,"template":"","meta":[],"product_brand":[],"product_cat":[96,95],"product_tag":[62],"class_list":{"0":"post-13412","1":"product","2":"type-product","3":"status-publish","4":"has-post-thumbnail","6":"product_cat-17-3","7":"product_cat-new-laptop-screens-lcd-panels","8":"product_tag-lenovo","10":"first","11":"instock","12":"taxable","13":"shipping-taxable","14":"purchasable","15":"product-type-simple"},"_links":{"self":[{"href":"https:\/\/boreait.com\/fr\/wp-json\/wp\/v2\/product\/13412","targetHints":{"allow":["GET"]}}],"collection":[{"href":"https:\/\/boreait.com\/fr\/wp-json\/wp\/v2\/product"}],"about":[{"href":"https:\/\/boreait.com\/fr\/wp-json\/wp\/v2\/types\/product"}],"wp:featuredmedia":[{"embeddable":true,"href":"https:\/\/boreait.com\/fr\/wp-json\/wp\/v2\/media\/12902"}],"wp:attachment":[{"href":"https:\/\/boreait.com\/fr\/wp-json\/wp\/v2\/media?parent=13412"}],"wp:term":[{"taxonomy":"product_brand","embeddable":true,"href":"https:\/\/boreait.com\/fr\/wp-json\/wp\/v2\/product_brand?post=13412"},{"taxonomy":"product_cat","embeddable":true,"href":"https:\/\/boreait.com\/fr\/wp-json\/wp\/v2\/product_cat?post=13412"},{"taxonomy":"product_tag","embeddable":true,"href":"https:\/\/boreait.com\/fr\/wp-json\/wp\/v2\/product_tag?post=13412"}],"curies":[{"name":"wp","href":"https:\/\/api.w.org\/{rel}","templated":true}]}}