{"id":13391,"date":"2025-09-15T16:38:07","date_gmt":"2025-09-15T14:38:07","guid":{"rendered":"https:\/\/boreait.com\/fr\/?post_type=product&#038;p=13391"},"modified":"2025-09-15T16:39:20","modified_gmt":"2025-09-15T14:39:20","slug":"ecran-mat-ips-fhd-17-pour-ordinateur-portable-30-broches-sans-support-compatible-avec-le-modele-n173hce-e3a-neuf","status":"publish","type":"product","link":"https:\/\/boreait.com\/fr\/produit\/ecran-mat-ips-fhd-17-pour-ordinateur-portable-30-broches-sans-support-compatible-avec-le-modele-n173hce-e3a-neuf\/","title":{"rendered":"\u00c9cran mat IPS FHD 17&Prime; pour ordinateur portable, 30 broches, sans support, compatible avec le mod\u00e8le N173HCE-E3A, neuf"},"content":{"rendered":"<p>Mod\u00e8le actuel\u00a0: NV173FHM-N49 v8.0 \/ NV173FHM-N4L \/ N173HCE-E3C<\/p>\n<p>Am\u00e9liorez l&rsquo;affichage de votre ordinateur portable avec notre \u00e9cran mat IPS Full HD innovant de 17 pouces, un atout majeur pour les utilisateurs souhaitant am\u00e9liorer leur exp\u00e9rience visuelle. Con\u00e7u sur mesure pour le mod\u00e8le N173HCE-E3A, cet \u00e9cran offre une clart\u00e9 haute d\u00e9finition, une pr\u00e9cision des couleurs am\u00e9lior\u00e9e et une finition mate sans reflets pour une exp\u00e9rience visuelle in\u00e9gal\u00e9e. <\/p>\n<p><strong>Points forts\u00a0:<\/strong><\/p>\n<ul>\n<li><strong>R\u00e9solution Full HD\u00a0:<\/strong> Plongez dans un monde de couleurs \u00e9clatantes et d\u2019images d\u2019une nettet\u00e9 exceptionnelle gr\u00e2ce \u00e0 la r\u00e9solution Full HD (1920 x 1080), id\u00e9ale pour travailler comme pour jouer.<\/li>\n<li><strong>Technologie IPS\u00a0:<\/strong> B\u00e9n\u00e9ficiez de larges angles de vision et de couleurs homog\u00e8nes gr\u00e2ce \u00e0 la technologie IPS, pour un \u00e9cran impeccable, quel que soit l\u2019angle de vue.<\/li>\n<li><strong>Finition mate\u00a0:<\/strong> Dites adieu aux reflets gr\u00e2ce \u00e0 notre \u00e9cran mat, con\u00e7u pour r\u00e9duire les reflets et rendre votre \u00e9cran facilement visible dans toutes les conditions de luminosit\u00e9.<\/li>\n<li><strong>Facile \u00e0 connecter\u00a0:<\/strong> Dot\u00e9 d\u2019un connecteur \u00e0 30 broches, cet \u00e9cran est con\u00e7u pour une installation simple, sans les complications des supports.<\/li>\n<li><strong>Con\u00e7u pour la compatibilit\u00e9\u00a0:<\/strong> Sp\u00e9cialement con\u00e7u pour N173HCE-E3A, garantissant un ajustement parfait et une fonctionnalit\u00e9 optimale.\n<\/ul>\n<p>Que vous soyez un professionnel en qu\u00eate de pr\u00e9cision et de d\u00e9tails dans votre travail, ou un joueur en qu\u00eate d&rsquo;un gameplay net et vivant, notre \u00e9cran mat IPS FHD de 17 pouces est la mise \u00e0 niveau dont votre ordinateur portable a besoin. Adoptez d\u00e8s aujourd&rsquo;hui l&rsquo;avenir de la technologie d&rsquo;affichage et transformez votre exp\u00e9rience visuelle gr\u00e2ce \u00e0 notre \u00e9cran sans support, facile \u00e0 installer et visuellement \u00e9poustouflant.<\/p>\n","protected":false},"excerpt":{"rendered":"<p>D\u00e9couvrez la clart\u00e9 et la polyvalence de notre tout nouvel \u00e9cran mat IPS Full HD de 17 pouces, parfaitement compatible avec le mod\u00e8le N173HCE-E3A. Cet \u00e9cran haut de gamme, sans support, est dot\u00e9 d&rsquo;une connexion 30 broches, ce qui en fait une mise \u00e0 niveau id\u00e9ale pour des images am\u00e9lior\u00e9es sans reflets, et est con\u00e7u pour une int\u00e9gration facile et un plaisir visuel sup\u00e9rieur.<\/p>\n","protected":false},"featured_media":12902,"template":"","meta":[],"product_brand":[],"product_cat":[96,95],"product_tag":[],"class_list":{"0":"post-13391","1":"product","2":"type-product","3":"status-publish","4":"has-post-thumbnail","6":"product_cat-17-3","7":"product_cat-new-laptop-screens-lcd-panels","9":"first","10":"instock","11":"taxable","12":"shipping-taxable","13":"purchasable","14":"product-type-simple"},"_links":{"self":[{"href":"https:\/\/boreait.com\/fr\/wp-json\/wp\/v2\/product\/13391","targetHints":{"allow":["GET"]}}],"collection":[{"href":"https:\/\/boreait.com\/fr\/wp-json\/wp\/v2\/product"}],"about":[{"href":"https:\/\/boreait.com\/fr\/wp-json\/wp\/v2\/types\/product"}],"wp:featuredmedia":[{"embeddable":true,"href":"https:\/\/boreait.com\/fr\/wp-json\/wp\/v2\/media\/12902"}],"wp:attachment":[{"href":"https:\/\/boreait.com\/fr\/wp-json\/wp\/v2\/media?parent=13391"}],"wp:term":[{"taxonomy":"product_brand","embeddable":true,"href":"https:\/\/boreait.com\/fr\/wp-json\/wp\/v2\/product_brand?post=13391"},{"taxonomy":"product_cat","embeddable":true,"href":"https:\/\/boreait.com\/fr\/wp-json\/wp\/v2\/product_cat?post=13391"},{"taxonomy":"product_tag","embeddable":true,"href":"https:\/\/boreait.com\/fr\/wp-json\/wp\/v2\/product_tag?post=13391"}],"curies":[{"name":"wp","href":"https:\/\/api.w.org\/{rel}","templated":true}]}}