{"id":13390,"date":"2025-09-15T16:38:06","date_gmt":"2025-09-15T14:38:06","guid":{"rendered":"https:\/\/boreait.com\/fr\/?post_type=product&#038;p=13390"},"modified":"2025-09-15T16:39:19","modified_gmt":"2025-09-15T14:39:19","slug":"nouvel-ecran-mat-ips-fhd-17-n173hce-e3c-connecteur-30-broches-sans-support","status":"publish","type":"product","link":"https:\/\/boreait.com\/fr\/produit\/nouvel-ecran-mat-ips-fhd-17-n173hce-e3c-connecteur-30-broches-sans-support\/","title":{"rendered":"Nouvel \u00e9cran mat IPS FHD 17&Prime; N173HCE-E3C, connecteur 30 broches, sans support"},"content":{"rendered":"<p>Mod\u00e8le actuel\u00a0: NV173FHM-N49 v8.0 \/ NV173FHM-N4L \/ N173HCE-E3C<\/p>\n<p>Am\u00e9liorez l&rsquo;affichage de votre ordinateur portable avec notre \u00e9cran mat IPS Full HD de 17 pouces, con\u00e7u avec soin pour une exp\u00e9rience visuelle exceptionnelle. Compatible avec le mod\u00e8le N173HCE-E3C, cet \u00e9cran est la solution id\u00e9ale pour les utilisateurs recherchant une clart\u00e9 et des d\u00e9tails in\u00e9gal\u00e9s, sans reflets. <\/p>\n<p><strong>Caract\u00e9ristiques principales\u00a0:<\/strong><\/p>\n<ul>\n<li><strong>\u00c9cran \u00e9clatant\u00a0:<\/strong> Profitez de couleurs \u00e9clatantes et d\u2019une nettet\u00e9 exceptionnelle gr\u00e2ce \u00e0 la r\u00e9solution Full HD, pour un confort optimal \u00e0 chaque t\u00e2che, du travail professionnel aux jeux vid\u00e9o.<\/li>\n<li><strong>Technologie IPS\u00a0:<\/strong> La dalle IPS garantit des couleurs homog\u00e8nes et pr\u00e9cises sous tous les angles de vue, ainsi qu\u2019un contraste et une luminosit\u00e9 sup\u00e9rieurs.<\/li>\n<li><strong>Finition mate\u00a0:<\/strong> Notre \u00e9cran mat minimise les reflets et les reflets, offrant un confort visuel optimal, notamment dans les environnements tr\u00e8s \u00e9clair\u00e9s.<\/li>\n<li><strong>Installation facile\u00a0:<\/strong> Gr\u00e2ce \u00e0 son connecteur 30 broches, cet \u00e9cran garantit une installation simple et sans support.<\/li>\n<li><strong>Compatibilit\u00e9\u00a0:<\/strong> Sp\u00e9cialement con\u00e7u pour le mod\u00e8le N173HCE-E3C, il assure un ajustement parfait et une exp\u00e9rience visuelle optimale. Performances.<\/li>\n<\/ul>\n<p>Id\u00e9al pour les professionnels comme pour les passionn\u00e9s de jeux vid\u00e9o, cet \u00e9cran est con\u00e7u pour optimiser les performances de votre ordinateur portable et votre exp\u00e9rience visuelle globale. Dites adieu aux reflets et profitez d&rsquo;images d&rsquo;une nettet\u00e9 exceptionnelle gr\u00e2ce \u00e0 notre \u00e9cran mat IPS FHD de 17 pouces. Que vous montiez des vid\u00e9os, calculiez des chiffres ou vous lanciez dans votre jeu pr\u00e9f\u00e9r\u00e9, cet \u00e9cran ne vous d\u00e9cevra pas.<\/p>\n","protected":false},"excerpt":{"rendered":"<p>Am\u00e9liorez votre exp\u00e9rience visuelle avec notre tout dernier \u00e9cran mat IPS Full HD de 17 pouces, parfaitement compatible avec le mod\u00e8le N173HCE-E3C. Offrant un affichage net et clair, sans reflets, cet \u00e9cran est dot\u00e9 d&rsquo;un connecteur 30 broches pour une installation facile. Id\u00e9al pour les professionnels comme pour les joueurs, ce design sans support garantit une installation fluide.<\/p>\n","protected":false},"featured_media":12902,"template":"","meta":[],"product_brand":[],"product_cat":[96,95],"product_tag":[],"class_list":{"0":"post-13390","1":"product","2":"type-product","3":"status-publish","4":"has-post-thumbnail","6":"product_cat-17-3","7":"product_cat-new-laptop-screens-lcd-panels","9":"first","10":"instock","11":"taxable","12":"shipping-taxable","13":"purchasable","14":"product-type-simple"},"_links":{"self":[{"href":"https:\/\/boreait.com\/fr\/wp-json\/wp\/v2\/product\/13390","targetHints":{"allow":["GET"]}}],"collection":[{"href":"https:\/\/boreait.com\/fr\/wp-json\/wp\/v2\/product"}],"about":[{"href":"https:\/\/boreait.com\/fr\/wp-json\/wp\/v2\/types\/product"}],"wp:featuredmedia":[{"embeddable":true,"href":"https:\/\/boreait.com\/fr\/wp-json\/wp\/v2\/media\/12902"}],"wp:attachment":[{"href":"https:\/\/boreait.com\/fr\/wp-json\/wp\/v2\/media?parent=13390"}],"wp:term":[{"taxonomy":"product_brand","embeddable":true,"href":"https:\/\/boreait.com\/fr\/wp-json\/wp\/v2\/product_brand?post=13390"},{"taxonomy":"product_cat","embeddable":true,"href":"https:\/\/boreait.com\/fr\/wp-json\/wp\/v2\/product_cat?post=13390"},{"taxonomy":"product_tag","embeddable":true,"href":"https:\/\/boreait.com\/fr\/wp-json\/wp\/v2\/product_tag?post=13390"}],"curies":[{"name":"wp","href":"https:\/\/api.w.org\/{rel}","templated":true}]}}