{"id":13358,"date":"2025-09-15T16:37:12","date_gmt":"2025-09-15T14:37:12","guid":{"rendered":"https:\/\/boreait.com\/fr\/?post_type=product&#038;p=13358"},"modified":"2026-01-27T10:26:31","modified_gmt":"2026-01-27T09:26:31","slug":"modem-et-cable-hp-compaq-nc6320-authentiques-pieces-de-rechange-authentiques","status":"publish","type":"product","link":"https:\/\/boreait.com\/fr\/produit\/modem-et-cable-hp-compaq-nc6320-authentiques-pieces-de-rechange-authentiques\/","title":{"rendered":"Modem et c\u00e2ble HP Compaq NC6320 authentiques &#8211; Pi\u00e8ces de rechange authentiques"},"content":{"rendered":"<p>Am\u00e9liorez la connectivit\u00e9 de votre ordinateur portable HP Compaq NC6320 avec le modem et le c\u00e2ble d&rsquo;origine. Fabriqu\u00e9e avec pr\u00e9cision et fiabilit\u00e9, cette pi\u00e8ce de rechange authentique assure une compatibilit\u00e9 parfaite avec votre appareil.<\/p>\n<p>Principales caract\u00e9ristiques\u00a0:<\/p>\n<ul>\n<li>Pi\u00e8ce de rechange HP Compaq authentique\u00a0: Compatibilit\u00e9 et fiabilit\u00e9 garanties avec une pi\u00e8ce de rechange authentique.<\/li>\n<li>Installation facile\u00a0: Mettez \u00e0 niveau votre ordinateur portable sans effort, sans l&rsquo;aide d&rsquo;un professionnel.<\/li>\n<li>Connectivit\u00e9 am\u00e9lior\u00e9e\u00a0: Am\u00e9liorez les options de connectivit\u00e9 de votre appareil avec ce modem et ce c\u00e2ble d&rsquo;origine.<\/li>\n<li>Compatibilit\u00e9\u00a0: Con\u00e7u sp\u00e9cifiquement pour le HP Compaq NC6320, il garantit une compatibilit\u00e9 parfaite et une int\u00e9gration parfaite.<\/li>\n<\/ul>\n<p>Mettez \u00e0 niveau votre ordinateur portable HP Compaq NC6320 d\u00e8s aujourd&rsquo;hui avec le modem et le c\u00e2ble d&rsquo;origine\u00a0: un investissement judicieux pour une connectivit\u00e9 et des fonctionnalit\u00e9s am\u00e9lior\u00e9es. Achetez en toute confiance, sachant que vous investissez dans des pi\u00e8ces de rechange de qualit\u00e9 pour votre ordinateur portable. Pour toute question ou besoin d&rsquo;aide, n&rsquo;h\u00e9sitez pas \u00e0 nous contacter. Nous sommes l\u00e0 pour vous aider \u00e0 am\u00e9liorer votre exp\u00e9rience informatique.<\/p>\n","protected":false},"excerpt":{"rendered":"<p>Am\u00e9liorez la connectivit\u00e9 de votre HP Compaq NC6320 avec ce modem et ce c\u00e2ble d&rsquo;origine. Facile \u00e0 installer et compatible avec votre mod\u00e8le d&rsquo;ordinateur portable. Optimisez les fonctionnalit\u00e9s de votre appareil d\u00e8s aujourd&rsquo;hui\u00a0!<\/p>\n","protected":false},"featured_media":13433,"template":"","meta":[],"product_brand":[],"product_cat":[56],"product_tag":[61],"class_list":{"0":"post-13358","1":"product","2":"type-product","3":"status-publish","4":"has-post-thumbnail","6":"product_cat-cables","7":"product_tag-hp","9":"first","10":"instock","11":"taxable","12":"shipping-taxable","13":"purchasable","14":"product-type-simple"},"_links":{"self":[{"href":"https:\/\/boreait.com\/fr\/wp-json\/wp\/v2\/product\/13358","targetHints":{"allow":["GET"]}}],"collection":[{"href":"https:\/\/boreait.com\/fr\/wp-json\/wp\/v2\/product"}],"about":[{"href":"https:\/\/boreait.com\/fr\/wp-json\/wp\/v2\/types\/product"}],"wp:featuredmedia":[{"embeddable":true,"href":"https:\/\/boreait.com\/fr\/wp-json\/wp\/v2\/media\/13433"}],"wp:attachment":[{"href":"https:\/\/boreait.com\/fr\/wp-json\/wp\/v2\/media?parent=13358"}],"wp:term":[{"taxonomy":"product_brand","embeddable":true,"href":"https:\/\/boreait.com\/fr\/wp-json\/wp\/v2\/product_brand?post=13358"},{"taxonomy":"product_cat","embeddable":true,"href":"https:\/\/boreait.com\/fr\/wp-json\/wp\/v2\/product_cat?post=13358"},{"taxonomy":"product_tag","embeddable":true,"href":"https:\/\/boreait.com\/fr\/wp-json\/wp\/v2\/product_tag?post=13358"}],"curies":[{"name":"wp","href":"https:\/\/api.w.org\/{rel}","templated":true}]}}