{"id":13356,"date":"2025-09-15T16:37:12","date_gmt":"2025-09-15T14:37:12","guid":{"rendered":"https:\/\/boreait.com\/fr\/?post_type=product&#038;p=13356"},"modified":"2026-01-27T10:26:00","modified_gmt":"2026-01-27T09:26:00","slug":"carte-dalimentation-et-cable-dorigine-pour-ordinateur-portable-hp-compaq-nx6325-piece-de-rechange","status":"publish","type":"product","link":"https:\/\/boreait.com\/fr\/produit\/carte-dalimentation-et-cable-dorigine-pour-ordinateur-portable-hp-compaq-nx6325-piece-de-rechange\/","title":{"rendered":"Carte d&rsquo;alimentation et c\u00e2ble d&rsquo;origine pour ordinateur portable HP Compaq NX6325 &#8211; Pi\u00e8ce de rechange"},"content":{"rendered":"<p>Am\u00e9liorez les fonctionnalit\u00e9s et l&rsquo;ergonomie de votre ordinateur portable HP Compaq NX6325 avec la carte et le c\u00e2ble d&rsquo;alimentation d&rsquo;origine. Con\u00e7ue avec pr\u00e9cision et fiabilit\u00e9, cette pi\u00e8ce de rechange authentique garantit une compatibilit\u00e9 parfaite et une installation facile.<\/p>\n<p>Principales caract\u00e9ristiques\u00a0:<\/p>\n<ul>\n<li>Pi\u00e8ce de rechange HP d&rsquo;origine\u00a0: Compatibilit\u00e9 et fiabilit\u00e9 garanties avec une pi\u00e8ce de rechange authentique.<\/li>\n<li>Installation facile\u00a0: Am\u00e9liorez facilement les fonctionnalit\u00e9s de votre ordinateur portable gr\u00e2ce \u00e0 une installation simple, sans intervention professionnelle.<\/li>\n<li>Fonctionnalit\u00e9s am\u00e9lior\u00e9es\u00a0: Restaurez la fonctionnalit\u00e9 du bouton d&rsquo;alimentation de votre ordinateur portable HP Compaq NX6325 avec cette pi\u00e8ce de rechange fiable.<\/li>\n<li>Compatibilit\u00e9 parfaite\u00a0: Con\u00e7ue sp\u00e9cifiquement pour le mod\u00e8le HP Compaq NX6325, elle garantit un ajustement parfait et des performances optimales.<\/li>\n<\/ul>\n<p>Mettez \u00e0 niveau votre ordinateur portable HP Compaq NX6325 d\u00e8s aujourd&rsquo;hui avec la carte et le c\u00e2ble d&rsquo;alimentation d&rsquo;origine. Achetez en toute confiance, sachant que vous investissez dans une pi\u00e8ce de rechange de qualit\u00e9 pour votre ordinateur portable. Pour toute question ou besoin d&rsquo;aide, n&rsquo;h\u00e9sitez pas \u00e0 nous contacter. Nous sommes l\u00e0 pour vous aider \u00e0 am\u00e9liorer les fonctionnalit\u00e9s de votre appareil.<\/p>\n","protected":false},"excerpt":{"rendered":"<p>Am\u00e9liorez les fonctionnalit\u00e9s de votre ordinateur portable HP Compaq NX6325 avec cette carte et ce c\u00e2ble d&rsquo;alimentation d&rsquo;origine. Con\u00e7us pour une compatibilit\u00e9 optimale et une installation facile, ils vous permettent de mettre \u00e0 niveau votre ordinateur portable sans effort d\u00e8s aujourd&rsquo;hui\u00a0!<\/p>\n","protected":false},"featured_media":13429,"template":"","meta":[],"product_brand":[],"product_cat":[63],"product_tag":[61],"class_list":{"0":"post-13356","1":"product","2":"type-product","3":"status-publish","4":"has-post-thumbnail","6":"product_cat-motherboards-board-parts","7":"product_tag-hp","9":"first","10":"instock","11":"taxable","12":"shipping-taxable","13":"purchasable","14":"product-type-simple"},"_links":{"self":[{"href":"https:\/\/boreait.com\/fr\/wp-json\/wp\/v2\/product\/13356","targetHints":{"allow":["GET"]}}],"collection":[{"href":"https:\/\/boreait.com\/fr\/wp-json\/wp\/v2\/product"}],"about":[{"href":"https:\/\/boreait.com\/fr\/wp-json\/wp\/v2\/types\/product"}],"wp:featuredmedia":[{"embeddable":true,"href":"https:\/\/boreait.com\/fr\/wp-json\/wp\/v2\/media\/13429"}],"wp:attachment":[{"href":"https:\/\/boreait.com\/fr\/wp-json\/wp\/v2\/media?parent=13356"}],"wp:term":[{"taxonomy":"product_brand","embeddable":true,"href":"https:\/\/boreait.com\/fr\/wp-json\/wp\/v2\/product_brand?post=13356"},{"taxonomy":"product_cat","embeddable":true,"href":"https:\/\/boreait.com\/fr\/wp-json\/wp\/v2\/product_cat?post=13356"},{"taxonomy":"product_tag","embeddable":true,"href":"https:\/\/boreait.com\/fr\/wp-json\/wp\/v2\/product_tag?post=13356"}],"curies":[{"name":"wp","href":"https:\/\/api.w.org\/{rel}","templated":true}]}}