{"id":13353,"date":"2025-09-15T16:37:11","date_gmt":"2025-09-15T14:37:11","guid":{"rendered":"https:\/\/boreait.com\/fr\/?post_type=product&#038;p=13353"},"modified":"2025-09-15T16:38:38","modified_gmt":"2025-09-15T14:38:38","slug":"graveur-dvd-super-multi-dvdr-dl-hp-gt80n-dorigine-slimline-s05jhn-460510-800-657958-001","status":"publish","type":"product","link":"https:\/\/boreait.com\/fr\/produit\/graveur-dvd-super-multi-dvdr-dl-hp-gt80n-dorigine-slimline-s05jhn-460510-800-657958-001\/","title":{"rendered":"Graveur DVD Super Multi DVD+R DL HP GT80N d&rsquo;origine Slimline S05JHN 460510-800 657958-001"},"content":{"rendered":"<p>Am\u00e9liorez les fonctionnalit\u00e9s de votre ordinateur portable avec le graveur DVD Super Multi HP GT80N authentique. Con\u00e7u pour une compatibilit\u00e9 optimale et des performances fiables, ce lecteur DVD ultra-plat est la solution id\u00e9ale pour la lecture et la gravure de DVD.<\/p>\n<p>Principales caract\u00e9ristiques\u00a0:<\/p>\n<ul>\n<li>Pi\u00e8ce de rechange HP d&rsquo;origine\u00a0: Compatibilit\u00e9 et fiabilit\u00e9 garanties gr\u00e2ce \u00e0 une pi\u00e8ce de rechange authentique.<\/li>\n<li>Conception ultra-plate\u00a0: S&rsquo;int\u00e8gre parfaitement au profil fin de votre ordinateur portable pour une portabilit\u00e9 optimale.<\/li>\n<li>Prise en charge DVD+R DL\u00a0: Profitez de la commodit\u00e9 de la lecture et de la gravure de DVD double couche pour des options de stockage \u00e9tendues.<\/li>\n<li>Compatibilit\u00e9\u00a0: Compatible avec diff\u00e9rents mod\u00e8les d&rsquo;ordinateurs portables, il offre une polyvalence adapt\u00e9e \u00e0 vos besoins.<\/li>\n<\/ul>\n<p>Am\u00e9liorez les fonctionnalit\u00e9s de votre ordinateur portable\u00a0: B\u00e9n\u00e9ficiez de fonctionnalit\u00e9s am\u00e9lior\u00e9es avec le graveur DVD Super Multi HP GT80N authentique. Que vous ayez besoin de regarder des films, d&rsquo;installer des logiciels ou de sauvegarder des donn\u00e9es importantes, ce lecteur DVD offre des performances fiables pour tous vos besoins.<br \/>\nInstallation facile\u00a0: Con\u00e7u pour une installation facile, la mise \u00e0 niveau du lecteur DVD de votre ordinateur portable est simple et rapide. Remplacez simplement votre ancien lecteur par ce lecteur de remplacement HP d&rsquo;origine pour une int\u00e9gration fluide.<br \/>\nAssurance qualit\u00e9\u00a0: Soyez assur\u00e9 d&rsquo;investir dans une technologie HP authentique. Tous nos produits sont soumis \u00e0 des tests rigoureux pour garantir leur conformit\u00e9 aux normes de qualit\u00e9 les plus strictes. Chaque achat comprend des photos des pi\u00e8ces que vous recevrez.<br \/>\nMettez \u00e0 niveau votre ordinateur portable d\u00e8s aujourd&rsquo;hui avec le graveur DVD Super Multi HP GT80N\u00a0: un investissement judicieux pour des fonctionnalit\u00e9s et un confort accrus. Pour toute question ou besoin d&rsquo;aide, n&rsquo;h\u00e9sitez pas \u00e0 nous contacter. Nous sommes l\u00e0 pour vous aider \u00e0 tirer le meilleur parti de votre ordinateur portable.<\/p>\n","protected":false},"excerpt":{"rendered":"<p>Am\u00e9liorez les performances de votre ordinateur portable avec ce graveur DVD Super Multi HP GT80N d&rsquo;origine. Compatible avec de nombreux mod\u00e8les, ce lecteur DVD ultra-plat est id\u00e9al pour la lecture et la gravure de DVD. Am\u00e9liorez les fonctionnalit\u00e9s de votre appareil d\u00e8s aujourd&rsquo;hui\u00a0!<\/p>\n","protected":false},"featured_media":13424,"template":"","meta":[],"product_brand":[],"product_cat":[63],"product_tag":[61],"class_list":{"0":"post-13353","1":"product","2":"type-product","3":"status-publish","4":"has-post-thumbnail","6":"product_cat-motherboards-board-parts","7":"product_tag-hp","9":"first","10":"instock","11":"taxable","12":"shipping-taxable","13":"purchasable","14":"product-type-simple"},"_links":{"self":[{"href":"https:\/\/boreait.com\/fr\/wp-json\/wp\/v2\/product\/13353","targetHints":{"allow":["GET"]}}],"collection":[{"href":"https:\/\/boreait.com\/fr\/wp-json\/wp\/v2\/product"}],"about":[{"href":"https:\/\/boreait.com\/fr\/wp-json\/wp\/v2\/types\/product"}],"wp:featuredmedia":[{"embeddable":true,"href":"https:\/\/boreait.com\/fr\/wp-json\/wp\/v2\/media\/13424"}],"wp:attachment":[{"href":"https:\/\/boreait.com\/fr\/wp-json\/wp\/v2\/media?parent=13353"}],"wp:term":[{"taxonomy":"product_brand","embeddable":true,"href":"https:\/\/boreait.com\/fr\/wp-json\/wp\/v2\/product_brand?post=13353"},{"taxonomy":"product_cat","embeddable":true,"href":"https:\/\/boreait.com\/fr\/wp-json\/wp\/v2\/product_cat?post=13353"},{"taxonomy":"product_tag","embeddable":true,"href":"https:\/\/boreait.com\/fr\/wp-json\/wp\/v2\/product_tag?post=13353"}],"curies":[{"name":"wp","href":"https:\/\/api.w.org\/{rel}","templated":true}]}}