{"id":13299,"date":"2025-09-15T16:35:49","date_gmt":"2025-09-15T14:35:49","guid":{"rendered":"https:\/\/boreait.com\/fr\/?post_type=product&#038;p=13299"},"modified":"2025-09-15T16:37:18","modified_gmt":"2025-09-15T14:37:18","slug":"touches-individuelles-pour-clavier-dell-precision-5510-m5510-5520-5530-et-5540-retroeclairees","status":"publish","type":"product","link":"https:\/\/boreait.com\/fr\/produit\/touches-individuelles-pour-clavier-dell-precision-5510-m5510-5520-5530-et-5540-retroeclairees\/","title":{"rendered":"Touches individuelles pour clavier Dell Precision 5510, m5510, 5520, 5530 et 5540 &#8211; r\u00e9tro\u00e9clair\u00e9es"},"content":{"rendered":"<p><strong>VEUILLEZ CONSULTER LA PHOTO DE L&rsquo;ANNONCE POUR CONNA\u00ceTRE LES TOUCHES DISPONIBLES\u00a0! CHARNI\u00c8RES INCLUSES\u00a0!<\/strong><\/p>\n<p>Redonnez un nouveau souffle \u00e0 votre clavier Dell Precision 5510, m5510, 5520, 5530 ou 5540 gr\u00e2ce \u00e0 notre jeu de touches individuelles.<\/p>\n<p><strong>Caract\u00e9ristiques principales\u00a0:<\/strong><\/p>\n<p><strong>Mat\u00e9riau de haute qualit\u00e9\u00a0:<\/strong> Fabriqu\u00e9es \u00e0 partir de mat\u00e9riaux durables, ces touches offrent des performances durables, pr\u00e9servant la sensation tactile et la r\u00e9activit\u00e9 de votre clavier.<\/p>\n<p><strong>Remplacement facile\u00a0:<\/strong> Gr\u00e2ce \u00e0 leur conception \u00e0 encliquetage simple, le remplacement des touches individuelles de votre clavier Dell Precision est rapide et simple, vous permettant de pr\u00e9server la fonctionnalit\u00e9 et l&rsquo;apparence du clavier de votre ordinateur portable.<\/p>\n<p><strong>Polyvalence am\u00e9lior\u00e9e<\/strong>\u00a0: Que vous ayez besoin de remplacer des touches endommag\u00e9es ou de personnaliser la disposition de votre clavier, cet ensemble offre la flexibilit\u00e9 n\u00e9cessaire pour r\u00e9pondre \u00e0 vos besoins sp\u00e9cifiques.<\/p>\n<p>Am\u00e9liorez votre clavier Dell Precision en toute confiance\u00a0: commandez d\u00e8s aujourd&rsquo;hui votre jeu de touches individuelles avec disposition US LA, espagnol, suisse, fran\u00e7ais, nordique et ND aupr\u00e8s de Siggmo. Nous fournissons des photos r\u00e9elles des touches que vous recevrez, et notre engagement qualit\u00e9 garantit votre satisfaction \u00e0 chaque achat.<\/p>\n<p><strong>Remarque\u00a0:<\/strong> Bien que nous ne fournissions pas d&rsquo;instructions d&rsquo;installation d\u00e9taill\u00e9es, notre \u00e9quipe d&rsquo;assistance client est disponible pour r\u00e9pondre \u00e0 toutes vos questions. Faites confiance \u00e0 Siggmo pour des pi\u00e8ces d&rsquo;ordinateur portable de qualit\u00e9 et am\u00e9liorez les fonctionnalit\u00e9s de votre clavier Dell Precision.<\/p>\n","protected":false},"excerpt":{"rendered":"<p>Remplacez les touches individuelles de votre clavier Dell Precision 5510, m5510, 5520, 5530 ou 5540 par cet ensemble. Dot\u00e9es d&rsquo;une disposition ND (\u00c9tats-Unis, Los Angeles, Espagne, Suisse, Fran\u00e7ais, Nordique), ces touches garantissent compatibilit\u00e9 et simplicit\u00e9 d&rsquo;utilisation. Faites confiance \u00e0 Siggmo pour des pi\u00e8ces d\u00e9tach\u00e9es pour ordinateur portable de qualit\u00e9.<\/p>\n","protected":false},"featured_media":13359,"template":"","meta":[],"product_brand":[],"product_cat":[60],"product_tag":[53],"class_list":{"0":"post-13299","1":"product","2":"type-product","3":"status-publish","4":"has-post-thumbnail","6":"product_cat-individual-keyboard-keys","7":"product_tag-dell","9":"first","10":"instock","11":"taxable","12":"shipping-taxable","13":"purchasable","14":"product-type-simple"},"_links":{"self":[{"href":"https:\/\/boreait.com\/fr\/wp-json\/wp\/v2\/product\/13299","targetHints":{"allow":["GET"]}}],"collection":[{"href":"https:\/\/boreait.com\/fr\/wp-json\/wp\/v2\/product"}],"about":[{"href":"https:\/\/boreait.com\/fr\/wp-json\/wp\/v2\/types\/product"}],"wp:featuredmedia":[{"embeddable":true,"href":"https:\/\/boreait.com\/fr\/wp-json\/wp\/v2\/media\/13359"}],"wp:attachment":[{"href":"https:\/\/boreait.com\/fr\/wp-json\/wp\/v2\/media?parent=13299"}],"wp:term":[{"taxonomy":"product_brand","embeddable":true,"href":"https:\/\/boreait.com\/fr\/wp-json\/wp\/v2\/product_brand?post=13299"},{"taxonomy":"product_cat","embeddable":true,"href":"https:\/\/boreait.com\/fr\/wp-json\/wp\/v2\/product_cat?post=13299"},{"taxonomy":"product_tag","embeddable":true,"href":"https:\/\/boreait.com\/fr\/wp-json\/wp\/v2\/product_tag?post=13299"}],"curies":[{"name":"wp","href":"https:\/\/api.w.org\/{rel}","templated":true}]}}