{"id":13058,"date":"2025-09-15T16:29:55","date_gmt":"2025-09-15T14:29:55","guid":{"rendered":"https:\/\/boreait.com\/fr\/?post_type=product&#038;p=13058"},"modified":"2026-01-27T10:01:58","modified_gmt":"2026-01-27T09:01:58","slug":"carte-mere-intel-centrino-wireless-n-1030-11230bnhmw-bgn-bluetooth-pcie-oem-pieces-dorigine-pour-ordinateur-portable","status":"publish","type":"product","link":"https:\/\/boreait.com\/fr\/produit\/carte-mere-intel-centrino-wireless-n-1030-11230bnhmw-bgn-bluetooth-pcie-oem-pieces-dorigine-pour-ordinateur-portable\/","title":{"rendered":"Carte m\u00e8re Intel Centrino Wireless-N 1030 11230BNHMW bgn Bluetooth PCIe OEM &#8211; Pi\u00e8ces d&rsquo;origine pour ordinateur portable"},"content":{"rendered":"<p>B\u00e9n\u00e9ficiez d&rsquo;une connectivit\u00e9 sans fil am\u00e9lior\u00e9e avec la carte PCIe Intel Centrino Wireless-N 1030 11230BNHMW OEM. Con\u00e7ue pour offrir des fonctionnalit\u00e9s Wi-Fi et Bluetooth fiables, cette carte Intel authentique garantit une navigation Internet et un appairage fluides pour votre ordinateur portable.<\/p>\n<p><strong>Caract\u00e9ristiques principales\u00a0:<\/strong><\/p>\n<p><strong>Pi\u00e8ce de rechange Intel authentique\u00a0:<\/strong> Cette carte PCIe est une pi\u00e8ce de rechange Intel authentique, garantissant compatibilit\u00e9 et performances optimales.<\/p>\n<p><strong>Double connectivit\u00e9\u00a0:<\/strong> B\u00e9n\u00e9ficiez d&rsquo;une connectivit\u00e9 Wi-Fi (b\/g\/n) et Bluetooth fiable, pour naviguer sur Internet et appairer vos appareils sans effort.<\/p>\n<p><strong>Performances am\u00e9lior\u00e9es\u00a0:<\/strong> B\u00e9n\u00e9ficiez de connexions sans fil rapides et stables, que vous regardiez des vid\u00e9os HD en streaming, jouiez en ligne ou travailliez \u00e0 distance.<\/p>\n<p><strong>Installation Plug-and-Play<\/strong>\u00a0: Gr\u00e2ce \u00e0 son interface PCIe, l&rsquo;installation de la carte Intel Centrino Wireless-N 1030 est simple et rapide, connectant votre ordinateur portable en un rien de temps.<\/p>\n<p>Am\u00e9liorez les capacit\u00e9s sans fil de votre ordinateur portable en toute confiance\u00a0: Siggmo fournit des photos r\u00e9elles de la carte PCIe que vous recevrez. Notre engagement qualit\u00e9 garantit votre satisfaction \u00e0 chaque achat.<\/p>\n<p><strong>Remarque<\/strong>\u00a0: Bien que nous ne fournissions pas d&rsquo;instructions d&rsquo;installation d\u00e9taill\u00e9es, notre service client est disponible pour r\u00e9pondre \u00e0 toutes vos questions. Faites confiance \u00e0 Siggmo pour des pi\u00e8ces d\u00e9tach\u00e9es Intel d&rsquo;origine et am\u00e9liorez votre exp\u00e9rience sans fil d\u00e8s aujourd&rsquo;hui.<\/p>\n<p>Am\u00e9liorez la connectivit\u00e9 sans fil de votre ordinateur portable\u00a0: commandez d\u00e8s maintenant votre carte PCIe Intel Centrino Wireless-N 1030 11230BNHMW OEM. Siggmo\u00a0: votre fournisseur de pi\u00e8ces d\u00e9tach\u00e9es de qualit\u00e9 pour ordinateurs portables dans le monde entier.<\/p>\n","protected":false},"excerpt":{"rendered":"<p>Am\u00e9liorez la connectivit\u00e9 sans fil de votre ordinateur portable avec la carte PCIe Intel Centrino Wireless-N 1030 11230BNHMW OEM. Profitez de connexions Wi-Fi et Bluetooth fiables pour une navigation et un appairage fluides. Faites confiance \u00e0 Siggmo pour des pi\u00e8ces d\u00e9tach\u00e9es pour ordinateur portable de qualit\u00e9.<\/p>\n","protected":false},"featured_media":13126,"template":"","meta":[],"product_brand":[],"product_cat":[63],"product_tag":[],"class_list":{"0":"post-13058","1":"product","2":"type-product","3":"status-publish","4":"has-post-thumbnail","6":"product_cat-motherboards-board-parts","8":"first","9":"instock","10":"taxable","11":"shipping-taxable","12":"purchasable","13":"product-type-simple"},"_links":{"self":[{"href":"https:\/\/boreait.com\/fr\/wp-json\/wp\/v2\/product\/13058","targetHints":{"allow":["GET"]}}],"collection":[{"href":"https:\/\/boreait.com\/fr\/wp-json\/wp\/v2\/product"}],"about":[{"href":"https:\/\/boreait.com\/fr\/wp-json\/wp\/v2\/types\/product"}],"wp:featuredmedia":[{"embeddable":true,"href":"https:\/\/boreait.com\/fr\/wp-json\/wp\/v2\/media\/13126"}],"wp:attachment":[{"href":"https:\/\/boreait.com\/fr\/wp-json\/wp\/v2\/media?parent=13058"}],"wp:term":[{"taxonomy":"product_brand","embeddable":true,"href":"https:\/\/boreait.com\/fr\/wp-json\/wp\/v2\/product_brand?post=13058"},{"taxonomy":"product_cat","embeddable":true,"href":"https:\/\/boreait.com\/fr\/wp-json\/wp\/v2\/product_cat?post=13058"},{"taxonomy":"product_tag","embeddable":true,"href":"https:\/\/boreait.com\/fr\/wp-json\/wp\/v2\/product_tag?post=13058"}],"curies":[{"name":"wp","href":"https:\/\/api.w.org\/{rel}","templated":true}]}}