{"id":13023,"date":"2025-09-15T16:29:29","date_gmt":"2025-09-15T14:29:29","guid":{"rendered":"https:\/\/boreait.com\/fr\/?post_type=product&#038;p=13023"},"modified":"2026-01-27T09:25:27","modified_gmt":"2026-01-27T08:25:27","slug":"webcam-0y4twt-pour-dell-latitude-e5430-e5530-e6320-e6230-e6220-e6330-e6430","status":"publish","type":"product","link":"https:\/\/boreait.com\/fr\/produit\/webcam-0y4twt-pour-dell-latitude-e5430-e5530-e6320-e6230-e6220-e6330-e6430\/","title":{"rendered":"Webcam 0Y4TWT pour DELL Latitude E5430 E5530 E6320 E6230 E6220 E6330 E6430"},"content":{"rendered":"<p>Am\u00e9liorez l&rsquo;exp\u00e9rience de visioconf\u00e9rence de votre ordinateur portable DELL Latitude gr\u00e2ce \u00e0 la webcam d&rsquo;origine compatible avec les mod\u00e8les E5430, E5530, E6320, E6230, E6220, E6330 et E6430. Con\u00e7ue avec pr\u00e9cision et b\u00e9n\u00e9ficiant de la r\u00e9putation de qualit\u00e9 de DELL, cette webcam est con\u00e7ue pour offrir une qualit\u00e9 vid\u00e9o claire et nette lors de vos r\u00e9unions et conf\u00e9rences. R\u00e9f\u00e9rence Dell\u00a0: 0Y4TWT<\/p>\n<p>Principales caract\u00e9ristiques\u00a0:<\/p>\n<ul>\n<li>Pi\u00e8ce de rechange DELL authentique\u00a0: Compatibilit\u00e9 et fiabilit\u00e9 garanties gr\u00e2ce \u00e0 une webcam authentique.<\/li>\n<li>Qualit\u00e9 vid\u00e9o am\u00e9lior\u00e9e\u00a0: Profitez d&rsquo;une qualit\u00e9 vid\u00e9o claire et nette pour vos appels vid\u00e9o et vos conf\u00e9rences.<\/li>\n<li>Compatibilit\u00e9\u00a0: Con\u00e7u pour s&rsquo;int\u00e9grer parfaitement \u00e0 diff\u00e9rents mod\u00e8les DELL Latitude, notamment les mod\u00e8les E5430, E5530, E6320, E6230, E6220, E6330 et E6430.<\/li>\n<li>Installation facile\u00a0: Am\u00e9liorez facilement les fonctionnalit\u00e9s de votre ordinateur portable gr\u00e2ce \u00e0 une installation simple, sans intervention professionnelle.<\/li>\n<\/ul>\n<p>Veuillez noter que, bien que les instructions d&rsquo;installation d\u00e9taill\u00e9es ne soient pas fournies, n&rsquo;h\u00e9sitez pas \u00e0 nous contacter pour toute question ou besoin d&rsquo;aide. Les photos du produit pr\u00e9sent\u00e9es dans la fiche produit illustrent fid\u00e8lement le produit que vous recevrez, t\u00e9moignant de notre engagement envers la transparence et la satisfaction client. <\/p>\n<p>Am\u00e9liorez votre ordinateur portable DELL Latitude d\u00e8s aujourd&rsquo;hui avec la webcam d&rsquo;origine. Achetez en toute confiance, sachant que vous investissez dans une pi\u00e8ce de rechange de qualit\u00e9 pour votre ordinateur portable. Pour toute question ou besoin d&rsquo;aide, n&rsquo;h\u00e9sitez pas \u00e0 nous contacter. Nous sommes l\u00e0 pour vous aider \u00e0 am\u00e9liorer votre exp\u00e9rience de visioconf\u00e9rence.<\/p>\n","protected":false},"excerpt":{"rendered":"<p>Am\u00e9liorez les fonctionnalit\u00e9s de votre ordinateur portable DELL Latitude avec cette webcam d&rsquo;origine. Compatible avec diff\u00e9rents mod\u00e8les, notamment les mod\u00e8les E5430, E5530, E6320, E6230, E6220, E6330 et E6430, elle est id\u00e9ale pour les visioconf\u00e9rences. Achetez-la d\u00e8s maintenant\u00a0!<\/p>\n","protected":false},"featured_media":13081,"template":"","meta":[],"product_brand":[],"product_cat":[63],"product_tag":[53],"class_list":{"0":"post-13023","1":"product","2":"type-product","3":"status-publish","4":"has-post-thumbnail","6":"product_cat-motherboards-board-parts","7":"product_tag-dell","9":"first","10":"instock","11":"taxable","12":"shipping-taxable","13":"purchasable","14":"product-type-simple"},"_links":{"self":[{"href":"https:\/\/boreait.com\/fr\/wp-json\/wp\/v2\/product\/13023","targetHints":{"allow":["GET"]}}],"collection":[{"href":"https:\/\/boreait.com\/fr\/wp-json\/wp\/v2\/product"}],"about":[{"href":"https:\/\/boreait.com\/fr\/wp-json\/wp\/v2\/types\/product"}],"wp:featuredmedia":[{"embeddable":true,"href":"https:\/\/boreait.com\/fr\/wp-json\/wp\/v2\/media\/13081"}],"wp:attachment":[{"href":"https:\/\/boreait.com\/fr\/wp-json\/wp\/v2\/media?parent=13023"}],"wp:term":[{"taxonomy":"product_brand","embeddable":true,"href":"https:\/\/boreait.com\/fr\/wp-json\/wp\/v2\/product_brand?post=13023"},{"taxonomy":"product_cat","embeddable":true,"href":"https:\/\/boreait.com\/fr\/wp-json\/wp\/v2\/product_cat?post=13023"},{"taxonomy":"product_tag","embeddable":true,"href":"https:\/\/boreait.com\/fr\/wp-json\/wp\/v2\/product_tag?post=13023"}],"curies":[{"name":"wp","href":"https:\/\/api.w.org\/{rel}","templated":true}]}}