{"id":13005,"date":"2025-09-15T16:29:04","date_gmt":"2025-09-15T14:29:04","guid":{"rendered":"https:\/\/boreait.com\/fr\/?post_type=product&#038;p=13005"},"modified":"2026-01-27T09:24:28","modified_gmt":"2026-01-27T08:24:28","slug":"support-decran-dorigine-pour-dell-latitude-e5530-ec0m1000400-ec0m1000300","status":"publish","type":"product","link":"https:\/\/boreait.com\/fr\/produit\/support-decran-dorigine-pour-dell-latitude-e5530-ec0m1000400-ec0m1000300\/","title":{"rendered":"Support d&rsquo;\u00e9cran d&rsquo;origine pour Dell Latitude E5530 EC0M1000400 EC0M1000300"},"content":{"rendered":"<p>Am\u00e9liorez la durabilit\u00e9 et la stabilit\u00e9 de l&rsquo;\u00e9cran de votre ordinateur portable Dell Latitude E5530 gr\u00e2ce au support d&rsquo;\u00e9cran d&rsquo;origine, compatible avec les r\u00e9f\u00e9rences EC0M1000400 et EC0M1000300. Con\u00e7ue avec pr\u00e9cision et fiabilit\u00e9, cette pi\u00e8ce de rechange authentique garantit un maintien parfait de l&rsquo;\u00e9cran et une protection accrue contre les dommages.<\/p>\n<p>Principales caract\u00e9ristiques\u00a0:<\/p>\n<ul>\n<li>Pi\u00e8ce de rechange Dell d&rsquo;origine\u00a0: Compatibilit\u00e9 et fiabilit\u00e9 garanties gr\u00e2ce \u00e0 une pi\u00e8ce de rechange authentique.<\/li>\n<li>Installation facile\u00a0: Mettez \u00e0 niveau le support d&rsquo;\u00e9cran de votre ordinateur portable en toute simplicit\u00e9, sans intervention professionnelle.<\/li>\n<li>Durabilit\u00e9 accrue\u00a0: Prot\u00e9gez l&rsquo;\u00e9cran de votre ordinateur portable des dommages et assurez sa stabilit\u00e9 gr\u00e2ce \u00e0 ce support robuste.<\/li>\n<\/ul>\n<p>Am\u00e9liorez votre ordinateur portable Dell Latitude E5530 d\u00e8s aujourd&rsquo;hui avec le support d&rsquo;\u00e9cran d&rsquo;origine. Achetez en toute confiance, sachant que vous investissez dans une pi\u00e8ce de rechange de qualit\u00e9 pour votre ordinateur portable. Veuillez noter que, bien que les instructions d&rsquo;installation d\u00e9taill\u00e9es ne soient pas fournies, n&rsquo;h\u00e9sitez pas \u00e0 nous contacter si vous avez des questions ou besoin d&rsquo;aide. Les photos du produit pr\u00e9sent\u00e9es dans la fiche produit illustrent fid\u00e8lement ce que vous recevrez, t\u00e9moignant de notre engagement envers la transparence et la satisfaction client. Pour toute question ou assistance suppl\u00e9mentaire, n&rsquo;h\u00e9sitez pas \u00e0 nous contacter. Nous sommes l\u00e0 pour vous aider \u00e0 am\u00e9liorer la durabilit\u00e9 de votre appareil.<\/p>\n","protected":false},"excerpt":{"rendered":"<p>Am\u00e9liorez le support d&rsquo;\u00e9cran de votre Dell Latitude E5530 avec ce support d&rsquo;\u00e9cran d&rsquo;origine. Facile \u00e0 installer et compatible avec les r\u00e9f\u00e9rences EC0M1000400 et EC0M1000300. Optimisez la durabilit\u00e9 de votre ordinateur portable d\u00e8s aujourd&rsquo;hui.<\/p>\n","protected":false},"featured_media":13073,"template":"","meta":[],"product_brand":[],"product_cat":[52],"product_tag":[53],"class_list":{"0":"post-13005","1":"product","2":"type-product","3":"status-publish","4":"has-post-thumbnail","6":"product_cat-laptop-housing","7":"product_tag-dell","9":"first","10":"instock","11":"taxable","12":"shipping-taxable","13":"purchasable","14":"product-type-simple"},"_links":{"self":[{"href":"https:\/\/boreait.com\/fr\/wp-json\/wp\/v2\/product\/13005","targetHints":{"allow":["GET"]}}],"collection":[{"href":"https:\/\/boreait.com\/fr\/wp-json\/wp\/v2\/product"}],"about":[{"href":"https:\/\/boreait.com\/fr\/wp-json\/wp\/v2\/types\/product"}],"wp:featuredmedia":[{"embeddable":true,"href":"https:\/\/boreait.com\/fr\/wp-json\/wp\/v2\/media\/13073"}],"wp:attachment":[{"href":"https:\/\/boreait.com\/fr\/wp-json\/wp\/v2\/media?parent=13005"}],"wp:term":[{"taxonomy":"product_brand","embeddable":true,"href":"https:\/\/boreait.com\/fr\/wp-json\/wp\/v2\/product_brand?post=13005"},{"taxonomy":"product_cat","embeddable":true,"href":"https:\/\/boreait.com\/fr\/wp-json\/wp\/v2\/product_cat?post=13005"},{"taxonomy":"product_tag","embeddable":true,"href":"https:\/\/boreait.com\/fr\/wp-json\/wp\/v2\/product_tag?post=13005"}],"curies":[{"name":"wp","href":"https:\/\/api.w.org\/{rel}","templated":true}]}}