{"id":12971,"date":"2025-09-15T16:28:14","date_gmt":"2025-09-15T14:28:14","guid":{"rendered":"https:\/\/boreait.com\/fr\/?post_type=product&#038;p=12971"},"modified":"2026-01-27T09:22:09","modified_gmt":"2026-01-27T08:22:09","slug":"webcam-dell-latitude-e5430-e5530-e6320-e6230-e6220-e6330-e6430-piece-de-rechange-dorigine","status":"publish","type":"product","link":"https:\/\/boreait.com\/fr\/produit\/webcam-dell-latitude-e5430-e5530-e6320-e6230-e6220-e6330-e6430-piece-de-rechange-dorigine\/","title":{"rendered":"Webcam Dell Latitude E5430 E5530 E6320 E6230 E6220 E6330 E6430 &#8211; Pi\u00e8ce de rechange d&rsquo;origine"},"content":{"rendered":"<p>Am\u00e9liorez les performances de visioconf\u00e9rence de votre ordinateur portable Dell Latitude gr\u00e2ce \u00e0 la webcam de rechange d&rsquo;origine, compatible avec les mod\u00e8les E5430, E5530, E6320, E6230, E6220, E6330 et E6430. Con\u00e7ue avec pr\u00e9cision et fiabilit\u00e9, cette webcam de rechange authentique garantit des performances optimales pour tous vos besoins en visioconf\u00e9rence. <\/p>\n<p>Principales caract\u00e9ristiques\u00a0:<\/p>\n<ul>\n<li>Pi\u00e8ce de rechange Dell authentique\u00a0: Authenticit\u00e9 et compatibilit\u00e9 garanties, pour une tranquillit\u00e9 d&rsquo;esprit totale.<\/li>\n<li>Installation facile\u00a0: Mettez \u00e0 niveau votre ordinateur portable sans l&rsquo;aide d&rsquo;un professionnel.<\/li>\n<li>Performances fiables\u00a0: Profitez d&rsquo;appels vid\u00e9o clairs et nets gr\u00e2ce \u00e0 cette webcam haute qualit\u00e9.<\/li>\n<li>Compatibilit\u00e9\u00a0: Compatibilit\u00e9 polyvalente avec une gamme de mod\u00e8les Dell Latitude pour plus de commodit\u00e9.<\/li>\n<li>Livraison internationale\u00a0: Livraison rapide et s\u00e9curis\u00e9e disponible en Europe et dans le monde entier.<\/li>\n<\/ul>\n<p>Veuillez noter que, bien que les instructions d&rsquo;installation d\u00e9taill\u00e9es ne soient pas fournies, n&rsquo;h\u00e9sitez pas \u00e0 nous contacter pour toute question ou besoin d&rsquo;aide. Les photos du produit pr\u00e9sent\u00e9es dans la fiche produit illustrent fid\u00e8lement le produit que vous recevrez, t\u00e9moignant de notre engagement envers la transparence et la satisfaction client.<\/p>\n<p>Am\u00e9liorez votre ordinateur portable Dell Latitude d\u00e8s aujourd&rsquo;hui avec la webcam de rechange d&rsquo;origine. Achetez en toute confiance, sachant que vous investissez dans une pi\u00e8ce de rechange de qualit\u00e9. Pour toute question ou besoin d&rsquo;aide, n&rsquo;h\u00e9sitez pas \u00e0 nous contacter. Nous nous engageons \u00e0 vous aider \u00e0 optimiser le potentiel de votre ordinateur portable.<\/p>\n","protected":false},"excerpt":{"rendered":"<p>Am\u00e9liorez la webcam de votre ordinateur portable Dell Latitude avec cette cam\u00e9ra de remplacement d&rsquo;origine. Compatible avec les mod\u00e8les E5430, E5530, E6320, E6230, E6220, E6330 et E6430. Facile \u00e0 installer, elle garantit des performances fiables pour les appels vid\u00e9o.<\/p>\n","protected":false},"featured_media":13041,"template":"","meta":[],"product_brand":[],"product_cat":[63],"product_tag":[53],"class_list":{"0":"post-12971","1":"product","2":"type-product","3":"status-publish","4":"has-post-thumbnail","6":"product_cat-motherboards-board-parts","7":"product_tag-dell","9":"first","10":"instock","11":"taxable","12":"shipping-taxable","13":"purchasable","14":"product-type-simple"},"_links":{"self":[{"href":"https:\/\/boreait.com\/fr\/wp-json\/wp\/v2\/product\/12971","targetHints":{"allow":["GET"]}}],"collection":[{"href":"https:\/\/boreait.com\/fr\/wp-json\/wp\/v2\/product"}],"about":[{"href":"https:\/\/boreait.com\/fr\/wp-json\/wp\/v2\/types\/product"}],"wp:featuredmedia":[{"embeddable":true,"href":"https:\/\/boreait.com\/fr\/wp-json\/wp\/v2\/media\/13041"}],"wp:attachment":[{"href":"https:\/\/boreait.com\/fr\/wp-json\/wp\/v2\/media?parent=12971"}],"wp:term":[{"taxonomy":"product_brand","embeddable":true,"href":"https:\/\/boreait.com\/fr\/wp-json\/wp\/v2\/product_brand?post=12971"},{"taxonomy":"product_cat","embeddable":true,"href":"https:\/\/boreait.com\/fr\/wp-json\/wp\/v2\/product_cat?post=12971"},{"taxonomy":"product_tag","embeddable":true,"href":"https:\/\/boreait.com\/fr\/wp-json\/wp\/v2\/product_tag?post=12971"}],"curies":[{"name":"wp","href":"https:\/\/api.w.org\/{rel}","templated":true}]}}