{"id":12925,"date":"2025-09-15T16:27:22","date_gmt":"2025-09-15T14:27:22","guid":{"rendered":"https:\/\/boreait.com\/fr\/?post_type=product&#038;p=12925"},"modified":"2026-01-27T09:19:07","modified_gmt":"2026-01-27T08:19:07","slug":"carte-mere-intel-dual-band-wireless-ac-8265ngw-bluetooth-ngff-pn-851594-001-01ax704-pour-ordinateur-portable","status":"publish","type":"product","link":"https:\/\/boreait.com\/fr\/produit\/carte-mere-intel-dual-band-wireless-ac-8265ngw-bluetooth-ngff-pn-851594-001-01ax704-pour-ordinateur-portable\/","title":{"rendered":"Carte m\u00e8re Intel Dual Band Wireless-AC 8265NGW Bluetooth NGFF PN 851594-001 01AX704 pour ordinateur portable"},"content":{"rendered":"<p>Am\u00e9liorez les capacit\u00e9s sans fil de votre ordinateur portable avec la carte Intel Dual Band Wireless-AC 8265NGW Bluetooth NGFF. Cette carte d&rsquo;origine (r\u00e9f\u00e9rence 851594-001 01AX704) offre une connectivit\u00e9 sans fil haut d\u00e9bit et une compatibilit\u00e9 Bluetooth, pour une int\u00e9gration fluide avec vos appareils. <\/p>\n<p><strong>Caract\u00e9ristiques du produit\u00a0:<\/strong><\/p>\n<ul>\n<li><strong>Sans fil haut d\u00e9bit\u00a0:<\/strong> B\u00e9n\u00e9ficiez d&rsquo;une connexion Internet sans fil ultra-rapide gr\u00e2ce \u00e0 la carte Intel Dual Band Wireless-AC 8265NGW.<\/li>\n<li><strong>Connectivit\u00e9 Bluetooth\u00a0:<\/strong> Connectez facilement vos appareils Bluetooth, notamment vos casques, enceintes et souris.<\/li>\n<li><strong>Installation facile\u00a0:<\/strong> Installez la carte NGFF dans l&#8217;emplacement compatible de votre ordinateur portable pour une connexion sans fil et Bluetooth instantan\u00e9e.<\/li>\n<li><strong>Livraison internationale\u00a0:<\/strong> Disponible pour une livraison dans le monde entier, garantissant aux clients d&rsquo;Europe et d&rsquo;ailleurs une connectivit\u00e9 sans fil am\u00e9lior\u00e9e.<\/li>\n<li><strong>Produit authentique\u00a0:<\/strong> Les images fournies sont authentiques et vous offrent une repr\u00e9sentation claire du produit que vous recevrez.<\/li>\n<\/ul>\n<p><strong>Remarque aux acheteurs\u00a0:<\/strong> Bien que les instructions d&rsquo;installation d\u00e9taill\u00e9es ne soient pas incluses, nous sommes l\u00e0 pour vous aider. Nous r\u00e9pondons \u00e0 toutes vos questions et pr\u00e9occupations. N&rsquo;h\u00e9sitez pas \u00e0 nous contacter pour obtenir de l&rsquo;aide tout au long du processus d&rsquo;installation.<\/p>\n<p>Am\u00e9liorez les capacit\u00e9s sans fil de votre ordinateur portable d\u00e8s aujourd&rsquo;hui avec la carte Intel Dual Band Wireless-AC 8265NGW Bluetooth NGFF. Commandez d\u00e8s maintenant et profitez d&rsquo;une connectivit\u00e9 sans fil rapide, fiable et fluide pour votre appareil. Votre satisfaction est notre priorit\u00e9.<\/p>\n","protected":false},"excerpt":{"rendered":"<p>Am\u00e9liorez la connectivit\u00e9 sans fil de votre ordinateur portable avec la carte Intel Dual Band Wireless-AC 8265NGW Bluetooth NGFF. R\u00e9f\u00e9rence d&rsquo;origine\u00a0: 851594-001 01AX704, cette carte garantit des performances sans fil rapides et fiables pour votre appareil.<\/p>\n","protected":false},"featured_media":12994,"template":"","meta":[],"product_brand":[],"product_cat":[63],"product_tag":[],"class_list":{"0":"post-12925","1":"product","2":"type-product","3":"status-publish","4":"has-post-thumbnail","6":"product_cat-motherboards-board-parts","8":"first","9":"instock","10":"taxable","11":"shipping-taxable","12":"purchasable","13":"product-type-simple"},"_links":{"self":[{"href":"https:\/\/boreait.com\/fr\/wp-json\/wp\/v2\/product\/12925","targetHints":{"allow":["GET"]}}],"collection":[{"href":"https:\/\/boreait.com\/fr\/wp-json\/wp\/v2\/product"}],"about":[{"href":"https:\/\/boreait.com\/fr\/wp-json\/wp\/v2\/types\/product"}],"wp:featuredmedia":[{"embeddable":true,"href":"https:\/\/boreait.com\/fr\/wp-json\/wp\/v2\/media\/12994"}],"wp:attachment":[{"href":"https:\/\/boreait.com\/fr\/wp-json\/wp\/v2\/media?parent=12925"}],"wp:term":[{"taxonomy":"product_brand","embeddable":true,"href":"https:\/\/boreait.com\/fr\/wp-json\/wp\/v2\/product_brand?post=12925"},{"taxonomy":"product_cat","embeddable":true,"href":"https:\/\/boreait.com\/fr\/wp-json\/wp\/v2\/product_cat?post=12925"},{"taxonomy":"product_tag","embeddable":true,"href":"https:\/\/boreait.com\/fr\/wp-json\/wp\/v2\/product_tag?post=12925"}],"curies":[{"name":"wp","href":"https:\/\/api.w.org\/{rel}","templated":true}]}}