{"id":12857,"date":"2025-09-15T16:25:39","date_gmt":"2025-09-15T14:25:39","guid":{"rendered":"https:\/\/boreait.com\/fr\/?post_type=product&#038;p=12857"},"modified":"2025-09-15T16:27:16","modified_gmt":"2025-09-15T14:27:16","slug":"caches-de-charnieres-gauche-et-droite-dorigine-pour-dell-latitude-e7250-07xp3d-09dmm4-pieces-detachees-pour-ordinateur-portable","status":"publish","type":"product","link":"https:\/\/boreait.com\/fr\/produit\/caches-de-charnieres-gauche-et-droite-dorigine-pour-dell-latitude-e7250-07xp3d-09dmm4-pieces-detachees-pour-ordinateur-portable\/","title":{"rendered":"Caches de charni\u00e8res gauche et droite d&rsquo;origine pour Dell Latitude E7250 (07XP3D, 09DMM4) &#8211; Pi\u00e8ces d\u00e9tach\u00e9es pour ordinateur portable"},"content":{"rendered":"<div class=\"flex-1 overflow-hidden\">\n<div class=\"react-scroll-to-bottom--css-eeydf-79elbk h-full\">\n<div class=\"react-scroll-to-bottom--css-eeydf-1n7m0yu\">\n<div class=\"flex flex-col text-sm pb-9\">\n<div class=\"w-full text-token-text-primary\" data-testid=\"conversation-turn-9\">\n<div class=\"px-4 py-2 justify-center text-base md:gap-6 m-auto\">\n<div class=\"flex flex-1 text-base mx-auto gap-3 md:px-5 lg:px-1 xl:px-5 md:max-w-3xl lg:max-w-[40rem] xl:max-w-[48rem] group final-completion\">\n<div class=\"relative flex w-full flex-col agent-turn\">\n<div class=\"flex-col gap-1 md:gap-3\">\n<div class=\"flex flex-grow flex-col max-w-full\">\n<div class=\"min-h-[20px] text-message flex flex-col items-start gap-3 whitespace-pre-wrap break-words [.text-message+&amp;]:mt-5 overflow-x-auto\" data-message-author-role=\"assistant\" data-message-id=\"548ff5a1-8c52-477f-91f8-b1e924516071\">\n<div class=\"markdown prose w-full break-words dark:prose-invert dark\">\n<p>Mettez \u00e0 niveau votre ordinateur portable Dell Latitude E7250 avec nos disques durs gauche et droit authentiques. Ensemble de caches de charni\u00e8res droites, comprenant les pi\u00e8ces 07XP3D et 09DMM4. Con\u00e7us pour \u00eatre compatibles et durables, ces caches de charni\u00e8res constituent la solution id\u00e9ale pour remplacer les composants us\u00e9s ou endommag\u00e9s. <\/p>\n<p><strong>Caract\u00e9ristiques principales\u00a0:<\/strong><\/p>\n<ul>\n<li>Pi\u00e8ces Dell authentiques\u00a0: Ayez l&rsquo;esprit tranquille, vous utilisez des composants Dell authentiques pour un ajustement fiable et s\u00e9curis\u00e9.<\/li>\n<li>Compatibilit\u00e9\u00a0: Sp\u00e9cialement con\u00e7u pour les ordinateurs portables Dell Latitude E7250, garantissant une compatibilit\u00e9 parfaite.<\/li>\n<li>Installation facile\u00a0: Remplacez vos anciens caches de charni\u00e8res sans effort, pour un look neuf et fonctionnel \u00e0 votre ordinateur portable.<\/li>\n<li>Assurance qualit\u00e9\u00a0: Des tests et un contr\u00f4le qualit\u00e9 rigoureux garantissent performance et long\u00e9vit\u00e9.<\/li>\n<\/ul>\n<p><strong>Compatibilit\u00e9\u00a0:<\/strong><\/p>\n<ul>\n<li>Dell Latitude E7250<\/li>\n<\/ul>\n<p><strong>Contenu de l&#8217;emballage\u00a0:<\/strong><\/p>\n<ul>\n<li>1 cache de charni\u00e8re gauche (07XP3D)\n<li>1 cache de charni\u00e8re droite (09DMM4)<\/li>\n<\/ul>\n<p>Am\u00e9liorez l&rsquo;esth\u00e9tique et les fonctionnalit\u00e9s de votre ordinateur portable avec notre ensemble de caches de charni\u00e8re gauche et droite d&rsquo;origine pour Dell Latitude E7250. D\u00e9couvrez la fiabilit\u00e9 des pi\u00e8ces Dell authentiques pour votre ordinateur portable. Veuillez noter que les instructions d&rsquo;installation ne sont pas fournies, mais n&rsquo;h\u00e9sitez pas \u00e0 nous contacter pour toute question ou besoin d&rsquo;aide. <\/p>\n<p><em>Remarque\u00a0: Les photos des produits pr\u00e9sent\u00e9es dans la liste sont des images authentiques des pi\u00e8ces que vous recevrez, offrant une repr\u00e9sentation transparente et pr\u00e9cise de nos composants de haute qualit\u00e9.<\/em><\/p>\n<\/div>\n<\/div>\n<\/div>\n<div class=\"mt-1 flex justify-start gap-3 empty:hidden\">\n<div class=\"text-gray-400 flex self-end lg:self-center justify-center lg:justify-start mt-0 -ml-1 h-7 visible\">\n<div class=\"flex items-center gap-1.5 text-xs\"><\/div>\n<div class=\"flex\"><\/div>\n<\/div>\n<\/div>\n<div class=\"pr-2 lg:pr-0\"><\/div>\n<\/div>\n<\/div>\n<\/div>\n<\/div>\n<\/div>\n<\/div>\n<\/div>\n<\/div>\n<\/div>\n<\/div>\n<div class=\"w-full pt-2 md:pt-0 dark:border-white\/20 md:border-transparent md:dark:border-transparent md:w-[calc(100%-.5rem)]\">\n<div class=\"relative flex h-full flex-1 flex-col\">\n<div class=\"flex w-full items-center\"><\/div>\n<\/div>\n<\/div>\n","protected":false},"excerpt":{"rendered":"<p>Am\u00e9liorez les fonctionnalit\u00e9s de votre ordinateur portable Dell Latitude E7250 gr\u00e2ce \u00e0 notre ensemble de caches de charni\u00e8res gauche et droite d&rsquo;origine. Fabriqu\u00e9es avec pr\u00e9cision, ces pi\u00e8ces authentiques (r\u00e9f\u00e9rences 07XP3D et 09DMM4) s&rsquo;adaptent parfaitement \u00e0 votre appareil. Faites confiance \u00e0 la qualit\u00e9 des composants Dell d&rsquo;origine pour des performances optimales.<\/p>\n","protected":false},"featured_media":12919,"template":"","meta":[],"product_brand":[],"product_cat":[52],"product_tag":[53],"class_list":{"0":"post-12857","1":"product","2":"type-product","3":"status-publish","4":"has-post-thumbnail","6":"product_cat-laptop-housing","7":"product_tag-dell","9":"first","10":"instock","11":"taxable","12":"shipping-taxable","13":"purchasable","14":"product-type-simple"},"_links":{"self":[{"href":"https:\/\/boreait.com\/fr\/wp-json\/wp\/v2\/product\/12857","targetHints":{"allow":["GET"]}}],"collection":[{"href":"https:\/\/boreait.com\/fr\/wp-json\/wp\/v2\/product"}],"about":[{"href":"https:\/\/boreait.com\/fr\/wp-json\/wp\/v2\/types\/product"}],"wp:featuredmedia":[{"embeddable":true,"href":"https:\/\/boreait.com\/fr\/wp-json\/wp\/v2\/media\/12919"}],"wp:attachment":[{"href":"https:\/\/boreait.com\/fr\/wp-json\/wp\/v2\/media?parent=12857"}],"wp:term":[{"taxonomy":"product_brand","embeddable":true,"href":"https:\/\/boreait.com\/fr\/wp-json\/wp\/v2\/product_brand?post=12857"},{"taxonomy":"product_cat","embeddable":true,"href":"https:\/\/boreait.com\/fr\/wp-json\/wp\/v2\/product_cat?post=12857"},{"taxonomy":"product_tag","embeddable":true,"href":"https:\/\/boreait.com\/fr\/wp-json\/wp\/v2\/product_tag?post=12857"}],"curies":[{"name":"wp","href":"https:\/\/api.w.org\/{rel}","templated":true}]}}