{"id":12840,"date":"2025-09-15T16:25:13","date_gmt":"2025-09-15T14:25:13","guid":{"rendered":"https:\/\/boreait.com\/fr\/?post_type=product&#038;p=12840"},"modified":"2026-01-14T12:47:10","modified_gmt":"2026-01-14T11:47:10","slug":"ecran-ips-fhd-17-pour-ordinateur-portable-nv173fhm-n49-v8-0-compatible-avec-les-modeles-msi-asus-et-acer-30-broches","status":"publish","type":"product","link":"https:\/\/boreait.com\/fr\/produit\/ecran-ips-fhd-17-pour-ordinateur-portable-nv173fhm-n49-v8-0-compatible-avec-les-modeles-msi-asus-et-acer-30-broches\/","title":{"rendered":"\u00c9cran IPS FHD 17&Prime; pour ordinateur portable NV173FHM-N49 v8.0 | Compatible avec les mod\u00e8les MSI, Asus et Acer | 30 broches"},"content":{"rendered":"<p>Mod\u00e8le actuel\u00a0: NV173FHM-N49 v8.0 \/ NV173FHM-N4L \/ N173HCE-E3C<\/p>\n<p>D\u00e9couvrez une qualit\u00e9 visuelle in\u00e9gal\u00e9e avec le NV173FHM-N49 v8.0, un \u00e9cran de remplacement haut de gamme con\u00e7u pour redonner vie \u00e0 l&rsquo;\u00e9cran de votre ordinateur portable ou lui donner une nouvelle dimension. Cet \u00e9cran IPS de 17 pouces offre une r\u00e9solution Full HD (1920 x 1080), garantissant une nettet\u00e9 des d\u00e9tails et des couleurs \u00e9clatantes. Que vous jouiez, diffusiez du contenu en streaming ou travailliez, le NV173FHM-N49 v8.0 offre une exp\u00e9rience visuelle immersive in\u00e9gal\u00e9e.<\/p>\n<p>Con\u00e7u pour sa polyvalence, le NV173FHM-N49 v8.0 est compatible avec de nombreux ordinateurs portables, notamment les mod\u00e8les MSI, Asus et Acer. Sa compatibilit\u00e9 couvre des mod\u00e8les populaires tels que le MSI GL75 9SC\/9SCK (MS-17E4), l&rsquo;Asus TUF FX705DD\/DY, l&rsquo;Asus VivoBook S17 S712JA et l&rsquo;Acer Nitro 5 AN517-41, garantissant une adaptation parfaite \u00e0 une grande vari\u00e9t\u00e9 de besoins et de pr\u00e9f\u00e9rences.<\/p>\n<p>Dot\u00e9 d&rsquo;un connecteur 30 broches pour une connectivit\u00e9 simplifi\u00e9e et fourni avec deux bandes adh\u00e9sives, l&rsquo;installation est simple et vous permet d&rsquo;am\u00e9liorer rapidement l&rsquo;\u00e9cran de votre ordinateur portable sans avoir besoin de supports. Cela simplifie non seulement le processus de mise \u00e0 niveau, mais pr\u00e9serve \u00e9galement l&rsquo;esth\u00e9tique \u00e9l\u00e9gante de votre appareil.<\/p>\n<p>Avec l&rsquo;\u00e9cran NV173FHM-N49 v8.0, vous n&rsquo;achetez pas seulement un \u00e9cran\u00a0; vous investissez dans une exp\u00e9rience visuelle sup\u00e9rieure qui donne vie \u00e0 votre contenu. De la pr\u00e9cision de sa r\u00e9solution Full HD aux couleurs \u00e9clatantes et aux grands angles de vision de sa technologie IPS, cet \u00e9cran est le choix id\u00e9al pour quiconque souhaite am\u00e9liorer l&rsquo;affichage de son ordinateur portable. Transformez votre ordinateur portable avec le NV173FHM-N49 v8.0 et voyez la diff\u00e9rence dans chaque pixel.<\/p>\n","protected":false},"excerpt":{"rendered":"<p>D\u00e9couvrez l&rsquo;\u00e9cran NV173FHM-N49 v8.0\u00a0: la solution id\u00e9ale pour remplacer et mettre \u00e0 niveau votre \u00e9cran. Compatible avec une large gamme d&rsquo;ordinateurs portables, dont certains mod\u00e8les MSI, Asus, Acer et bien d&rsquo;autres, cet \u00e9cran IPS de 17 pouces offre une qualit\u00e9 d&rsquo;image Full HD (1920 x 1080) exceptionnelle sans support pour une int\u00e9gration parfaite. Dot\u00e9 d&rsquo;un connecteur 30 broches et de deux bandes adh\u00e9sives pour une installation facile, il est id\u00e9al pour les ordinateurs portables tels que le MSI GL75, l&rsquo;Asus TUF FX705, l&rsquo;Acer Aspire et bien d&rsquo;autres. Am\u00e9liorez votre exp\u00e9rience visuelle avec des images d&rsquo;une nettet\u00e9 exceptionnelle et des couleurs \u00e9clatantes d\u00e8s aujourd&rsquo;hui.<\/p>\n","protected":false},"featured_media":12902,"template":"","meta":[],"product_brand":[],"product_cat":[96,95],"product_tag":[82],"class_list":{"0":"post-12840","1":"product","2":"type-product","3":"status-publish","4":"has-post-thumbnail","6":"product_cat-17-3","7":"product_cat-new-laptop-screens-lcd-panels","8":"product_tag-msi","10":"first","11":"instock","12":"taxable","13":"shipping-taxable","14":"purchasable","15":"product-type-simple"},"_links":{"self":[{"href":"https:\/\/boreait.com\/fr\/wp-json\/wp\/v2\/product\/12840","targetHints":{"allow":["GET"]}}],"collection":[{"href":"https:\/\/boreait.com\/fr\/wp-json\/wp\/v2\/product"}],"about":[{"href":"https:\/\/boreait.com\/fr\/wp-json\/wp\/v2\/types\/product"}],"wp:featuredmedia":[{"embeddable":true,"href":"https:\/\/boreait.com\/fr\/wp-json\/wp\/v2\/media\/12902"}],"wp:attachment":[{"href":"https:\/\/boreait.com\/fr\/wp-json\/wp\/v2\/media?parent=12840"}],"wp:term":[{"taxonomy":"product_brand","embeddable":true,"href":"https:\/\/boreait.com\/fr\/wp-json\/wp\/v2\/product_brand?post=12840"},{"taxonomy":"product_cat","embeddable":true,"href":"https:\/\/boreait.com\/fr\/wp-json\/wp\/v2\/product_cat?post=12840"},{"taxonomy":"product_tag","embeddable":true,"href":"https:\/\/boreait.com\/fr\/wp-json\/wp\/v2\/product_tag?post=12840"}],"curies":[{"name":"wp","href":"https:\/\/api.w.org\/{rel}","templated":true}]}}