{"id":12783,"date":"2025-09-15T16:23:27","date_gmt":"2025-09-15T14:23:27","guid":{"rendered":"https:\/\/boreait.com\/fr\/?post_type=product&#038;p=12783"},"modified":"2026-01-19T18:52:48","modified_gmt":"2026-01-19T17:52:48","slug":"carte-audio-usb-dorigine-pour-ordinateur-portable-lenovo-z710-69n0b5b20a01","status":"publish","type":"product","link":"https:\/\/boreait.com\/fr\/produit\/carte-audio-usb-dorigine-pour-ordinateur-portable-lenovo-z710-69n0b5b20a01\/","title":{"rendered":"Carte audio USB d&rsquo;origine pour ordinateur portable Lenovo Z710 &#8211; 69N0B5B20A01"},"content":{"rendered":"<ul>\n<li>Transformez votre Lenovo Z710 avec notre carte audio USB d&rsquo;origine pour ordinateur portable, sp\u00e9cialement con\u00e7ue pour les passionn\u00e9s d&rsquo;audio et ceux qui recherchent une connectivit\u00e9 USB fiable. Con\u00e7ue avec pr\u00e9cision, cette carte assure une int\u00e9gration parfaite \u00e0 votre ordinateur portable, offrant non seulement un son cristallin, mais aussi une solution durable pour vos besoins audio. R\u00e9f\u00e9rence Lenovo\u00a0: 69N0B5B20A01.\n<\/ul>\n<p><strong>Caract\u00e9ristiques principales\u00a0:<\/strong><\/p>\n<ul>\n<li><strong>Compatibilit\u00e9\u00a0:<\/strong> Con\u00e7u sp\u00e9cifiquement pour les ordinateurs portables Lenovo Z710, il garantit un ajustement parfait.\n<li><strong>Qualit\u00e9 audio am\u00e9lior\u00e9e\u00a0:<\/strong> B\u00e9n\u00e9ficiez de performances sonores sup\u00e9rieures gr\u00e2ce \u00e0 cette carte audio USB.\n<li><strong>Connectivit\u00e9 fluide\u00a0:<\/strong> Connectez vos appareils audio en USB en toute simplicit\u00e9.\n<li><strong>Pi\u00e8ce de rechange d&rsquo;origine\u00a0:<\/strong> Pi\u00e8ce d&rsquo;origine pour un ajustement pr\u00e9cis et fiable.\n<li><strong>Installation facile\u00a0:<\/strong> Remplacez votre carte actuelle sans effort\u00a0; aucune instruction compliqu\u00e9e n&rsquo;est fournie. N&rsquo;h\u00e9sitez pas \u00e0 nous contacter si vous avez besoin d&rsquo;aide.\n<\/ul>\n<p>Mettez \u00e0 niveau votre Lenovo Z710 d\u00e8s maintenant et red\u00e9couvrez le plaisir d&rsquo;un son immersif. Cette carte est soigneusement inspect\u00e9e et test\u00e9e pour r\u00e9pondre aux normes les plus strictes, garantissant votre enti\u00e8re satisfaction. Les photos du produit pr\u00e9sent\u00e9es dans la fiche produit illustrent parfaitement ce que vous recevrez\u00a0: une carte audio USB haut de gamme pour votre ordinateur portable.<\/p>\n","protected":false},"excerpt":{"rendered":"<p>Am\u00e9liorez l&rsquo;exp\u00e9rience audio de votre Lenovo Z710 gr\u00e2ce \u00e0 notre carte audio USB d&rsquo;origine pour ordinateur portable. Remplacez votre carte actuelle par ce composant de haute qualit\u00e9 pour une qualit\u00e9 sonore am\u00e9lior\u00e9e et une connectivit\u00e9 USB fluide. Id\u00e9al pour ceux qui recherchent un son cristallin.<\/p>\n","protected":false},"featured_media":12847,"template":"","meta":[],"product_brand":[],"product_cat":[63],"product_tag":[62],"class_list":{"0":"post-12783","1":"product","2":"type-product","3":"status-publish","4":"has-post-thumbnail","6":"product_cat-motherboards-board-parts","7":"product_tag-lenovo","9":"first","10":"instock","11":"taxable","12":"shipping-taxable","13":"purchasable","14":"product-type-simple"},"_links":{"self":[{"href":"https:\/\/boreait.com\/fr\/wp-json\/wp\/v2\/product\/12783","targetHints":{"allow":["GET"]}}],"collection":[{"href":"https:\/\/boreait.com\/fr\/wp-json\/wp\/v2\/product"}],"about":[{"href":"https:\/\/boreait.com\/fr\/wp-json\/wp\/v2\/types\/product"}],"wp:featuredmedia":[{"embeddable":true,"href":"https:\/\/boreait.com\/fr\/wp-json\/wp\/v2\/media\/12847"}],"wp:attachment":[{"href":"https:\/\/boreait.com\/fr\/wp-json\/wp\/v2\/media?parent=12783"}],"wp:term":[{"taxonomy":"product_brand","embeddable":true,"href":"https:\/\/boreait.com\/fr\/wp-json\/wp\/v2\/product_brand?post=12783"},{"taxonomy":"product_cat","embeddable":true,"href":"https:\/\/boreait.com\/fr\/wp-json\/wp\/v2\/product_cat?post=12783"},{"taxonomy":"product_tag","embeddable":true,"href":"https:\/\/boreait.com\/fr\/wp-json\/wp\/v2\/product_tag?post=12783"}],"curies":[{"name":"wp","href":"https:\/\/api.w.org\/{rel}","templated":true}]}}