{"id":12782,"date":"2025-09-15T16:23:27","date_gmt":"2025-09-15T14:23:27","guid":{"rendered":"https:\/\/boreait.com\/fr\/?post_type=product&#038;p=12782"},"modified":"2026-01-19T18:52:31","modified_gmt":"2026-01-19T17:52:31","slug":"carte-de-lecteur-optique-dumbod2-pour-ordinateur-portable-lenovo-z710-dorigine-circuit-de-lecteur-optique-de-remplacement","status":"publish","type":"product","link":"https:\/\/boreait.com\/fr\/produit\/carte-de-lecteur-optique-dumbod2-pour-ordinateur-portable-lenovo-z710-dorigine-circuit-de-lecteur-optique-de-remplacement\/","title":{"rendered":"Carte de lecteur optique DUMBOD2 pour ordinateur portable Lenovo Z710 d&rsquo;origine &#8211; Circuit de lecteur optique de remplacement"},"content":{"rendered":"<ul>\n<li>Am\u00e9liorez les fonctionnalit\u00e9s de votre ordinateur portable Lenovo Z710 gr\u00e2ce \u00e0 la carte optique DUMBOD2 d&rsquo;origine, con\u00e7ue pour remplacer directement le circuit du lecteur optique. Que vous rencontriez des probl\u00e8mes avec votre carte actuelle ou que vous souhaitiez une mise \u00e0 niveau, ce composant vous garantit des performances et une compatibilit\u00e9 optimales.<\/li>\n<li>Fabriqu\u00e9e avec pr\u00e9cision et qualit\u00e9, la carte optique DUMBOD2 est la solution id\u00e9ale pour le lecteur optique de votre ordinateur portable. Facile \u00e0 installer, elle est accessible aux utilisateurs de tous niveaux. Si vous rencontrez des difficult\u00e9s lors de l&rsquo;installation, n&rsquo;h\u00e9sitez pas \u00e0 nous contacter\u00a0: nous sommes l\u00e0 pour vous aider.<\/li>\n<li>Compatible avec le mod\u00e8le Lenovo Z710, cette carte assure un ajustement parfait, pr\u00e9servant ainsi l&rsquo;int\u00e9grit\u00e9 du design de votre ordinateur portable. La carte optique DUMBOD2 authentique est un choix fiable pour les utilisateurs exigeants en mati\u00e8re d&rsquo;excellence.<\/li>\n<li>En achetant chez nous, vous n&rsquo;achetez pas seulement une pi\u00e8ce de rechange\u00a0: vous investissez dans les performances et la long\u00e9vit\u00e9 de votre ordinateur portable Lenovo Z710. Soyez assur\u00e9 que les photos pr\u00e9sent\u00e9es sont des repr\u00e9sentations authentiques du produit que vous recevrez.<\/li>\n<li>Commandez d\u00e8s maintenant la carte optique DUMBOD2 authentique pour ordinateur portable Lenovo Z710 et b\u00e9n\u00e9ficiez d&rsquo;une mise \u00e0 niveau rapide et efficace pour votre ordinateur portable. Pour toute question ou assistance suppl\u00e9mentaire, n&rsquo;h\u00e9sitez pas \u00e0 nous contacter. Am\u00e9liorez votre exp\u00e9rience informatique avec les pi\u00e8ces d\u00e9tach\u00e9es de qualit\u00e9 siggmo\u00a0!<\/li>\n<\/ul>\n","protected":false},"excerpt":{"rendered":"<p>Optimisez les performances de votre ordinateur portable Lenovo Z710 avec la carte optique DUMBOD2 d&rsquo;origine. Ce circuit de remplacement pour lecteur optique garantit des performances et une compatibilit\u00e9 optimales. Con\u00e7ue pour une installation facile, cette carte garantit une mise \u00e0 niveau rapide et sans tracas. Faites confiance \u00e0 des composants de qualit\u00e9 pour votre ordinateur portable.<\/p>\n","protected":false},"featured_media":12846,"template":"","meta":[],"product_brand":[],"product_cat":[63],"product_tag":[62],"class_list":{"0":"post-12782","1":"product","2":"type-product","3":"status-publish","4":"has-post-thumbnail","6":"product_cat-motherboards-board-parts","7":"product_tag-lenovo","9":"first","10":"instock","11":"taxable","12":"shipping-taxable","13":"purchasable","14":"product-type-simple"},"_links":{"self":[{"href":"https:\/\/boreait.com\/fr\/wp-json\/wp\/v2\/product\/12782","targetHints":{"allow":["GET"]}}],"collection":[{"href":"https:\/\/boreait.com\/fr\/wp-json\/wp\/v2\/product"}],"about":[{"href":"https:\/\/boreait.com\/fr\/wp-json\/wp\/v2\/types\/product"}],"wp:featuredmedia":[{"embeddable":true,"href":"https:\/\/boreait.com\/fr\/wp-json\/wp\/v2\/media\/12846"}],"wp:attachment":[{"href":"https:\/\/boreait.com\/fr\/wp-json\/wp\/v2\/media?parent=12782"}],"wp:term":[{"taxonomy":"product_brand","embeddable":true,"href":"https:\/\/boreait.com\/fr\/wp-json\/wp\/v2\/product_brand?post=12782"},{"taxonomy":"product_cat","embeddable":true,"href":"https:\/\/boreait.com\/fr\/wp-json\/wp\/v2\/product_cat?post=12782"},{"taxonomy":"product_tag","embeddable":true,"href":"https:\/\/boreait.com\/fr\/wp-json\/wp\/v2\/product_tag?post=12782"}],"curies":[{"name":"wp","href":"https:\/\/api.w.org\/{rel}","templated":true}]}}