{"id":12767,"date":"2025-09-15T16:23:02","date_gmt":"2025-09-15T14:23:02","guid":{"rendered":"https:\/\/boreait.com\/fr\/?post_type=product&#038;p=12767"},"modified":"2025-09-15T16:24:51","modified_gmt":"2025-09-15T14:24:51","slug":"ensemble-de-haut-parleurs-dorigine-pour-samsung-galaxy-tab-a-sm-t580-t585-remplacement-oem","status":"publish","type":"product","link":"https:\/\/boreait.com\/fr\/produit\/ensemble-de-haut-parleurs-dorigine-pour-samsung-galaxy-tab-a-sm-t580-t585-remplacement-oem\/","title":{"rendered":"Ensemble de haut-parleurs d&rsquo;origine pour Samsung Galaxy Tab A SM-T580\/T585 &#8211; Remplacement OEM"},"content":{"rendered":"<p>Am\u00e9liorez les performances audio de votre Samsung Galaxy Tab A SM-T580\/T585 gr\u00e2ce au kit de haut-parleurs Samsung Buzzer Wrestler d&rsquo;origine. Con\u00e7u comme pi\u00e8ce de rechange d&rsquo;origine, cet ensemble garantit compatibilit\u00e9 et fonctionnalit\u00e9, conform\u00e9ment aux normes de qualit\u00e9 \u00e9lev\u00e9es de Samsung.<\/p>\n<p><strong>Caract\u00e9ristiques\u00a0:<\/strong><\/p>\n<ul>\n<li><strong>Pi\u00e8ces Samsung authentiques\u00a0:<\/strong> Faites confiance \u00e0 la fiabilit\u00e9 des composants Samsung d&rsquo;origine pour votre tablette.<\/li>\n<li><strong>Compatibilit\u00e9 optimale\u00a0:<\/strong> Sp\u00e9cialement con\u00e7u pour la Galaxy Tab A SM-T580\/T585 pour une int\u00e9gration parfaite et une sortie audio am\u00e9lior\u00e9e.<\/li>\n<li><strong>Installation facile\u00a0:<\/strong> Aucune instruction compliqu\u00e9e n&rsquo;est n\u00e9cessaire. Am\u00e9liorez le son de votre tablette en toute simplicit\u00e9 gr\u00e2ce \u00e0 notre ensemble de haut-parleurs intuitifs.<\/li>\n<li><strong>Audio immersif\u00a0:<\/strong> Profitez d&rsquo;un son clair et net pour vos vid\u00e9os, votre musique et bien plus encore gr\u00e2ce \u00e0 cette pi\u00e8ce de rechange d&rsquo;origine.<\/li>\n<\/ul>\n<p>Que vous remplaciez un haut-parleur d\u00e9fectueux ou que vous cherchiez une mise \u00e0 niveau, cet ensemble de haut-parleurs Buzzer Wrestler d&rsquo;origine pour Samsung Galaxy Tab A est la solution id\u00e9ale. Nous fournissons de vraies photos\u00a0: vous obtenez ce que vous voyez. Pour toute question ou besoin d&rsquo;aide, n&rsquo;h\u00e9sitez pas \u00e0 nous contacter. Am\u00e9liorez votre exp\u00e9rience avec votre tablette d\u00e8s aujourd&rsquo;hui gr\u00e2ce \u00e0 la qualit\u00e9 authentique Samsung.<\/p>\n","protected":false},"excerpt":{"rendered":"<p>Am\u00e9liorez l&rsquo;exp\u00e9rience audio de votre Samsung Galaxy Tab A SM-T580\/T585 avec ce kit de haut-parleurs Buzzer Wrestler d&rsquo;origine. Ce remplacement OEM garantit une compatibilit\u00e9 et des performances optimales. Am\u00e9liorez la qualit\u00e9 sonore de votre tablette avec des pi\u00e8ces Samsung authentiques. Installation facile pour une solution audio optimale.<\/p>\n","protected":false},"featured_media":12831,"template":"","meta":[],"product_brand":[],"product_cat":[54],"product_tag":[84],"class_list":{"0":"post-12767","1":"product","2":"type-product","3":"status-publish","4":"has-post-thumbnail","6":"product_cat-laptop-speakers","7":"product_tag-samsung","9":"first","10":"instock","11":"taxable","12":"shipping-taxable","13":"purchasable","14":"product-type-simple"},"_links":{"self":[{"href":"https:\/\/boreait.com\/fr\/wp-json\/wp\/v2\/product\/12767","targetHints":{"allow":["GET"]}}],"collection":[{"href":"https:\/\/boreait.com\/fr\/wp-json\/wp\/v2\/product"}],"about":[{"href":"https:\/\/boreait.com\/fr\/wp-json\/wp\/v2\/types\/product"}],"wp:featuredmedia":[{"embeddable":true,"href":"https:\/\/boreait.com\/fr\/wp-json\/wp\/v2\/media\/12831"}],"wp:attachment":[{"href":"https:\/\/boreait.com\/fr\/wp-json\/wp\/v2\/media?parent=12767"}],"wp:term":[{"taxonomy":"product_brand","embeddable":true,"href":"https:\/\/boreait.com\/fr\/wp-json\/wp\/v2\/product_brand?post=12767"},{"taxonomy":"product_cat","embeddable":true,"href":"https:\/\/boreait.com\/fr\/wp-json\/wp\/v2\/product_cat?post=12767"},{"taxonomy":"product_tag","embeddable":true,"href":"https:\/\/boreait.com\/fr\/wp-json\/wp\/v2\/product_tag?post=12767"}],"curies":[{"name":"wp","href":"https:\/\/api.w.org\/{rel}","templated":true}]}}