{"id":12766,"date":"2025-09-15T16:23:01","date_gmt":"2025-09-15T14:23:01","guid":{"rendered":"https:\/\/boreait.com\/fr\/?post_type=product&#038;p=12766"},"modified":"2026-01-19T18:51:55","modified_gmt":"2026-01-19T17:51:55","slug":"camera-arriere-de-rechange-oem-pour-samsung-galaxy-tab-a-sm-t580-pieces-dorigine","status":"publish","type":"product","link":"https:\/\/boreait.com\/fr\/produit\/camera-arriere-de-rechange-oem-pour-samsung-galaxy-tab-a-sm-t580-pieces-dorigine\/","title":{"rendered":"Cam\u00e9ra arri\u00e8re de rechange OEM pour Samsung Galaxy Tab A SM-T580 &#8211; Pi\u00e8ces d&rsquo;origine"},"content":{"rendered":"<p>Revitalisez votre Samsung Galaxy Tab A SM-T580 en rempla\u00e7ant la cam\u00e9ra arri\u00e8re principale par ce module de rechange d&rsquo;origine. Ce module cam\u00e9ra est con\u00e7u par Samsung pour garantir compatibilit\u00e9, qualit\u00e9 et performances optimales.<\/p>\n<p><strong>Caract\u00e9ristiques principales\u00a0:<\/strong><\/p>\n<ul>\n<li><strong>Pi\u00e8ce d&rsquo;origine\u00a0:<\/strong> Pi\u00e8ce de rechange Samsung authentique garantissant compatibilit\u00e9 et fonctionnalit\u00e9.<\/li>\n<li><strong>Restaurer la fonctionnalit\u00e9 de l&rsquo;appareil photo\u00a0:<\/strong> Dites adieu aux photos et vid\u00e9os floues. Restaurez la qualit\u00e9 d&rsquo;origine de l&rsquo;appareil photo de votre tablette.<\/li>\n<li><strong>Installation facile\u00a0:<\/strong> Con\u00e7u pour un remplacement simple. Aucune instruction compliqu\u00e9e n&rsquo;est n\u00e9cessaire\u00a0; Il suffit de remplacer l&rsquo;ancienne par la nouvelle.<\/li>\n<li><strong>Compatibilit\u00e9\u00a0:<\/strong> Sp\u00e9cialement con\u00e7u pour la Samsung Galaxy Tab A SM-T580, il garantit un ajustement parfait.<\/li>\n<\/ul>\n<p><em>Remarque\u00a0: Nous ne fournissons pas d&rsquo;instructions pour le remplacement, mais si vous avez besoin d&rsquo;aide, n&rsquo;h\u00e9sitez pas \u00e0 nous contacter. Les photos pr\u00e9sent\u00e9es dans la liste pr\u00e9sentent les pi\u00e8ces que vous recevrez, garantissant transparence et confiance lors de votre achat.<\/em><\/p>\n<p>Redonnez vie \u00e0 votre tablette et immortalisez vos souvenirs avec pr\u00e9cision. Faites confiance aux pi\u00e8ces d&rsquo;origine Samsung pour un remplacement fiable et fluide. Commandez d\u00e8s maintenant et profitez d&rsquo;une livraison rapide en Europe et dans le monde entier.<\/p>\n<p><em>Remarque\u00a0: Les images des produits sont des photos r\u00e9elles de la pi\u00e8ce de rechange que vous recevrez. Des questions ou des pr\u00e9occupations\u00a0? Contactez-nous et nous serons ravis de vous aider.<\/em><\/p>\n","protected":false},"excerpt":{"rendered":"<p>Remplacez la cam\u00e9ra arri\u00e8re de votre Samsung Galaxy Tab A SM-T580 par cette pi\u00e8ce de rechange d&rsquo;origine. Capturez facilement des photos et des vid\u00e9os de haute qualit\u00e9. Pi\u00e8ces Samsung authentiques pour un ajustement parfait et des performances optimales.<\/p>\n","protected":false},"featured_media":12830,"template":"","meta":[],"product_brand":[],"product_cat":[59],"product_tag":[84],"class_list":{"0":"post-12766","1":"product","2":"type-product","3":"status-publish","4":"has-post-thumbnail","6":"product_cat-laptop-camera","7":"product_tag-samsung","9":"first","10":"instock","11":"taxable","12":"shipping-taxable","13":"purchasable","14":"product-type-simple"},"_links":{"self":[{"href":"https:\/\/boreait.com\/fr\/wp-json\/wp\/v2\/product\/12766","targetHints":{"allow":["GET"]}}],"collection":[{"href":"https:\/\/boreait.com\/fr\/wp-json\/wp\/v2\/product"}],"about":[{"href":"https:\/\/boreait.com\/fr\/wp-json\/wp\/v2\/types\/product"}],"wp:featuredmedia":[{"embeddable":true,"href":"https:\/\/boreait.com\/fr\/wp-json\/wp\/v2\/media\/12830"}],"wp:attachment":[{"href":"https:\/\/boreait.com\/fr\/wp-json\/wp\/v2\/media?parent=12766"}],"wp:term":[{"taxonomy":"product_brand","embeddable":true,"href":"https:\/\/boreait.com\/fr\/wp-json\/wp\/v2\/product_brand?post=12766"},{"taxonomy":"product_cat","embeddable":true,"href":"https:\/\/boreait.com\/fr\/wp-json\/wp\/v2\/product_cat?post=12766"},{"taxonomy":"product_tag","embeddable":true,"href":"https:\/\/boreait.com\/fr\/wp-json\/wp\/v2\/product_tag?post=12766"}],"curies":[{"name":"wp","href":"https:\/\/api.w.org\/{rel}","templated":true}]}}