{"id":12683,"date":"2025-09-15T16:20:49","date_gmt":"2025-09-15T14:20:49","guid":{"rendered":"https:\/\/boreait.com\/fr\/?post_type=product&#038;p=12683"},"modified":"2026-01-19T18:42:22","modified_gmt":"2026-01-19T17:42:22","slug":"carte-sans-fil-broadcom-bcm94313hmg2l-dw1504-pour-ordinateur-portable-veritable-oem-connectivite-fiable","status":"publish","type":"product","link":"https:\/\/boreait.com\/fr\/produit\/carte-sans-fil-broadcom-bcm94313hmg2l-dw1504-pour-ordinateur-portable-veritable-oem-connectivite-fiable\/","title":{"rendered":"Carte sans fil Broadcom BCM94313HMG2L DW1504 pour ordinateur portable\u00a0\u2013 V\u00e9ritable OEM, connectivit\u00e9 fiable"},"content":{"rendered":"<p>Am\u00e9liorez les performances sans fil de votre ordinateur portable avec la carte sans fil Broadcom BCM94313HMG2L DW1504. Cette carte sans fil OEM d&rsquo;origine est une solution fiable pour une connectivit\u00e9 rapide et stable.<\/p>\n<p><strong>Caract\u00e9ristiques principales\u00a0:<\/strong><\/p>\n<ul>\n<li><strong>Original OEM\u00a0:<\/strong> Soyez rassur\u00e9 gr\u00e2ce \u00e0 l&rsquo;authenticit\u00e9 de cette carte sans fil Broadcom.<\/li>\n<li><strong>Connectivit\u00e9 fiable\u00a0:<\/strong> Profitez d&rsquo;une navigation Internet, d&rsquo;un streaming et de jeux fluides gr\u00e2ce \u00e0 cette carte sans fil de haute qualit\u00e9.<\/li>\n<li><strong>Compatibilit\u00e9\u00a0:<\/strong> Con\u00e7ue pour fonctionner avec une vari\u00e9t\u00e9 de mod\u00e8les d&rsquo;ordinateurs portables, elle garantit polyvalence et simplicit\u00e9 d&rsquo;utilisation.<\/li>\n<li><strong>Installation facile\u00a0:<\/strong> Am\u00e9liorez les capacit\u00e9s sans fil de votre ordinateur portable sans effort. Si vous avez besoin d&rsquo;aide, n&rsquo;h\u00e9sitez pas \u00e0 nous contacter.<\/li>\n<li><strong>Livraison internationale\u00a0:<\/strong> Nous proposons une livraison rapide et s\u00e9curis\u00e9e, non seulement en Europe, mais aussi dans le monde entier, pour que vous puissiez profiter de performances sans fil am\u00e9lior\u00e9es o\u00f9 que vous soyez.<\/li>\n<\/ul>\n<p><strong>Remarque\u00a0:<\/strong><\/p>\n<ul>\n<li>Nous ne fournissons pas d&rsquo;instructions sp\u00e9cifiques pour le remplacement des pi\u00e8ces, mais si vous avez des questions ou besoin d&rsquo;aide, n&rsquo;h\u00e9sitez pas \u00e0 nous contacter.<\/li>\n<li>Les images du produit sont authentiques et repr\u00e9sentent la carte sans fil que vous recevrez.<\/li>\n<\/ul>\n<p>Am\u00e9liorez l&rsquo;exp\u00e9rience sans fil de votre ordinateur portable avec la carte sans fil Broadcom BCM94313HMG2L DW1504 pour ordinateur portable. Commandez d\u00e8s maintenant et profitez d&rsquo;une connectivit\u00e9 rapide et fiable\u00a0!<\/p>\n","protected":false},"excerpt":{"rendered":"<p>Am\u00e9liorez les capacit\u00e9s sans fil de votre ordinateur portable avec la carte sans fil Broadcom BCM94313HMG2L DW1504. V\u00e9ritable OEM, cette carte sans fil garantit une connectivit\u00e9 fiable et des performances optimales. Facile \u00e0 installer, elle est compatible avec de nombreux mod\u00e8les d&rsquo;ordinateurs portables. Livraison rapide et s\u00e9curis\u00e9e en Europe et dans le monde entier. Pour toute question, n&rsquo;h\u00e9sitez pas \u00e0 nous contacter.<\/p>\n","protected":false},"featured_media":12743,"template":"","meta":[],"product_brand":[],"product_cat":[63],"product_tag":[],"class_list":{"0":"post-12683","1":"product","2":"type-product","3":"status-publish","4":"has-post-thumbnail","6":"product_cat-motherboards-board-parts","8":"first","9":"instock","10":"taxable","11":"shipping-taxable","12":"purchasable","13":"product-type-simple"},"_links":{"self":[{"href":"https:\/\/boreait.com\/fr\/wp-json\/wp\/v2\/product\/12683","targetHints":{"allow":["GET"]}}],"collection":[{"href":"https:\/\/boreait.com\/fr\/wp-json\/wp\/v2\/product"}],"about":[{"href":"https:\/\/boreait.com\/fr\/wp-json\/wp\/v2\/types\/product"}],"wp:featuredmedia":[{"embeddable":true,"href":"https:\/\/boreait.com\/fr\/wp-json\/wp\/v2\/media\/12743"}],"wp:attachment":[{"href":"https:\/\/boreait.com\/fr\/wp-json\/wp\/v2\/media?parent=12683"}],"wp:term":[{"taxonomy":"product_brand","embeddable":true,"href":"https:\/\/boreait.com\/fr\/wp-json\/wp\/v2\/product_brand?post=12683"},{"taxonomy":"product_cat","embeddable":true,"href":"https:\/\/boreait.com\/fr\/wp-json\/wp\/v2\/product_cat?post=12683"},{"taxonomy":"product_tag","embeddable":true,"href":"https:\/\/boreait.com\/fr\/wp-json\/wp\/v2\/product_tag?post=12683"}],"curies":[{"name":"wp","href":"https:\/\/api.w.org\/{rel}","templated":true}]}}