{"id":12648,"date":"2025-09-15T16:19:32","date_gmt":"2025-09-15T14:19:32","guid":{"rendered":"https:\/\/boreait.com\/fr\/?post_type=product&#038;p=12648"},"modified":"2025-09-15T16:21:33","modified_gmt":"2025-09-15T14:21:33","slug":"carte-et-cable-usb-dorigine-fujitsu-lifebook-s936-cp693540-z5-pieces-detachees-doccasion-pour-ordinateur-portable","status":"publish","type":"product","link":"https:\/\/boreait.com\/fr\/produit\/carte-et-cable-usb-dorigine-fujitsu-lifebook-s936-cp693540-z5-pieces-detachees-doccasion-pour-ordinateur-portable\/","title":{"rendered":"Carte et c\u00e2ble USB d&rsquo;origine Fujitsu LifeBook S936 CP693540-Z5 &#8211; Pi\u00e8ces d\u00e9tach\u00e9es d&rsquo;occasion pour ordinateur portable"},"content":{"rendered":"<p>Am\u00e9liorez les fonctionnalit\u00e9s de votre Fujitsu LifeBook S936 gr\u00e2ce \u00e0 notre carte et c\u00e2ble USB d&rsquo;origine (r\u00e9f\u00e9rence\u00a0: CP693540-Z5). Con\u00e7ue pour l&rsquo;excellence, cette pi\u00e8ce d&rsquo;occasion pour ordinateur portable garantit une connectivit\u00e9 et des performances fiables.<\/p>\n<p><strong>Caract\u00e9ristiques principales\u00a0:<\/strong><\/p>\n<ul>\n<li><strong>Compatibilit\u00e9\u00a0:<\/strong> Con\u00e7u sp\u00e9cifiquement pour les ordinateurs portables Fujitsu LifeBook S936.<\/li>\n<li><strong>Qualit\u00e9 authentique\u00a0:<\/strong> Cette carte et c\u00e2ble USB Le c\u00e2ble est un composant Fujitsu authentique, garantissant compatibilit\u00e9 et fiabilit\u00e9.<\/li>\n<li><strong>Connectivit\u00e9 optimale<\/strong>\u00a0: Restaurez ou am\u00e9liorez les fonctionnalit\u00e9s USB de votre ordinateur portable gr\u00e2ce \u00e0 cette pi\u00e8ce essentielle.<\/li>\n<li><strong>D&rsquo;occasion mais fiable<\/strong>\u00a0: Bien qu&rsquo;il soit d&rsquo;occasion, ce composant a \u00e9t\u00e9 test\u00e9 pour sa qualit\u00e9, vous garantissant ainsi ses performances.<\/li>\n<\/ul>\n<p>Am\u00e9liorez les capacit\u00e9s de votre ordinateur portable sans compromettre la qualit\u00e9. Nous fournissons des photos r\u00e9elles de la pi\u00e8ce que vous recevrez. Pour toute question ou besoin d&rsquo;aide, n&rsquo;h\u00e9sitez pas \u00e0 nous contacter. Veuillez noter que nous ne fournissons pas d&rsquo;instructions de remplacement, mais nous sommes l\u00e0 pour r\u00e9pondre \u00e0 toutes vos questions.<\/p>\n<p>Mettez \u00e0 niveau en toute confiance\u00a0: choisissez les pi\u00e8ces Fujitsu d&rsquo;origine de Siggmo. Votre satisfaction est notre priorit\u00e9.<\/p>\n","protected":false},"excerpt":{"rendered":"<p>Am\u00e9liorez votre Fujitsu LifeBook S936 avec cette carte et ce c\u00e2ble USB authentiques (r\u00e9f\u00e9rence\u00a0: CP693540-Z5). Cette pi\u00e8ce d&rsquo;occasion d&rsquo;origine garantit une connectivit\u00e9 optimale. Faites confiance \u00e0 des composants de qualit\u00e9 pour des performances optimales.<\/p>\n","protected":false},"featured_media":12708,"template":"","meta":[],"product_brand":[],"product_cat":[63],"product_tag":[64],"class_list":{"0":"post-12648","1":"product","2":"type-product","3":"status-publish","4":"has-post-thumbnail","6":"product_cat-motherboards-board-parts","7":"product_tag-fujitsu","9":"first","10":"instock","11":"taxable","12":"shipping-taxable","13":"purchasable","14":"product-type-simple"},"_links":{"self":[{"href":"https:\/\/boreait.com\/fr\/wp-json\/wp\/v2\/product\/12648","targetHints":{"allow":["GET"]}}],"collection":[{"href":"https:\/\/boreait.com\/fr\/wp-json\/wp\/v2\/product"}],"about":[{"href":"https:\/\/boreait.com\/fr\/wp-json\/wp\/v2\/types\/product"}],"wp:featuredmedia":[{"embeddable":true,"href":"https:\/\/boreait.com\/fr\/wp-json\/wp\/v2\/media\/12708"}],"wp:attachment":[{"href":"https:\/\/boreait.com\/fr\/wp-json\/wp\/v2\/media?parent=12648"}],"wp:term":[{"taxonomy":"product_brand","embeddable":true,"href":"https:\/\/boreait.com\/fr\/wp-json\/wp\/v2\/product_brand?post=12648"},{"taxonomy":"product_cat","embeddable":true,"href":"https:\/\/boreait.com\/fr\/wp-json\/wp\/v2\/product_cat?post=12648"},{"taxonomy":"product_tag","embeddable":true,"href":"https:\/\/boreait.com\/fr\/wp-json\/wp\/v2\/product_tag?post=12648"}],"curies":[{"name":"wp","href":"https:\/\/api.w.org\/{rel}","templated":true}]}}