{"id":12636,"date":"2025-09-15T16:19:06","date_gmt":"2025-09-15T14:19:06","guid":{"rendered":"https:\/\/boreait.com\/fr\/?post_type=product&#038;p=12636"},"modified":"2025-09-15T16:21:24","modified_gmt":"2025-09-15T14:21:24","slug":"carte-et-cable-de-lecteur-de-carte-dorigine-fujitsu-lifebook-s936-pieces-detachees-pour-ordinateur-portable-cp69530-z1-doccasion","status":"publish","type":"product","link":"https:\/\/boreait.com\/fr\/produit\/carte-et-cable-de-lecteur-de-carte-dorigine-fujitsu-lifebook-s936-pieces-detachees-pour-ordinateur-portable-cp69530-z1-doccasion\/","title":{"rendered":"Carte et c\u00e2ble de lecteur de carte d&rsquo;origine Fujitsu LifeBook S936, pi\u00e8ces d\u00e9tach\u00e9es pour ordinateur portable CP69530-Z1 d&rsquo;occasion"},"content":{"rendered":"<p>Am\u00e9liorez votre Fujitsu LifeBook S936 avec cette carte et c\u00e2ble de lecteur de carte authentiques (CP69530-Z1). Con\u00e7ue pour r\u00e9pondre aux normes les plus strictes, cette pi\u00e8ce d&rsquo;occasion garantit un ajustement parfait et des performances optimales.<\/p>\n<p><strong>Compatibilit\u00e9<\/strong>\u00a0: Compatible avec les mod\u00e8les Fujitsu LifeBook S936, cette carte et ce c\u00e2ble de lecteur de carte sont des composants d&rsquo;origine, garantissant la m\u00eame qualit\u00e9 que les pi\u00e8ces install\u00e9es en usine sur votre ordinateur portable.<\/p>\n<p><strong>\u00c9tat<\/strong>\u00a0: Cette annonce pr\u00e9sente de vraies photos de la carte et du c\u00e2ble de lecteur de carte que vous recevrez. Cette pi\u00e8ce d&rsquo;occasion est en excellent \u00e9tat et a \u00e9t\u00e9 soigneusement test\u00e9e pour garantir son fonctionnement.<\/p>\n<p><strong>Installation facile<\/strong>\u00a0: Bien qu&rsquo;aucune instruction d&rsquo;installation ne soit fournie, le remplacement de cette pi\u00e8ce est simple pour les personnes familiaris\u00e9es avec les composants d&rsquo;ordinateurs portables. Pour obtenir de l&rsquo;aide, n&rsquo;h\u00e9sitez pas \u00e0 nous contacter via la messagerie eBay.<\/p>\n<p><strong>Livraison internationale<\/strong>\u00a0: Nous exp\u00e9dions dans le monde entier, garantissant ainsi aux utilisateurs de Fujitsu LifeBook en Europe et au-del\u00e0 de b\u00e9n\u00e9ficier de cette pi\u00e8ce d&rsquo;origine. Faites confiance \u00e0 la qualit\u00e9 Siggmo\u00a0: Siggmo est votre fournisseur de confiance pour des pi\u00e8ces d\u00e9tach\u00e9es d&rsquo;ordinateurs portables de haute qualit\u00e9. Notre engagement envers l&rsquo;authenticit\u00e9 et la satisfaction client fait de nous un choix fiable pour les passionn\u00e9s d&rsquo;ordinateurs portables.<\/p>\n<p>Am\u00e9liorez les performances de votre Fujitsu LifeBook S936 avec cette carte et ce c\u00e2ble de lecteur de carte d&rsquo;origine. Commandez d\u00e8s maintenant et profitez du confort des pi\u00e8ces d\u00e9tach\u00e9es d&rsquo;origine Siggmo pour ordinateur portable.<\/p>\n","protected":false},"excerpt":{"rendered":"<p>Am\u00e9liorez votre Fujitsu LifeBook S936 avec cette carte et c\u00e2ble de lecteur de carte d&rsquo;origine (CP69530-Z1). Pi\u00e8ce d&rsquo;occasion d&rsquo;origine pour une compatibilit\u00e9 optimale. Optimisez les fonctionnalit\u00e9s de votre ordinateur portable d\u00e8s aujourd&rsquo;hui\u00a0!<\/p>\n","protected":false},"featured_media":12702,"template":"","meta":[],"product_brand":[],"product_cat":[63],"product_tag":[64],"class_list":{"0":"post-12636","1":"product","2":"type-product","3":"status-publish","4":"has-post-thumbnail","6":"product_cat-motherboards-board-parts","7":"product_tag-fujitsu","9":"first","10":"instock","11":"taxable","12":"shipping-taxable","13":"purchasable","14":"product-type-simple"},"_links":{"self":[{"href":"https:\/\/boreait.com\/fr\/wp-json\/wp\/v2\/product\/12636","targetHints":{"allow":["GET"]}}],"collection":[{"href":"https:\/\/boreait.com\/fr\/wp-json\/wp\/v2\/product"}],"about":[{"href":"https:\/\/boreait.com\/fr\/wp-json\/wp\/v2\/types\/product"}],"wp:featuredmedia":[{"embeddable":true,"href":"https:\/\/boreait.com\/fr\/wp-json\/wp\/v2\/media\/12702"}],"wp:attachment":[{"href":"https:\/\/boreait.com\/fr\/wp-json\/wp\/v2\/media?parent=12636"}],"wp:term":[{"taxonomy":"product_brand","embeddable":true,"href":"https:\/\/boreait.com\/fr\/wp-json\/wp\/v2\/product_brand?post=12636"},{"taxonomy":"product_cat","embeddable":true,"href":"https:\/\/boreait.com\/fr\/wp-json\/wp\/v2\/product_cat?post=12636"},{"taxonomy":"product_tag","embeddable":true,"href":"https:\/\/boreait.com\/fr\/wp-json\/wp\/v2\/product_tag?post=12636"}],"curies":[{"name":"wp","href":"https:\/\/api.w.org\/{rel}","templated":true}]}}