{"id":12634,"date":"2025-09-15T16:19:06","date_gmt":"2025-09-15T14:19:06","guid":{"rendered":"https:\/\/boreait.com\/fr\/?post_type=product&#038;p=12634"},"modified":"2025-09-15T16:21:21","modified_gmt":"2025-09-15T14:21:21","slug":"carte-mere-dorigine-pour-ordinateur-portable-fujitsu-lifebook-s936-processeur-intel-core-i5-6200u","status":"publish","type":"product","link":"https:\/\/boreait.com\/fr\/produit\/carte-mere-dorigine-pour-ordinateur-portable-fujitsu-lifebook-s936-processeur-intel-core-i5-6200u\/","title":{"rendered":"Carte m\u00e8re d&rsquo;origine pour ordinateur portable Fujitsu LifeBook S936 &#8211; Processeur Intel Core i5-6200U"},"content":{"rendered":"<p>Enti\u00e8rement test\u00e9e et fonctionnelle\u00a0!<\/p>\n<p>Redonnez un nouveau souffle \u00e0 votre Fujitsu LifeBook S936 avec cette carte m\u00e8re d&rsquo;origine pour ordinateur portable, \u00e9quip\u00e9e d&rsquo;un processeur Intel Core i5-6200U. Cette carte m\u00e8re d&rsquo;occasion authentique est id\u00e9ale pour remplacer ou mettre \u00e0 niveau votre ordinateur portable, garantissant ainsi sa compatibilit\u00e9 et des performances optimales. Soigneusement test\u00e9e pour sa fiabilit\u00e9, cette carte m\u00e8re r\u00e9pondra \u00e0 tous vos besoins informatiques.<\/p>\n<p><strong>Caract\u00e9ristiques principales\u00a0:<\/strong><\/p>\n<ul>\n<li><strong>Compatibilit\u00e9\u00a0:<\/strong> Con\u00e7ue sp\u00e9cifiquement pour les ordinateurs portables Fujitsu LifeBook S936. R\u00e9f\u00e9rences compatibles\u00a0: CP693470-Z5, CP693504-X5<\/li>\n<li><strong>Processeur\u00a0:<\/strong> Intel Core i5-6200U pour un multit\u00e2che efficace et des performances r\u00e9actives.<\/li>\n<li><strong>Qualit\u00e9 authentique\u00a0:<\/strong> Cette carte m\u00e8re est une pi\u00e8ce d&rsquo;occasion d&rsquo;origine, gage d&rsquo;authenticit\u00e9 et de fiabilit\u00e9.<\/li>\n<li><strong>Plug-and-Play\u00a0:<\/strong> Installation facile pour les utilisateurs disposant de connaissances techniques. Si vous avez besoin d&rsquo;aide, n&rsquo;h\u00e9sitez pas \u00e0 nous contacter.<\/li>\n<li><strong>Livraison rapide\u00a0:<\/strong> Retrouvez rapidement votre ordinateur portable gr\u00e2ce \u00e0 nos options de livraison express.<\/li>\n<\/ul>\n<p>Que vous souhaitiez restaurer les sp\u00e9cifications d&rsquo;origine de votre ordinateur portable ou le mettre \u00e0 niveau, cette carte m\u00e8re Fujitsu LifeBook S936 est une solution \u00e9conomique. Veuillez noter que nous ne fournissons pas d&rsquo;instructions pour le remplacement des pi\u00e8ces, mais nous sommes l\u00e0 pour vous aider si vous avez des questions. Les images du produit sont des photos r\u00e9elles de la carte m\u00e8re que vous recevrez. Commandez d\u00e8s maintenant et profitez d&rsquo;une informatique fiable et pratique\u00a0!<\/p>\n","protected":false},"excerpt":{"rendered":"<p>Mettez \u00e0 niveau ou remplacez la carte m\u00e8re de votre ordinateur portable Fujitsu LifeBook S936 par cette carte m\u00e8re d&rsquo;occasion d&rsquo;origine \u00e9quip\u00e9e d&rsquo;un processeur Intel Core i5-6200U. Test\u00e9e pour sa fiabilit\u00e9 et ses performances, cette carte m\u00e8re est une pi\u00e8ce d&rsquo;origine qui assurera le bon fonctionnement de votre ordinateur portable. Livraison rapide possible.<\/p>\n","protected":false},"featured_media":12699,"template":"","meta":[],"product_brand":[],"product_cat":[63],"product_tag":[64],"class_list":{"0":"post-12634","1":"product","2":"type-product","3":"status-publish","4":"has-post-thumbnail","6":"product_cat-motherboards-board-parts","7":"product_tag-fujitsu","9":"first","10":"instock","11":"taxable","12":"shipping-taxable","13":"purchasable","14":"product-type-simple"},"_links":{"self":[{"href":"https:\/\/boreait.com\/fr\/wp-json\/wp\/v2\/product\/12634","targetHints":{"allow":["GET"]}}],"collection":[{"href":"https:\/\/boreait.com\/fr\/wp-json\/wp\/v2\/product"}],"about":[{"href":"https:\/\/boreait.com\/fr\/wp-json\/wp\/v2\/types\/product"}],"wp:featuredmedia":[{"embeddable":true,"href":"https:\/\/boreait.com\/fr\/wp-json\/wp\/v2\/media\/12699"}],"wp:attachment":[{"href":"https:\/\/boreait.com\/fr\/wp-json\/wp\/v2\/media?parent=12634"}],"wp:term":[{"taxonomy":"product_brand","embeddable":true,"href":"https:\/\/boreait.com\/fr\/wp-json\/wp\/v2\/product_brand?post=12634"},{"taxonomy":"product_cat","embeddable":true,"href":"https:\/\/boreait.com\/fr\/wp-json\/wp\/v2\/product_cat?post=12634"},{"taxonomy":"product_tag","embeddable":true,"href":"https:\/\/boreait.com\/fr\/wp-json\/wp\/v2\/product_tag?post=12634"}],"curies":[{"name":"wp","href":"https:\/\/api.w.org\/{rel}","templated":true}]}}