{"id":12601,"date":"2025-09-15T16:18:08","date_gmt":"2025-09-15T14:18:08","guid":{"rendered":"https:\/\/boreait.com\/fr\/?post_type=product&#038;p=12601"},"modified":"2025-09-15T16:19:50","modified_gmt":"2025-09-15T14:19:50","slug":"carte-mere-pour-ordinateur-portable-hp-probook-430-440-g4-processeur-intel-pentium-4415u-905798-601-doccasion","status":"publish","type":"product","link":"https:\/\/boreait.com\/fr\/produit\/carte-mere-pour-ordinateur-portable-hp-probook-430-440-g4-processeur-intel-pentium-4415u-905798-601-doccasion\/","title":{"rendered":"Carte m\u00e8re pour ordinateur portable HP ProBook 430 440 G4, processeur Intel Pentium 4415U 905798-601 d&rsquo;occasion"},"content":{"rendered":"<p>Am\u00e9liorez les performances de votre ordinateur portable HP ProBook 430 ou 440 G4 avec notre carte m\u00e8re d&rsquo;occasion d&rsquo;origine. Dot\u00e9e du processeur Intel Pentium 4415U, cette carte m\u00e8re remplace efficacement votre carte m\u00e8re actuelle et garantit des fonctionnalit\u00e9s optimales. <\/p>\n<p><strong>D\u00e9tails du produit\u00a0:<\/strong><\/p>\n<ul>\n<li><strong>Compatibilit\u00e9\u00a0:<\/strong> Con\u00e7u sp\u00e9cifiquement pour les mod\u00e8les HP ProBook 430\/440 G4.<\/li>\n<li><strong>Processeur\u00a0:<\/strong> Intel Pentium 4415U pour une puissance de calcul efficace et r\u00e9active.<\/li>\n<li><strong>R\u00e9f\u00e9rence\u00a0:<\/strong> 905798-601<\/li>\n<li><strong>\u00c9tat\u00a0:<\/strong> Occasion, fiabilit\u00e9 rigoureusement test\u00e9e.<\/li>\n<\/ul>\n<p><strong>Pourquoi choisir notre carte m\u00e8re\u00a0:<\/strong><\/p>\n<ul>\n<li><strong>Mise \u00e0 niveau \u00e9conomique\u00a0:<\/strong> Profitez de performances am\u00e9lior\u00e9es sans vous ruiner.<\/li>\n<li><strong>Authentiques et test\u00e9es\u00a0:<\/strong> Nos cartes m\u00e8res sont des pi\u00e8ces HP d&rsquo;origine, rigoureusement test\u00e9es pour garantir leur qualit\u00e9.<\/li>\n<li><strong>Compatibilit\u00e9 internationale<\/strong>\u00a0: Livraison internationale pour les clients du monde entier.<\/li>\n<\/ul>\n<p><strong>Remarque<\/strong>\u00a0: Nous ne fournissons pas d&rsquo;instructions d&rsquo;installation, mais n&rsquo;h\u00e9sitez pas \u00e0 nous contacter si vous avez besoin d&rsquo;aide. Les photos pr\u00e9sent\u00e9es dans l&rsquo;annonce sont des images r\u00e9elles de la carte m\u00e8re que vous recevrez. Pour toute question ou information compl\u00e9mentaire, n&rsquo;h\u00e9sitez pas \u00e0 nous contacter. Am\u00e9liorez votre ordinateur portable en toute confiance\u00a0: commandez votre carte m\u00e8re HP ProBook 430\/440 G4 d\u00e8s maintenant\u00a0!<\/p>\n","protected":false},"excerpt":{"rendered":"<p>Am\u00e9liorez votre ordinateur portable HP ProBook 430 ou 440 G4 avec cette carte m\u00e8re d&rsquo;occasion d&rsquo;origine \u00e9quip\u00e9e d&rsquo;un processeur Intel Pentium 4415U. Des performances de qualit\u00e9 \u00e0 un prix d\u00e9fiant toute concurrence. Stock limit\u00e9, commandez d\u00e8s maintenant\u00a0!<\/p>\n","protected":false},"featured_media":12658,"template":"","meta":[],"product_brand":[],"product_cat":[63],"product_tag":[61],"class_list":{"0":"post-12601","1":"product","2":"type-product","3":"status-publish","4":"has-post-thumbnail","6":"product_cat-motherboards-board-parts","7":"product_tag-hp","9":"first","10":"instock","11":"taxable","12":"shipping-taxable","13":"purchasable","14":"product-type-simple"},"_links":{"self":[{"href":"https:\/\/boreait.com\/fr\/wp-json\/wp\/v2\/product\/12601","targetHints":{"allow":["GET"]}}],"collection":[{"href":"https:\/\/boreait.com\/fr\/wp-json\/wp\/v2\/product"}],"about":[{"href":"https:\/\/boreait.com\/fr\/wp-json\/wp\/v2\/types\/product"}],"wp:featuredmedia":[{"embeddable":true,"href":"https:\/\/boreait.com\/fr\/wp-json\/wp\/v2\/media\/12658"}],"wp:attachment":[{"href":"https:\/\/boreait.com\/fr\/wp-json\/wp\/v2\/media?parent=12601"}],"wp:term":[{"taxonomy":"product_brand","embeddable":true,"href":"https:\/\/boreait.com\/fr\/wp-json\/wp\/v2\/product_brand?post=12601"},{"taxonomy":"product_cat","embeddable":true,"href":"https:\/\/boreait.com\/fr\/wp-json\/wp\/v2\/product_cat?post=12601"},{"taxonomy":"product_tag","embeddable":true,"href":"https:\/\/boreait.com\/fr\/wp-json\/wp\/v2\/product_tag?post=12601"}],"curies":[{"name":"wp","href":"https:\/\/api.w.org\/{rel}","templated":true}]}}