{"id":12586,"date":"2025-09-15T16:17:41","date_gmt":"2025-09-15T14:17:41","guid":{"rendered":"https:\/\/boreait.com\/fr\/?post_type=product&#038;p=12586"},"modified":"2025-09-15T16:19:29","modified_gmt":"2025-09-15T14:19:29","slug":"cache-memoire-dorigine-pour-hp-elitebook-840-g8-pieces-detachees-pour-ordinateur-portable","status":"publish","type":"product","link":"https:\/\/boreait.com\/fr\/produit\/cache-memoire-dorigine-pour-hp-elitebook-840-g8-pieces-detachees-pour-ordinateur-portable\/","title":{"rendered":"Cache m\u00e9moire d&rsquo;origine pour HP EliteBook 840 G8 \u2013 Pi\u00e8ces d\u00e9tach\u00e9es pour ordinateur portable"},"content":{"rendered":"<p>Optimisez les performances de votre HP EliteBook 840 G8 avec ce cache m\u00e9moire d&rsquo;origine. Con\u00e7u par HP pour plus de pr\u00e9cision et de compatibilit\u00e9, ce kit est con\u00e7u pour am\u00e9liorer les fonctionnalit\u00e9s de votre ordinateur portable.<\/p>\n<p><strong>Caract\u00e9ristiques principales\u00a0:<\/strong><\/p>\n<ul>\n<li><strong>Cache m\u00e9moire\u00a0:<\/strong> Mettez \u00e0 niveau la m\u00e9moire de votre ordinateur portable en toute simplicit\u00e9 gr\u00e2ce au cache m\u00e9moire HP d&rsquo;origine inclus dans ce kit. B\u00e9n\u00e9ficiez de performances et de capacit\u00e9s multit\u00e2ches am\u00e9lior\u00e9es.<\/li>\n<\/ul>\n<p><strong>Compatibilit\u00e9\u00a0:<\/strong> Ce kit est sp\u00e9cialement con\u00e7u pour le mod\u00e8le HP EliteBook 840 G8, garantissant un ajustement parfait et des performances optimales.<\/p>\n<p><strong>Installation\u00a0:<\/strong> Bien que les instructions d&rsquo;installation d\u00e9taill\u00e9es ne soient pas fournies, si vous rencontrez des probl\u00e8mes ou avez des questions lors de l&rsquo;installation, n&rsquo;h\u00e9sitez pas \u00e0 nous contacter. Nous sommes l\u00e0 pour vous aider. Veuillez noter que l&rsquo;installation par un professionnel est recommand\u00e9e pour les personnes qui ne sont pas familiaris\u00e9es avec le mat\u00e9riel informatique des ordinateurs portables.<\/p>\n<p><strong>Authenticit\u00e9 garantie<\/strong>\u00a0: Soyez assur\u00e9 que tous les composants inclus dans ce kit sont des pi\u00e8ces HP authentiques. Nous privil\u00e9gions l&rsquo;authenticit\u00e9 pour vous offrir la qualit\u00e9 et la fiabilit\u00e9 que vous attendez des produits HP.<\/p>\n<p><strong>Produit authentique, photos authentiques<\/strong>\u00a0: Les images de cette annonce sont des photos r\u00e9elles du kit que vous recevrez. Ce que vous voyez est ce que vous obtenez\u00a0: un cache m\u00e9moire HP EliteBook 840 G8 authentique.<\/p>\n","protected":false},"excerpt":{"rendered":"<p>Optimisez votre HP EliteBook 840 G8 avec ce cache m\u00e9moire d&rsquo;origine. B\u00e9n\u00e9ficiez de performances et d&rsquo;une s\u00e9curit\u00e9 optimales gr\u00e2ce \u00e0 des pi\u00e8ces HP authentiques. Achetez-le d\u00e8s maintenant pour une mise \u00e0 niveau en toute simplicit\u00e9\u00a0!<\/p>\n","protected":false},"featured_media":12647,"template":"","meta":[],"product_brand":[],"product_cat":[52],"product_tag":[61],"class_list":{"0":"post-12586","1":"product","2":"type-product","3":"status-publish","4":"has-post-thumbnail","6":"product_cat-laptop-housing","7":"product_tag-hp","9":"first","10":"instock","11":"taxable","12":"shipping-taxable","13":"purchasable","14":"product-type-simple"},"_links":{"self":[{"href":"https:\/\/boreait.com\/fr\/wp-json\/wp\/v2\/product\/12586","targetHints":{"allow":["GET"]}}],"collection":[{"href":"https:\/\/boreait.com\/fr\/wp-json\/wp\/v2\/product"}],"about":[{"href":"https:\/\/boreait.com\/fr\/wp-json\/wp\/v2\/types\/product"}],"wp:featuredmedia":[{"embeddable":true,"href":"https:\/\/boreait.com\/fr\/wp-json\/wp\/v2\/media\/12647"}],"wp:attachment":[{"href":"https:\/\/boreait.com\/fr\/wp-json\/wp\/v2\/media?parent=12586"}],"wp:term":[{"taxonomy":"product_brand","embeddable":true,"href":"https:\/\/boreait.com\/fr\/wp-json\/wp\/v2\/product_brand?post=12586"},{"taxonomy":"product_cat","embeddable":true,"href":"https:\/\/boreait.com\/fr\/wp-json\/wp\/v2\/product_cat?post=12586"},{"taxonomy":"product_tag","embeddable":true,"href":"https:\/\/boreait.com\/fr\/wp-json\/wp\/v2\/product_tag?post=12586"}],"curies":[{"name":"wp","href":"https:\/\/api.w.org\/{rel}","templated":true}]}}