{"id":12544,"date":"2025-09-15T16:16:26","date_gmt":"2025-09-15T14:16:26","guid":{"rendered":"https:\/\/boreait.com\/fr\/?post_type=product&#038;p=12544"},"modified":"2025-09-15T16:18:20","modified_gmt":"2025-09-15T14:18:20","slug":"cadre-repose-poignets-avec-pave-tactile-pour-ordinateur-portable-lenovo-thinkpad-z61t-41w4841","status":"publish","type":"product","link":"https:\/\/boreait.com\/fr\/produit\/cadre-repose-poignets-avec-pave-tactile-pour-ordinateur-portable-lenovo-thinkpad-z61t-41w4841\/","title":{"rendered":"Cadre repose-poignets avec pav\u00e9 tactile pour ordinateur portable Lenovo ThinkPad Z61t (41W4841)"},"content":{"rendered":"<p>Am\u00e9liorez les fonctionnalit\u00e9s et l&rsquo;esth\u00e9tique de votre Lenovo ThinkPad Z61t gr\u00e2ce \u00e0 notre cadre repose-poignets OEM, dot\u00e9 d&rsquo;un pav\u00e9 tactile int\u00e9gr\u00e9 fiable. Con\u00e7ue pour la pr\u00e9cision et la durabilit\u00e9, cette pi\u00e8ce de rechange d&rsquo;origine (41W4841) garantit un ajustement et des performances parfaits. <\/p>\n<p><strong>Compatibilit\u00e9\u00a0:<\/strong><\/p>\n<ul>\n<li>Compatible avec la s\u00e9rie Lenovo ThinkPad Z61t<\/li>\n<li>R\u00e9f\u00e9rence OEM\u00a0: 41W4841<\/li>\n<li>Identique au cadre de repose-poignets d&rsquo;origine fourni avec votre ordinateur portable<\/li>\n<\/ul>\n<p><strong>Caract\u00e9ristiques principales\u00a0:<\/strong><\/p>\n<ul>\n<li>Construction robuste pour une utilisation durable<\/li>\n<li>Pav\u00e9 tactile int\u00e9gr\u00e9 pour une navigation fluide<\/li>\n<li>Garantie de qualit\u00e9 OEM authentique<\/li>\n<li>Installation facile\u00a0: mettez \u00e0 niveau votre ordinateur portable sans effort<\/li>\n<\/ul>\n<p><strong>Pourquoi choisir Siggmo\u00a0?<\/strong> Chez Siggmo, nous sommes fiers de fournir des pi\u00e8ces d\u00e9tach\u00e9es haut de gamme pour ordinateurs portables \u00e0 nos clients en Europe et dans le monde entier. Notre cadre de repose-poignets pour Lenovo ThinkPad Z61t ne fait pas exception. Gr\u00e2ce \u00e0 de vraies photos illustrant la pi\u00e8ce que vous recevrez, nous vous garantissons transparence et confiance lors de votre achat.<\/p>\n<p>Mettez votre ordinateur portable \u00e0 niveau en toute simplicit\u00e9 avec Siggmo. Nous ne fournissons pas d&rsquo;instructions d\u00e9taill\u00e9es pour le remplacement des pi\u00e8ces, mais nous sommes l\u00e0 pour vous aider. N&rsquo;h\u00e9sitez pas \u00e0 nous contacter pour toute information ou assistance suppl\u00e9mentaire.<\/p>\n<p>Investissez dans la qualit\u00e9, investissez dans Siggmo\u00a0: votre r\u00e9f\u00e9rence en mati\u00e8re de pi\u00e8ces d&rsquo;origine pour ordinateur portable. Commandez le v\u00f4tre d\u00e8s maintenant et constatez la diff\u00e9rence\u00a0!<\/p>\n","protected":false},"excerpt":{"rendered":"<p>Sublimez votre Lenovo ThinkPad Z61t avec ce cadre repose-poignets d&rsquo;origine OEM avec pav\u00e9 tactile int\u00e9gr\u00e9. Remplacez facilement votre pi\u00e8ce us\u00e9e ou endommag\u00e9e. Qualit\u00e9 garantie chez Siggmo, votre fournisseur de confiance pour les pi\u00e8ces d\u00e9tach\u00e9es d&rsquo;ordinateurs portables.<\/p>\n","protected":false},"featured_media":12611,"template":"","meta":[],"product_brand":[],"product_cat":[63],"product_tag":[62],"class_list":{"0":"post-12544","1":"product","2":"type-product","3":"status-publish","4":"has-post-thumbnail","6":"product_cat-motherboards-board-parts","7":"product_tag-lenovo","9":"first","10":"instock","11":"taxable","12":"shipping-taxable","13":"purchasable","14":"product-type-simple"},"_links":{"self":[{"href":"https:\/\/boreait.com\/fr\/wp-json\/wp\/v2\/product\/12544","targetHints":{"allow":["GET"]}}],"collection":[{"href":"https:\/\/boreait.com\/fr\/wp-json\/wp\/v2\/product"}],"about":[{"href":"https:\/\/boreait.com\/fr\/wp-json\/wp\/v2\/types\/product"}],"wp:featuredmedia":[{"embeddable":true,"href":"https:\/\/boreait.com\/fr\/wp-json\/wp\/v2\/media\/12611"}],"wp:attachment":[{"href":"https:\/\/boreait.com\/fr\/wp-json\/wp\/v2\/media?parent=12544"}],"wp:term":[{"taxonomy":"product_brand","embeddable":true,"href":"https:\/\/boreait.com\/fr\/wp-json\/wp\/v2\/product_brand?post=12544"},{"taxonomy":"product_cat","embeddable":true,"href":"https:\/\/boreait.com\/fr\/wp-json\/wp\/v2\/product_cat?post=12544"},{"taxonomy":"product_tag","embeddable":true,"href":"https:\/\/boreait.com\/fr\/wp-json\/wp\/v2\/product_tag?post=12544"}],"curies":[{"name":"wp","href":"https:\/\/api.w.org\/{rel}","templated":true}]}}