{"id":12530,"date":"2025-09-15T16:16:02","date_gmt":"2025-09-15T14:16:02","guid":{"rendered":"https:\/\/boreait.com\/fr\/?post_type=product&#038;p=12530"},"modified":"2025-09-15T16:17:51","modified_gmt":"2025-09-15T14:17:51","slug":"kit-de-haut-parleurs-integres-pour-ordinateur-portable-lenovo-g70-g70-80-et-g70-70-gauche-et-droite","status":"publish","type":"product","link":"https:\/\/boreait.com\/fr\/produit\/kit-de-haut-parleurs-integres-pour-ordinateur-portable-lenovo-g70-g70-80-et-g70-70-gauche-et-droite\/","title":{"rendered":"Kit de haut-parleurs int\u00e9gr\u00e9s pour ordinateur portable Lenovo G70, G70-80 et G70-70 (gauche et droite)"},"content":{"rendered":"<p>Am\u00e9liorez les performances audio de votre ordinateur portable Lenovo s\u00e9rie G70 gr\u00e2ce \u00e0 notre nouveau kit exclusif de haut-parleurs int\u00e9gr\u00e9s. Sp\u00e9cialement con\u00e7u pour les mod\u00e8les Lenovo G70, G70-80 et G70-70, ce kit comprend des haut-parleurs gauche et droit, garantissant une exp\u00e9rience sonore compl\u00e8te et immersive. <\/p>\n<p><strong>Caract\u00e9ristiques principales\u00a0:<\/strong><\/p>\n<ul>\n<li><strong>Compatibilit\u00e9\u00a0:<\/strong> Con\u00e7u exclusivement pour les ordinateurs portables Lenovo G70, G70-80 et G70-70.<\/li>\n<li><strong>Qualit\u00e9 audio am\u00e9lior\u00e9e\u00a0:<\/strong> Profitez d&rsquo;un son d&rsquo;une clart\u00e9 et d&rsquo;une profondeur sup\u00e9rieures gr\u00e2ce \u00e0 ces haut-parleurs de remplacement d&rsquo;origine.<\/li>\n<li><strong>Installation facile\u00a0:<\/strong> Pas besoin d&rsquo;instructions compliqu\u00e9es\u00a0: le kit est fourni avec tout le n\u00e9cessaire pour une installation sans tracas.<\/li>\n<li><strong>Authenticit\u00e9 garantie\u00a0:<\/strong> Ayez l&rsquo;esprit tranquille\u00a0: vous recevez des pi\u00e8ces Lenovo authentiques pour votre ordinateur portable.<\/li>\n<li><strong>Livraison internationale\u00a0:<\/strong> Nous proposons une livraison internationale. O\u00f9 que vous soyez, nous pouvons vous livrer ces haut-parleurs de qualit\u00e9 \u00e0 domicile.<\/li>\n<\/ul>\n<p><strong>Remarque\u00a0:<\/strong><\/p>\n<ul>\n<li>Ce kit de haut-parleurs est Une pi\u00e8ce de rechange d&rsquo;origine pour ordinateurs portables Lenovo.<\/li>\n<li>Les instructions d&rsquo;installation d\u00e9taill\u00e9es ne sont pas incluses, mais si vous avez des questions ou besoin d&rsquo;aide, n&rsquo;h\u00e9sitez pas \u00e0 nous contacter. Nous sommes l\u00e0 pour vous aider\u00a0!<\/li>\n<li>Les images du produit pr\u00e9sentent les haut-parleurs que vous recevrez.<\/li>\n<\/ul>\n<p>Redynamisez les capacit\u00e9s audio de votre ordinateur portable d\u00e8s aujourd&rsquo;hui gr\u00e2ce \u00e0 notre nouveau kit de haut-parleurs int\u00e9gr\u00e9s. Commandez d\u00e8s maintenant et d\u00e9couvrez un niveau d&rsquo;excellence audio in\u00e9gal\u00e9 pour votre ordinateur portable Lenovo G70\u00a0!<\/p>\n","protected":false},"excerpt":{"rendered":"<p>Am\u00e9liorez l&rsquo;exp\u00e9rience audio de votre ordinateur portable Lenovo s\u00e9rie G70 gr\u00e2ce \u00e0 notre tout nouveau kit de haut-parleurs int\u00e9gr\u00e9s. Ce kit comprend des haut-parleurs gauche et droit, sp\u00e9cialement con\u00e7us pour les mod\u00e8les Lenovo G70, G70-80 et G70-70. Profitez d&rsquo;un son clair et net gr\u00e2ce \u00e0 cette pi\u00e8ce de rechange d&rsquo;origine. Facile \u00e0 installer, donnez un nouveau souffle aux performances audio de votre ordinateur portable d\u00e8s aujourd&rsquo;hui\u00a0!<\/p>\n","protected":false},"featured_media":12594,"template":"","meta":[],"product_brand":[],"product_cat":[54],"product_tag":[62],"class_list":{"0":"post-12530","1":"product","2":"type-product","3":"status-publish","4":"has-post-thumbnail","6":"product_cat-laptop-speakers","7":"product_tag-lenovo","9":"first","10":"instock","11":"taxable","12":"shipping-taxable","13":"purchasable","14":"product-type-simple"},"_links":{"self":[{"href":"https:\/\/boreait.com\/fr\/wp-json\/wp\/v2\/product\/12530","targetHints":{"allow":["GET"]}}],"collection":[{"href":"https:\/\/boreait.com\/fr\/wp-json\/wp\/v2\/product"}],"about":[{"href":"https:\/\/boreait.com\/fr\/wp-json\/wp\/v2\/types\/product"}],"wp:featuredmedia":[{"embeddable":true,"href":"https:\/\/boreait.com\/fr\/wp-json\/wp\/v2\/media\/12594"}],"wp:attachment":[{"href":"https:\/\/boreait.com\/fr\/wp-json\/wp\/v2\/media?parent=12530"}],"wp:term":[{"taxonomy":"product_brand","embeddable":true,"href":"https:\/\/boreait.com\/fr\/wp-json\/wp\/v2\/product_brand?post=12530"},{"taxonomy":"product_cat","embeddable":true,"href":"https:\/\/boreait.com\/fr\/wp-json\/wp\/v2\/product_cat?post=12530"},{"taxonomy":"product_tag","embeddable":true,"href":"https:\/\/boreait.com\/fr\/wp-json\/wp\/v2\/product_tag?post=12530"}],"curies":[{"name":"wp","href":"https:\/\/api.w.org\/{rel}","templated":true}]}}