{"id":12529,"date":"2025-09-15T16:16:02","date_gmt":"2025-09-15T14:16:02","guid":{"rendered":"https:\/\/boreait.com\/fr\/?post_type=product&#038;p=12529"},"modified":"2026-01-19T15:14:25","modified_gmt":"2026-01-19T14:14:25","slug":"carte-de-prise-casque-et-lecteur-de-carte-usb-dorigine-pour-ordinateur-portable-lenovo-ideapad-g70-80z70b70-80","status":"publish","type":"product","link":"https:\/\/boreait.com\/fr\/produit\/carte-de-prise-casque-et-lecteur-de-carte-usb-dorigine-pour-ordinateur-portable-lenovo-ideapad-g70-80z70b70-80\/","title":{"rendered":"Carte de prise casque et lecteur de carte USB d&rsquo;origine pour ordinateur portable Lenovo IdeaPad G70-80Z70B70-80"},"content":{"rendered":"<p>Am\u00e9liorez votre Lenovo IdeaPad G70-80\/Z70\/B70-80 avec notre carte de prise casque et lecteur de carte USB d&rsquo;origine, con\u00e7ue pour offrir des performances et une connectivit\u00e9 optimales. Cette carte remplace parfaitement les pi\u00e8ces endommag\u00e9es ou d\u00e9fectueuses, garantissant ainsi le fonctionnement optimal de votre ordinateur portable.<\/p>\n<p><strong>Caract\u00e9ristiques principales\u00a0:<\/strong><\/p>\n<ul>\n<li>Pi\u00e8ce Lenovo d&rsquo;origine\u00a0: Cette carte est un produit Lenovo authentique, garantissant compatibilit\u00e9 et fiabilit\u00e9.<\/li>\n<li>Lecteur de carte USB\u00a0: Transf\u00e9rez facilement les donn\u00e9es de vos cartes gr\u00e2ce au lecteur de carte int\u00e9gr\u00e9.<\/li>\n<li>Prise casque\u00a0: Profitez d&rsquo;un son cristallin gr\u00e2ce \u00e0 la prise casque int\u00e9gr\u00e9e.<\/li>\n<li>Compatibilit\u00e9\u00a0: Sp\u00e9cialement con\u00e7ue pour les mod\u00e8les Lenovo IdeaPad G70-80, Z70 et B70-80.<\/li>\n<\/ul>\n<p><strong>Installation facile\u00a0:<\/strong> L&rsquo;installation de cette carte est simple et ne n\u00e9cessite aucune instruction particuli\u00e8re. Si vous avez des questions ou besoin d&rsquo;aide, n&rsquo;h\u00e9sitez pas \u00e0 nous contacter. Bien que nous ne fournissions pas d&rsquo;instructions d\u00e9taill\u00e9es, nous sommes l\u00e0 pour r\u00e9pondre \u00e0 toutes vos questions.<\/p>\n<p><strong>Produit authentique, performances r\u00e9elles\u00a0:<\/strong> Les photos de cette annonce sont des images authentiques du produit que vous recevrez. Nous sommes fiers de fournir des repr\u00e9sentations fid\u00e8les \u00e0 la r\u00e9alit\u00e9, afin que vous puissiez acheter en toute confiance.<\/p>\n<p><strong>Livraison internationale\u00a0:<\/strong> Siggmo est la r\u00e9f\u00e9rence pour des pi\u00e8ces d\u00e9tach\u00e9es d&rsquo;ordinateur portable de qualit\u00e9. Nous exp\u00e9dions dans le monde entier, vous garantissant ainsi l&rsquo;obtention des composants dont vous avez besoin, o\u00f9 que vous soyez.<\/p>\n<p>Am\u00e9liorez votre ordinateur portable en toute confiance. Commandez d\u00e8s maintenant la carte lecteur de carte USB et prise casque Lenovo IdeaPad G70-80\/Z70\/B70-80 d&rsquo;origine et profitez d&rsquo;une connectivit\u00e9 fluide et de fonctionnalit\u00e9s am\u00e9lior\u00e9es.<\/p>\n","protected":false},"excerpt":{"rendered":"<p>Optimisez votre Lenovo IdeaPad G70-80\/Z70\/B70-80 avec cette carte de prise casque pour lecteur de carte USB d&rsquo;origine. Id\u00e9ale pour remplacer une carte d\u00e9fectueuse ou endommag\u00e9e. Achetez-la d\u00e8s maintenant pour des performances fiables et une connectivit\u00e9 optimale. Pi\u00e8ces d\u00e9tach\u00e9es pour ordinateur portable livr\u00e9es dans le monde entier par Siggmo.<\/p>\n","protected":false},"featured_media":12592,"template":"","meta":[],"product_brand":[],"product_cat":[63],"product_tag":[62],"class_list":{"0":"post-12529","1":"product","2":"type-product","3":"status-publish","4":"has-post-thumbnail","6":"product_cat-motherboards-board-parts","7":"product_tag-lenovo","9":"first","10":"instock","11":"taxable","12":"shipping-taxable","13":"purchasable","14":"product-type-simple"},"_links":{"self":[{"href":"https:\/\/boreait.com\/fr\/wp-json\/wp\/v2\/product\/12529","targetHints":{"allow":["GET"]}}],"collection":[{"href":"https:\/\/boreait.com\/fr\/wp-json\/wp\/v2\/product"}],"about":[{"href":"https:\/\/boreait.com\/fr\/wp-json\/wp\/v2\/types\/product"}],"wp:featuredmedia":[{"embeddable":true,"href":"https:\/\/boreait.com\/fr\/wp-json\/wp\/v2\/media\/12592"}],"wp:attachment":[{"href":"https:\/\/boreait.com\/fr\/wp-json\/wp\/v2\/media?parent=12529"}],"wp:term":[{"taxonomy":"product_brand","embeddable":true,"href":"https:\/\/boreait.com\/fr\/wp-json\/wp\/v2\/product_brand?post=12529"},{"taxonomy":"product_cat","embeddable":true,"href":"https:\/\/boreait.com\/fr\/wp-json\/wp\/v2\/product_cat?post=12529"},{"taxonomy":"product_tag","embeddable":true,"href":"https:\/\/boreait.com\/fr\/wp-json\/wp\/v2\/product_tag?post=12529"}],"curies":[{"name":"wp","href":"https:\/\/api.w.org\/{rel}","templated":true}]}}