{"id":12483,"date":"2025-09-15T16:14:42","date_gmt":"2025-09-15T14:14:42","guid":{"rendered":"https:\/\/boreait.com\/fr\/?post_type=product&#038;p=12483"},"modified":"2025-09-15T16:16:19","modified_gmt":"2025-09-15T14:16:19","slug":"carte-usb-dorigine-lenovo-thinkpad-r400-oem-avec-cable-44c4062-pieces-detachees-pour-ordinateur-portable","status":"publish","type":"product","link":"https:\/\/boreait.com\/fr\/produit\/carte-usb-dorigine-lenovo-thinkpad-r400-oem-avec-cable-44c4062-pieces-detachees-pour-ordinateur-portable\/","title":{"rendered":"Carte USB d&rsquo;origine Lenovo ThinkPad R400 OEM avec c\u00e2ble 44C4062 &#8211; Pi\u00e8ces d\u00e9tach\u00e9es pour ordinateur portable"},"content":{"rendered":"<p>Am\u00e9liorez votre Lenovo ThinkPad R400 avec notre carte et c\u00e2ble USB d&rsquo;origine (r\u00e9f\u00e9rence\u00a0: 44C4062). Cette pi\u00e8ce de rechange de haute qualit\u00e9 garantit une connectivit\u00e9 optimale et un transfert de donn\u00e9es efficace, restaurant ainsi les fonctionnalit\u00e9s de votre ordinateur portable comme neuf. <\/p>\n<p><strong>D\u00e9tails du produit\u00a0:<\/strong><\/p>\n<ul>\n<li><strong>Compatibilit\u00e9\u00a0:<\/strong> Con\u00e7u sp\u00e9cifiquement pour le Lenovo ThinkPad R400.<\/li>\n<li><strong>Qualit\u00e9 OEM\u00a0:<\/strong> Pi\u00e8ce d&rsquo;origine Lenovo pour des performances fiables.<\/li>\n<li><strong>Installation facile\u00a0:<\/strong> Conception intuitive pour un remplacement sans tracas.<\/li>\n<li><strong>Photos r\u00e9elles\u00a0:<\/strong> Les images de la liste sont des photos r\u00e9elles du produit que vous recevrez.<\/li>\n<li><strong>Livraison internationale\u00a0:<\/strong> Nous livrons partout dans le monde pour vous garantir la pi\u00e8ce dont vous avez besoin, o\u00f9 que vous soyez.<\/li>\n<\/ul>\n<p>Que vous r\u00e9pariez votre ordinateur portable ou que vous am\u00e9lioriez ses fonctionnalit\u00e9s, notre carte USB Lenovo d&rsquo;origine est le choix id\u00e9al. Veuillez noter que les instructions de remplacement ne sont pas incluses, mais n&rsquo;h\u00e9sitez pas \u00e0 nous contacter si vous avez besoin d&rsquo;aide. Effectuez votre mise \u00e0 niveau en toute confiance, sachant que vous obtenez un produit de qualit\u00e9 Siggmo. Achetez maintenant et d\u00e9couvrez la diff\u00e9rence de performance !<\/p>\n","protected":false},"excerpt":{"rendered":"<p>Am\u00e9liorez les fonctionnalit\u00e9s de votre Lenovo ThinkPad R400 avec cette carte USB OEM d&rsquo;origine, \u00e9quip\u00e9e d&rsquo;un c\u00e2ble de haute qualit\u00e9 (r\u00e9f\u00e9rence\u00a0: 44C4062). Profitez d&rsquo;une connectivit\u00e9 fluide et d&rsquo;un transfert de donn\u00e9es rapide. Pi\u00e8ces d&rsquo;origine, photos r\u00e9elles\u00a0: ce que vous voyez est ce que vous obtenez. Livraison internationale disponible.<\/p>\n","protected":false},"featured_media":12538,"template":"","meta":[],"product_brand":[],"product_cat":[60],"product_tag":[62],"class_list":{"0":"post-12483","1":"product","2":"type-product","3":"status-publish","4":"has-post-thumbnail","6":"product_cat-individual-keyboard-keys","7":"product_tag-lenovo","9":"first","10":"instock","11":"taxable","12":"shipping-taxable","13":"purchasable","14":"product-type-simple"},"_links":{"self":[{"href":"https:\/\/boreait.com\/fr\/wp-json\/wp\/v2\/product\/12483","targetHints":{"allow":["GET"]}}],"collection":[{"href":"https:\/\/boreait.com\/fr\/wp-json\/wp\/v2\/product"}],"about":[{"href":"https:\/\/boreait.com\/fr\/wp-json\/wp\/v2\/types\/product"}],"wp:featuredmedia":[{"embeddable":true,"href":"https:\/\/boreait.com\/fr\/wp-json\/wp\/v2\/media\/12538"}],"wp:attachment":[{"href":"https:\/\/boreait.com\/fr\/wp-json\/wp\/v2\/media?parent=12483"}],"wp:term":[{"taxonomy":"product_brand","embeddable":true,"href":"https:\/\/boreait.com\/fr\/wp-json\/wp\/v2\/product_brand?post=12483"},{"taxonomy":"product_cat","embeddable":true,"href":"https:\/\/boreait.com\/fr\/wp-json\/wp\/v2\/product_cat?post=12483"},{"taxonomy":"product_tag","embeddable":true,"href":"https:\/\/boreait.com\/fr\/wp-json\/wp\/v2\/product_tag?post=12483"}],"curies":[{"name":"wp","href":"https:\/\/api.w.org\/{rel}","templated":true}]}}