{"id":12452,"date":"2025-09-15T16:13:50","date_gmt":"2025-09-15T14:13:50","guid":{"rendered":"https:\/\/boreait.com\/fr\/?post_type=product&#038;p=12452"},"modified":"2025-09-15T16:15:31","modified_gmt":"2025-09-15T14:15:31","slug":"ensemble-denceintes-gauche-et-droite-pour-ordinateur-portable-medion-akoya-e7226-pieces-dorigine","status":"publish","type":"product","link":"https:\/\/boreait.com\/fr\/produit\/ensemble-denceintes-gauche-et-droite-pour-ordinateur-portable-medion-akoya-e7226-pieces-dorigine\/","title":{"rendered":"Ensemble d&rsquo;enceintes gauche et droite pour ordinateur portable Medion Akoya E7226\u00a0\u2013 Pi\u00e8ces d&rsquo;origine"},"content":{"rendered":"<p>Transformez le son de votre ordinateur portable Medion Akoya E7226 gr\u00e2ce \u00e0 notre ensemble exclusif de haut-parleurs, comprenant les haut-parleurs gauche et droit. Con\u00e7ues pour r\u00e9pondre aux sp\u00e9cifications d&rsquo;origine, ces pi\u00e8ces d&rsquo;origine pour ordinateur portable garantissent un remplacement ou une mise \u00e0 niveau facile de vos haut-parleurs existants.<\/p>\n<p><strong>Caract\u00e9ristiques principales\u00a0:<\/strong><\/p>\n<ul>\n<li><strong>Compatibilit\u00e9\u00a0:<\/strong> Sp\u00e9cialement con\u00e7u pour les ordinateurs portables Medion Akoya E7226.<\/li>\n<li><strong>Qualit\u00e9 audio am\u00e9lior\u00e9e\u00a0:<\/strong> Profitez d&rsquo;un son clair et immersif pour votre exp\u00e9rience multim\u00e9dia.<\/li>\n<li><strong>Pi\u00e8ces d&rsquo;origine\u00a0:<\/strong> L&rsquo;authenticit\u00e9 garantit la compatibilit\u00e9 et des performances optimales.<\/li>\n<li><strong>Installation facile\u00a0:<\/strong> Remplacez vos anciens haut-parleurs sans effort\u00a0; Aucune instruction complexe n&rsquo;est fournie, mais n&rsquo;h\u00e9sitez pas \u00e0 nous contacter si vous avez besoin d&rsquo;aide.\n<\/ul>\n<p>Que vous cherchiez \u00e0 remplacer un haut-parleur d\u00e9fectueux ou \u00e0 le remplacer pour un son am\u00e9lior\u00e9, notre ensemble de haut-parleurs Medion Akoya E7226 est la solution id\u00e9ale. Nous livrons dans le monde entier et les images des produits refl\u00e8tent exactement les pi\u00e8ces que vous recevrez. Am\u00e9liorez les performances audio de votre ordinateur portable d\u00e8s aujourd&rsquo;hui gr\u00e2ce \u00e0 ces pi\u00e8ces fiables et d&rsquo;origine.<\/p>\n","protected":false},"excerpt":{"rendered":"<p>Am\u00e9liorez l&rsquo;exp\u00e9rience audio de votre ordinateur portable Medion Akoya E7226 gr\u00e2ce \u00e0 notre kit de haut-parleurs d&rsquo;origine. Ce pack comprend les haut-parleurs gauche et droit, garantissant une qualit\u00e9 sonore optimale pour votre appareil. Am\u00e9liorez ou remplacez vos haut-parleurs actuels par ces pi\u00e8ces d&rsquo;origine Medion Akoya E7226. Livraison rapide dans le monde entier. Achetez maintenant\u00a0!<\/p>\n","protected":false},"featured_media":12511,"template":"","meta":[],"product_brand":[],"product_cat":[54],"product_tag":[94],"class_list":{"0":"post-12452","1":"product","2":"type-product","3":"status-publish","4":"has-post-thumbnail","6":"product_cat-laptop-speakers","7":"product_tag-medion","9":"first","10":"instock","11":"taxable","12":"shipping-taxable","13":"purchasable","14":"product-type-simple"},"_links":{"self":[{"href":"https:\/\/boreait.com\/fr\/wp-json\/wp\/v2\/product\/12452","targetHints":{"allow":["GET"]}}],"collection":[{"href":"https:\/\/boreait.com\/fr\/wp-json\/wp\/v2\/product"}],"about":[{"href":"https:\/\/boreait.com\/fr\/wp-json\/wp\/v2\/types\/product"}],"wp:featuredmedia":[{"embeddable":true,"href":"https:\/\/boreait.com\/fr\/wp-json\/wp\/v2\/media\/12511"}],"wp:attachment":[{"href":"https:\/\/boreait.com\/fr\/wp-json\/wp\/v2\/media?parent=12452"}],"wp:term":[{"taxonomy":"product_brand","embeddable":true,"href":"https:\/\/boreait.com\/fr\/wp-json\/wp\/v2\/product_brand?post=12452"},{"taxonomy":"product_cat","embeddable":true,"href":"https:\/\/boreait.com\/fr\/wp-json\/wp\/v2\/product_cat?post=12452"},{"taxonomy":"product_tag","embeddable":true,"href":"https:\/\/boreait.com\/fr\/wp-json\/wp\/v2\/product_tag?post=12452"}],"curies":[{"name":"wp","href":"https:\/\/api.w.org\/{rel}","templated":true}]}}