{"id":12380,"date":"2025-09-15T16:11:11","date_gmt":"2025-09-15T14:11:11","guid":{"rendered":"https:\/\/boreait.com\/fr\/?post_type=product&#038;p=12380"},"modified":"2026-01-19T14:42:09","modified_gmt":"2026-01-19T13:42:09","slug":"panneau-dacces-inferieur-avec-vis-pour-ordinateur-portable-hp-450-g2-ap15a000600","status":"publish","type":"product","link":"https:\/\/boreait.com\/fr\/produit\/panneau-dacces-inferieur-avec-vis-pour-ordinateur-portable-hp-450-g2-ap15a000600\/","title":{"rendered":"Panneau d&rsquo;acc\u00e8s inf\u00e9rieur avec vis pour ordinateur portable HP 450 G2, AP15A000600"},"content":{"rendered":"<p>Am\u00e9liorez votre HP 450 G2 avec notre panneau d&rsquo;acc\u00e8s inf\u00e9rieur de qualit\u00e9 sup\u00e9rieure. Ce composant de marque, fourni avec vis et support, est con\u00e7u pour faciliter l&rsquo;acc\u00e8s aux composants internes essentiels, pour une maintenance et des mises \u00e0 niveau simplifi\u00e9es. Que vous soyez passionn\u00e9 de technologie ou professionnel, cette pi\u00e8ce garantit le maintien d&rsquo;un ordinateur portable en parfait \u00e9tat.<\/p>\n<p><strong>Compatibilit\u00e9<\/strong>\u00a0: Ce panneau d&rsquo;acc\u00e8s est sp\u00e9cialement con\u00e7u pour les ordinateurs portables HP 450 G2 et garantit un ajustement parfait. Il s&rsquo;agit d&rsquo;une pi\u00e8ce de rechange d&rsquo;origine (r\u00e9f\u00e9rence AP15A000600), garantissant la m\u00eame qualit\u00e9 que l&rsquo;original.<\/p>\n<p><strong>Installation facile<\/strong>\u00a0: Les bricoleurs appr\u00e9cieront la simplicit\u00e9 du processus d&rsquo;installation. Pas besoin d&rsquo;instructions compliqu\u00e9es\u00a0: utilisez simplement les vis fournies pour fixer le panneau d&rsquo;acc\u00e8s et le support. En cas de probl\u00e8me ou de question, n&rsquo;h\u00e9sitez pas \u00e0 nous contacter pour obtenir de l&rsquo;aide. <\/p>\n<p><strong>Assurance qualit\u00e9<\/strong>\u00a0: Chez Siggmo, la qualit\u00e9 est notre priorit\u00e9. La porte d&rsquo;acc\u00e8s est fabriqu\u00e9e pour respecter, voire d\u00e9passer, les sp\u00e9cifications OEM, garantissant ainsi durabilit\u00e9 et long\u00e9vit\u00e9. Faites confiance \u00e0 la fiabilit\u00e9 de nos pi\u00e8ces d\u00e9tach\u00e9es pour ordinateur portable afin que votre HP 450 G2 fonctionne parfaitement.<\/p>\n<p><strong>Livraison internationale<\/strong>\u00a0: Nous comprenons que votre ordinateur portable est essentiel \u00e0 vos activit\u00e9s quotidiennes. C&rsquo;est pourquoi nous proposons une livraison internationale, vous permettant ainsi de vous procurer cette pi\u00e8ce essentielle, o\u00f9 que vous soyez.<\/p>\n<p><strong>Achetez en toute confiance<\/strong>\u00a0: Siggmo est votre fournisseur de confiance pour des pi\u00e8ces d\u00e9tach\u00e9es d&rsquo;ordinateur portable de haute qualit\u00e9. Chaque produit est soigneusement inspect\u00e9 et v\u00e9rifi\u00e9 pour garantir sa conformit\u00e9 \u00e0 nos normes de qualit\u00e9 strictes. Achetez en toute confiance et am\u00e9liorez votre HP 450 G2 d\u00e8s aujourd&rsquo;hui.<\/p>\n","protected":false},"excerpt":{"rendered":"<p>Am\u00e9liorez votre HP 450 G2 avec ce panneau d&rsquo;acc\u00e8s inf\u00e9rieur de marque, fourni avec vis et support. Facile \u00e0 installer, il est id\u00e9al pour les mises \u00e0 niveau DIY. D\u00e9couvrez des pi\u00e8ces d\u00e9tach\u00e9es pour ordinateur portable de qualit\u00e9 sup\u00e9rieure chez Siggmo.<\/p>\n","protected":false},"featured_media":12449,"template":"","meta":[],"product_brand":[],"product_cat":[52],"product_tag":[61],"class_list":{"0":"post-12380","1":"product","2":"type-product","3":"status-publish","4":"has-post-thumbnail","6":"product_cat-laptop-housing","7":"product_tag-hp","9":"first","10":"instock","11":"taxable","12":"shipping-taxable","13":"purchasable","14":"product-type-simple"},"_links":{"self":[{"href":"https:\/\/boreait.com\/fr\/wp-json\/wp\/v2\/product\/12380","targetHints":{"allow":["GET"]}}],"collection":[{"href":"https:\/\/boreait.com\/fr\/wp-json\/wp\/v2\/product"}],"about":[{"href":"https:\/\/boreait.com\/fr\/wp-json\/wp\/v2\/types\/product"}],"wp:featuredmedia":[{"embeddable":true,"href":"https:\/\/boreait.com\/fr\/wp-json\/wp\/v2\/media\/12449"}],"wp:attachment":[{"href":"https:\/\/boreait.com\/fr\/wp-json\/wp\/v2\/media?parent=12380"}],"wp:term":[{"taxonomy":"product_brand","embeddable":true,"href":"https:\/\/boreait.com\/fr\/wp-json\/wp\/v2\/product_brand?post=12380"},{"taxonomy":"product_cat","embeddable":true,"href":"https:\/\/boreait.com\/fr\/wp-json\/wp\/v2\/product_cat?post=12380"},{"taxonomy":"product_tag","embeddable":true,"href":"https:\/\/boreait.com\/fr\/wp-json\/wp\/v2\/product_tag?post=12380"}],"curies":[{"name":"wp","href":"https:\/\/api.w.org\/{rel}","templated":true}]}}