{"id":12322,"date":"2025-09-15T16:09:40","date_gmt":"2025-09-15T14:09:40","guid":{"rendered":"https:\/\/boreait.com\/fr\/?post_type=product&#038;p=12322"},"modified":"2025-09-15T16:11:41","modified_gmt":"2025-09-15T14:11:41","slug":"carte-dalimentation-et-cable-dorigine-pour-ordinateur-portable-ibm-lenovo-3000-n200-n100-remplacement-oem","status":"publish","type":"product","link":"https:\/\/boreait.com\/fr\/produit\/carte-dalimentation-et-cable-dorigine-pour-ordinateur-portable-ibm-lenovo-3000-n200-n100-remplacement-oem\/","title":{"rendered":"Carte d&rsquo;alimentation et c\u00e2ble d&rsquo;origine pour ordinateur portable IBM Lenovo 3000 N200 N100 | Remplacement OEM"},"content":{"rendered":"<p>Am\u00e9liorez et restaurez l&rsquo;alimentation de votre ordinateur portable IBM Lenovo 3000 N200 N100 gr\u00e2ce \u00e0 notre carte bouton d&rsquo;alimentation et c\u00e2ble de remplacement d&rsquo;origine. Con\u00e7u pour un ajustement parfait et une qualit\u00e9 OEM, ce composant assure une int\u00e9gration parfaite avec votre ordinateur portable. Si votre bouton d&rsquo;alimentation ne r\u00e9pond pas ou fonctionne mal, cette pi\u00e8ce de rechange est la solution qu&rsquo;il vous faut.<\/p>\n<p><strong>Compatibilit\u00e9<\/strong>\u00a0: Con\u00e7u sp\u00e9cifiquement pour les ordinateurs portables IBM Lenovo 3000 N200 et 3000 N100, cet ensemble carte bouton d&rsquo;alimentation et c\u00e2ble garantit une compatibilit\u00e9 parfaite.<\/p>\n<p><strong>Assurance qualit\u00e9<\/strong>\u00a0: Nos pi\u00e8ces de rechange proviennent de fournisseurs r\u00e9put\u00e9s afin de garantir qu&rsquo;elles r\u00e9pondent aux normes \u00e9lev\u00e9es d&rsquo;IBM Lenovo. Vous pouvez faire confiance \u00e0 la qualit\u00e9 et \u00e0 la fiabilit\u00e9 de cette pi\u00e8ce de rechange OEM.<\/p>\n<p><strong>Installation facile<\/strong>\u00a0: Pas besoin de vous soucier des installations complexes. La carte bouton d&rsquo;alimentation et c\u00e2ble est con\u00e7ue pour un remplacement simple. Bien que nous ne fournissions pas d&rsquo;instructions d&rsquo;installation sp\u00e9cifiques, n&rsquo;h\u00e9sitez pas \u00e0 nous contacter si vous avez besoin d&rsquo;aide.<\/p>\n<p><strong>Livraison internationale<\/strong>\u00a0: Que vous soyez en Europe ou ailleurs dans le monde, nous proposons une livraison rapide et fiable pour remettre votre ordinateur portable en \u00e9tat de marche rapidement.<\/p>\n<p><strong>Photos authentiques, pi\u00e8ces authentiques<\/strong>\u00a0: Les images de cette annonce sont des photos authentiques de la carte du bouton d&rsquo;alimentation et du c\u00e2ble que vous recevrez. Pas de surprise\u00a0: vous recevrez exactement la pi\u00e8ce dont vous avez besoin.<\/p>\n<p>Am\u00e9liorez les fonctionnalit\u00e9s de votre ordinateur portable IBM Lenovo avec cette carte du bouton d&rsquo;alimentation et son c\u00e2ble de remplacement. Pour toute question ou assistance, n&rsquo;h\u00e9sitez pas \u00e0 nous contacter. Votre satisfaction est notre priorit\u00e9.<\/p>\n","protected":false},"excerpt":{"rendered":"<p>Remplacez le bouton d&rsquo;alimentation de votre ordinateur portable par cette carte bouton d&rsquo;alimentation et son c\u00e2ble d&rsquo;origine pour IBM Lenovo 3000 N200 N100. Qualit\u00e9 OEM garantie pour une int\u00e9gration parfaite. Remettez votre ordinateur portable en marche gr\u00e2ce \u00e0 cette pi\u00e8ce de rechange fiable. Livraison rapide en Europe et dans le monde entier.<\/p>\n","protected":false},"featured_media":12393,"template":"","meta":[],"product_brand":[],"product_cat":[63],"product_tag":[62],"class_list":{"0":"post-12322","1":"product","2":"type-product","3":"status-publish","4":"has-post-thumbnail","6":"product_cat-motherboards-board-parts","7":"product_tag-lenovo","9":"first","10":"instock","11":"taxable","12":"shipping-taxable","13":"purchasable","14":"product-type-simple"},"_links":{"self":[{"href":"https:\/\/boreait.com\/fr\/wp-json\/wp\/v2\/product\/12322","targetHints":{"allow":["GET"]}}],"collection":[{"href":"https:\/\/boreait.com\/fr\/wp-json\/wp\/v2\/product"}],"about":[{"href":"https:\/\/boreait.com\/fr\/wp-json\/wp\/v2\/types\/product"}],"wp:featuredmedia":[{"embeddable":true,"href":"https:\/\/boreait.com\/fr\/wp-json\/wp\/v2\/media\/12393"}],"wp:attachment":[{"href":"https:\/\/boreait.com\/fr\/wp-json\/wp\/v2\/media?parent=12322"}],"wp:term":[{"taxonomy":"product_brand","embeddable":true,"href":"https:\/\/boreait.com\/fr\/wp-json\/wp\/v2\/product_brand?post=12322"},{"taxonomy":"product_cat","embeddable":true,"href":"https:\/\/boreait.com\/fr\/wp-json\/wp\/v2\/product_cat?post=12322"},{"taxonomy":"product_tag","embeddable":true,"href":"https:\/\/boreait.com\/fr\/wp-json\/wp\/v2\/product_tag?post=12322"}],"curies":[{"name":"wp","href":"https:\/\/api.w.org\/{rel}","templated":true}]}}