{"id":12316,"date":"2025-09-15T16:09:38","date_gmt":"2025-09-15T14:09:38","guid":{"rendered":"https:\/\/boreait.com\/fr\/?post_type=product&#038;p=12316"},"modified":"2025-09-15T16:11:06","modified_gmt":"2025-09-15T14:11:06","slug":"clavier-sa-sl-cr-pour-lenovo-ideapad-3000-y330-y430-f41-n200-n100-42t3394-42t3426","status":"publish","type":"product","link":"https:\/\/boreait.com\/fr\/produit\/clavier-sa-sl-cr-pour-lenovo-ideapad-3000-y330-y430-f41-n200-n100-42t3394-42t3426\/","title":{"rendered":"Clavier SA SL CR pour Lenovo IdeaPad 3000 Y330 Y430 F41 N200 N100 42T3394 42T3426"},"content":{"rendered":"<p>Am\u00e9liorez les performances de votre Lenovo IdeaPad gr\u00e2ce \u00e0 notre clavier premium SA SL CR, sp\u00e9cialement con\u00e7u pour les mod\u00e8les Y330, Y430, F41, N200 et N100. Con\u00e7u pour une durabilit\u00e9 et une pr\u00e9cision optimales, ce clavier (r\u00e9f\u00e9rences 42T3394 et 42T3426) garantit une exp\u00e9rience de frappe fluide.<\/p>\n<p><strong>Caract\u00e9ristiques principales\u00a0:<\/strong><\/p>\n<ul>\n<li><strong>Compatibilit\u00e9\u00a0:<\/strong> Con\u00e7u pour la s\u00e9rie Lenovo IdeaPad 3000, y compris les mod\u00e8les Y330, Y430, F41, N200 et N100.<\/li>\n<li><strong>Disposition\u00a0:<\/strong> SA SL CR (serbe, slov\u00e8ne, croate) pour une frappe efficace et confortable. \u00c9galement compatible avec d&rsquo;autres configurations et langues.<\/li>\n<li><strong>Pi\u00e8ce de rechange d&rsquo;origine\u00a0:<\/strong> Remplacez votre clavier us\u00e9 ou d\u00e9fectueux par cette pi\u00e8ce d&rsquo;origine pour des performances optimales.<\/li>\n<li><strong>Installation facile\u00a0:<\/strong> Remplacez votre ancien clavier en toute simplicit\u00e9. Pas besoin d&rsquo;instructions compliqu\u00e9es\u00a0\u2013 id\u00e9al pour les bricoleurs.<\/li>\n<li><strong>Livraison internationale\u00a0:<\/strong> Nous proposons des options de livraison rapides et fiables, vous garantissant ainsi la r\u00e9ception de votre clavier de remplacement o\u00f9 que vous soyez.<\/li>\n<\/ul>\n<p><strong>Remarque\u00a0:<\/strong> Nous fournissons de vraies photos du clavier que vous recevrez, vous offrant ainsi une vue transparente du produit. Pour toute question ou assistance concernant l&rsquo;installation, n&rsquo;h\u00e9sitez pas \u00e0 nous contacter. Am\u00e9liorez votre Lenovo IdeaPad d\u00e8s aujourd&rsquo;hui avec notre clavier haut de gamme \u00e0 configuration SA SL CR, alliant fonctionnalit\u00e9 et qualit\u00e9.<\/p>\n","protected":false},"excerpt":{"rendered":"<p>Am\u00e9liorez votre Lenovo IdeaPad avec ce clavier SA SL CR de haute qualit\u00e9. Compatible avec diff\u00e9rents mod\u00e8les, dont les mod\u00e8les Y330, Y430, F41, N200 et N100. Am\u00e9liorez votre exp\u00e9rience de frappe et remplacez votre clavier ancien ou d\u00e9fectueux par cette pi\u00e8ce d&rsquo;origine (42T3394 42T3426).<\/p>\n","protected":false},"featured_media":12373,"template":"","meta":[],"product_brand":[],"product_cat":[71],"product_tag":[62],"class_list":{"0":"post-12316","1":"product","2":"type-product","3":"status-publish","4":"has-post-thumbnail","6":"product_cat-laptop-keyboard","7":"product_tag-lenovo","9":"first","10":"instock","11":"taxable","12":"shipping-taxable","13":"purchasable","14":"product-type-simple"},"_links":{"self":[{"href":"https:\/\/boreait.com\/fr\/wp-json\/wp\/v2\/product\/12316","targetHints":{"allow":["GET"]}}],"collection":[{"href":"https:\/\/boreait.com\/fr\/wp-json\/wp\/v2\/product"}],"about":[{"href":"https:\/\/boreait.com\/fr\/wp-json\/wp\/v2\/types\/product"}],"wp:featuredmedia":[{"embeddable":true,"href":"https:\/\/boreait.com\/fr\/wp-json\/wp\/v2\/media\/12373"}],"wp:attachment":[{"href":"https:\/\/boreait.com\/fr\/wp-json\/wp\/v2\/media?parent=12316"}],"wp:term":[{"taxonomy":"product_brand","embeddable":true,"href":"https:\/\/boreait.com\/fr\/wp-json\/wp\/v2\/product_brand?post=12316"},{"taxonomy":"product_cat","embeddable":true,"href":"https:\/\/boreait.com\/fr\/wp-json\/wp\/v2\/product_cat?post=12316"},{"taxonomy":"product_tag","embeddable":true,"href":"https:\/\/boreait.com\/fr\/wp-json\/wp\/v2\/product_tag?post=12316"}],"curies":[{"name":"wp","href":"https:\/\/api.w.org\/{rel}","templated":true}]}}