{"id":12304,"date":"2025-09-15T16:09:14","date_gmt":"2025-09-15T14:09:14","guid":{"rendered":"https:\/\/boreait.com\/fr\/?post_type=product&#038;p=12304"},"modified":"2025-09-15T16:10:43","modified_gmt":"2025-09-15T14:10:43","slug":"lecteur-dvd-dorigine-hp-700577-1c3-uj8fba-pieces-de-rechange-pour-ordinateur-portable-livraison-internationale","status":"publish","type":"product","link":"https:\/\/boreait.com\/fr\/produit\/lecteur-dvd-dorigine-hp-700577-1c3-uj8fba-pieces-de-rechange-pour-ordinateur-portable-livraison-internationale\/","title":{"rendered":"Lecteur DVD d&rsquo;origine HP 700577-1C3 UJ8FBA, pi\u00e8ces de rechange pour ordinateur portable, livraison internationale"},"content":{"rendered":"<p>Am\u00e9liorez votre ordinateur portable avec le lecteur DVD HP authentique 700577-1C3 UJ8FBA, une pi\u00e8ce de rechange haut de gamme con\u00e7ue pour une compatibilit\u00e9 optimale avec votre ordinateur portable HP. Ce lecteur DVD est un produit d&rsquo;origine, garantissant authenticit\u00e9 et performances optimales. Que vous remplaciez un lecteur d\u00e9fectueux ou que vous mettiez \u00e0 niveau votre syst\u00e8me, ce lecteur DVD HP est le choix id\u00e9al.<\/p>\n<p>Principales caract\u00e9ristiques\u00a0:<\/p>\n<ul>\n<li>Pi\u00e8ce de rechange HP authentique (700577-1C3 UJ8FBA).<\/li>\n<li>Compatible avec une large gamme d&rsquo;ordinateurs portables HP.<\/li>\n<li>Lecteur DVD fiable et de haute qualit\u00e9 pour des performances optimales.<\/li>\n<li>Livraison internationale disponible pour votre commodit\u00e9.<\/li>\n<\/ul>\n<p>Remarque\u00a0: Cette annonce comprend de vraies photos du produit afin que vous puissiez visualiser exactement ce que vous recevrez. Nous ne fournissons pas d&rsquo;instructions sp\u00e9cifiques pour le remplacement des pi\u00e8ces, mais n&rsquo;h\u00e9sitez pas \u00e0 nous contacter si vous avez besoin d&rsquo;aide ou des questions. Am\u00e9liorez votre ordinateur portable en toute confiance\u00a0: commandez d\u00e8s aujourd&rsquo;hui le lecteur DVD HP d&rsquo;origine\u00a0!<\/p>\n","protected":false},"excerpt":{"rendered":"<p>Am\u00e9liorez les performances de votre ordinateur portable avec le lecteur DVD HP authentique 700577-1C3 UJ8FBA. Ce lecteur DVD de haute qualit\u00e9 est une pi\u00e8ce de rechange d&rsquo;origine, garantissant compatibilit\u00e9 et performances optimales. Livraison internationale disponible. Am\u00e9liorez votre ordinateur portable d\u00e8s aujourd&rsquo;hui\u00a0!<\/p>\n","protected":false},"featured_media":12368,"template":"","meta":[],"product_brand":[],"product_cat":[63],"product_tag":[61],"class_list":{"0":"post-12304","1":"product","2":"type-product","3":"status-publish","4":"has-post-thumbnail","6":"product_cat-motherboards-board-parts","7":"product_tag-hp","9":"first","10":"instock","11":"taxable","12":"shipping-taxable","13":"purchasable","14":"product-type-simple"},"_links":{"self":[{"href":"https:\/\/boreait.com\/fr\/wp-json\/wp\/v2\/product\/12304","targetHints":{"allow":["GET"]}}],"collection":[{"href":"https:\/\/boreait.com\/fr\/wp-json\/wp\/v2\/product"}],"about":[{"href":"https:\/\/boreait.com\/fr\/wp-json\/wp\/v2\/types\/product"}],"wp:featuredmedia":[{"embeddable":true,"href":"https:\/\/boreait.com\/fr\/wp-json\/wp\/v2\/media\/12368"}],"wp:attachment":[{"href":"https:\/\/boreait.com\/fr\/wp-json\/wp\/v2\/media?parent=12304"}],"wp:term":[{"taxonomy":"product_brand","embeddable":true,"href":"https:\/\/boreait.com\/fr\/wp-json\/wp\/v2\/product_brand?post=12304"},{"taxonomy":"product_cat","embeddable":true,"href":"https:\/\/boreait.com\/fr\/wp-json\/wp\/v2\/product_cat?post=12304"},{"taxonomy":"product_tag","embeddable":true,"href":"https:\/\/boreait.com\/fr\/wp-json\/wp\/v2\/product_tag?post=12304"}],"curies":[{"name":"wp","href":"https:\/\/api.w.org\/{rel}","templated":true}]}}