{"id":12302,"date":"2025-09-15T16:09:13","date_gmt":"2025-09-15T14:09:13","guid":{"rendered":"https:\/\/boreait.com\/fr\/?post_type=product&#038;p=12302"},"modified":"2025-09-15T16:10:39","modified_gmt":"2025-09-15T14:10:39","slug":"carte-usb-dorigine-medion-akoya-p6685-p6687-69n10ad22a01-pieces-detachees-pour-ordinateur-portable","status":"publish","type":"product","link":"https:\/\/boreait.com\/fr\/produit\/carte-usb-dorigine-medion-akoya-p6685-p6687-69n10ad22a01-pieces-detachees-pour-ordinateur-portable\/","title":{"rendered":"Carte USB d&rsquo;origine MEDION Akoya P6685 | P6687 69N10AD22A01 &#8211; Pi\u00e8ces d\u00e9tach\u00e9es pour ordinateur portable"},"content":{"rendered":"<p>Am\u00e9liorez les fonctionnalit\u00e9s de votre ordinateur portable MEDION Akoya P6685 ou P6687 avec cette carte USB d&rsquo;origine (r\u00e9f\u00e9rence\u00a0: 69N10AD22A01). Provenant directement du fabricant, cette carte USB garantit des performances et une compatibilit\u00e9 optimales.<\/p>\n<p><strong>Compatibilit\u00e9\u00a0:<\/strong><\/p>\n<ul>\n<li>Compatible avec les ordinateurs portables MEDION Akoya P6685 | P6687.<\/li>\n<\/ul>\n<p><strong>Assurance qualit\u00e9\u00a0:<\/strong> Notre carte USB est une pi\u00e8ce de rechange MEDION d&rsquo;origine, garantissant fiabilit\u00e9 et compatibilit\u00e9 avec votre ordinateur portable. Chez Siggmo, nous privil\u00e9gions la qualit\u00e9 pour vous offrir la meilleure exp\u00e9rience possible.<\/p>\n<p><strong>Installation facile\u00a0:<\/strong> Mettez \u00e0 niveau votre ordinateur portable en toute simplicit\u00e9. Cette carte USB est con\u00e7ue pour une installation facile. Bien que nous ne fournissions pas d&rsquo;instructions \u00e9tape par \u00e9tape, n&rsquo;h\u00e9sitez pas \u00e0 nous contacter si vous avez besoin d&rsquo;aide. <\/p>\n<p><strong>Informations de livraison\u00a0:<\/strong> Nous proposons une livraison rapide et fiable \u00e0 nos clients en Europe et dans le monde entier. Soyez assur\u00e9 que le produit que vous voyez sur les photos est exactement celui que vous recevrez. Nos annonces pr\u00e9sentent de vraies photos des pi\u00e8ces pour vous permettre de bien comprendre le produit.<\/p>\n<p><strong>Pourquoi choisir Siggmo\u00a0?<\/strong> Siggmo est votre fournisseur de confiance pour les pi\u00e8ces d\u00e9tach\u00e9es d&rsquo;ordinateurs portables. Soucieux de la qualit\u00e9 et de la satisfaction client, nous nous effor\u00e7ons de fournir des composants authentiques pour diff\u00e9rents mod\u00e8les d&rsquo;ordinateurs portables. Pour toute question ou besoin d&rsquo;aide, n&rsquo;h\u00e9sitez pas \u00e0 nous contacter.<\/p>\n<p>Am\u00e9liorez votre ordinateur portable MEDION en toute confiance. Commandez d\u00e8s aujourd&rsquo;hui votre carte USB MEDION Akoya P6685 | P6687 (69N10AD22A01) d&rsquo;origine chez Siggmo. Votre satisfaction est notre priorit\u00e9.<\/p>\n","protected":false},"excerpt":{"rendered":"<p><strong>Am\u00e9liorez votre MEDION Akoya P6685 ou P6687 avec cette carte USB d&rsquo;origine (r\u00e9f\u00e9rence\u00a0: 69N10AD22A01). Assurez une connectivit\u00e9 optimale avec des pi\u00e8ces de rechange authentiques. Livraison rapide et fiable en Europe et dans le monde entier. Faites confiance \u00e0 Siggmo pour des pi\u00e8ces d&rsquo;ordinateur portable de qualit\u00e9.<\/strong><\/p>\n","protected":false},"featured_media":12366,"template":"","meta":[],"product_brand":[],"product_cat":[63],"product_tag":[94],"class_list":{"0":"post-12302","1":"product","2":"type-product","3":"status-publish","4":"has-post-thumbnail","6":"product_cat-motherboards-board-parts","7":"product_tag-medion","9":"first","10":"instock","11":"taxable","12":"shipping-taxable","13":"purchasable","14":"product-type-simple"},"_links":{"self":[{"href":"https:\/\/boreait.com\/fr\/wp-json\/wp\/v2\/product\/12302","targetHints":{"allow":["GET"]}}],"collection":[{"href":"https:\/\/boreait.com\/fr\/wp-json\/wp\/v2\/product"}],"about":[{"href":"https:\/\/boreait.com\/fr\/wp-json\/wp\/v2\/types\/product"}],"wp:featuredmedia":[{"embeddable":true,"href":"https:\/\/boreait.com\/fr\/wp-json\/wp\/v2\/media\/12366"}],"wp:attachment":[{"href":"https:\/\/boreait.com\/fr\/wp-json\/wp\/v2\/media?parent=12302"}],"wp:term":[{"taxonomy":"product_brand","embeddable":true,"href":"https:\/\/boreait.com\/fr\/wp-json\/wp\/v2\/product_brand?post=12302"},{"taxonomy":"product_cat","embeddable":true,"href":"https:\/\/boreait.com\/fr\/wp-json\/wp\/v2\/product_cat?post=12302"},{"taxonomy":"product_tag","embeddable":true,"href":"https:\/\/boreait.com\/fr\/wp-json\/wp\/v2\/product_tag?post=12302"}],"curies":[{"name":"wp","href":"https:\/\/api.w.org\/{rel}","templated":true}]}}