{"id":12301,"date":"2025-09-15T16:09:13","date_gmt":"2025-09-15T14:09:13","guid":{"rendered":"https:\/\/boreait.com\/fr\/?post_type=product&#038;p=12301"},"modified":"2025-09-15T16:10:33","modified_gmt":"2025-09-15T14:10:33","slug":"souris-tactile-dorigine-cable-pour-medion-e6439-md-61188-04a1-00k6100","status":"publish","type":"product","link":"https:\/\/boreait.com\/fr\/produit\/souris-tactile-dorigine-cable-pour-medion-e6439-md-61188-04a1-00k6100\/","title":{"rendered":"Souris tactile d&rsquo;origine + c\u00e2ble pour MEDION E6439 MD 61188 04A1-00K6100"},"content":{"rendered":"<p>Am\u00e9liorez ou remplacez le pav\u00e9 tactile, la souris et le c\u00e2ble de votre ordinateur portable MEDION E6439 MD 61188 04A1-00K6100 par cette pi\u00e8ce d&rsquo;origine. Retrouvez une navigation fluide et un contr\u00f4le pr\u00e9cis du curseur sur votre appareil, pour une exp\u00e9rience utilisateur optimale. Fabriqu\u00e9 selon les normes les plus strictes, cet ensemble pav\u00e9 tactile, souris et c\u00e2ble garantit compatibilit\u00e9 et fiabilit\u00e9. L&rsquo;installation est simple, vous permettant de remettre votre ordinateur portable en marche rapidement et sans tracas. Ne vous contentez pas de pi\u00e8ces d\u00e9tach\u00e9es\u00a0: choisissez des pi\u00e8ces MEDION authentiques pour des performances sup\u00e9rieures et une tranquillit\u00e9 d&rsquo;esprit optimale.<\/p>\n","protected":false},"excerpt":{"rendered":"<p>Retrouvez une navigation fluide et un contr\u00f4le pr\u00e9cis du curseur sur votre ordinateur portable MEDION E6439 MD 61188 04A1-00K6100 gr\u00e2ce \u00e0 cet ensemble pav\u00e9 tactile, souris et c\u00e2ble d&rsquo;origine. Facile \u00e0 installer et fabriqu\u00e9 selon les normes les plus strictes, il garantit une exp\u00e9rience utilisateur optimale.<\/p>\n","protected":false},"featured_media":12357,"template":"","meta":[],"product_brand":[],"product_cat":[78],"product_tag":[94],"class_list":{"0":"post-12301","1":"product","2":"type-product","3":"status-publish","4":"has-post-thumbnail","6":"product_cat-laptop-touchpads","7":"product_tag-medion","9":"first","10":"instock","11":"taxable","12":"shipping-taxable","13":"purchasable","14":"product-type-simple"},"_links":{"self":[{"href":"https:\/\/boreait.com\/fr\/wp-json\/wp\/v2\/product\/12301","targetHints":{"allow":["GET"]}}],"collection":[{"href":"https:\/\/boreait.com\/fr\/wp-json\/wp\/v2\/product"}],"about":[{"href":"https:\/\/boreait.com\/fr\/wp-json\/wp\/v2\/types\/product"}],"wp:featuredmedia":[{"embeddable":true,"href":"https:\/\/boreait.com\/fr\/wp-json\/wp\/v2\/media\/12357"}],"wp:attachment":[{"href":"https:\/\/boreait.com\/fr\/wp-json\/wp\/v2\/media?parent=12301"}],"wp:term":[{"taxonomy":"product_brand","embeddable":true,"href":"https:\/\/boreait.com\/fr\/wp-json\/wp\/v2\/product_brand?post=12301"},{"taxonomy":"product_cat","embeddable":true,"href":"https:\/\/boreait.com\/fr\/wp-json\/wp\/v2\/product_cat?post=12301"},{"taxonomy":"product_tag","embeddable":true,"href":"https:\/\/boreait.com\/fr\/wp-json\/wp\/v2\/product_tag?post=12301"}],"curies":[{"name":"wp","href":"https:\/\/api.w.org\/{rel}","templated":true}]}}