{"id":12290,"date":"2025-09-15T16:08:50","date_gmt":"2025-09-15T14:08:50","guid":{"rendered":"https:\/\/boreait.com\/fr\/?post_type=product&#038;p=12290"},"modified":"2025-09-15T16:10:26","modified_gmt":"2025-09-15T14:10:26","slug":"carte-bluetooth-broadcom-bcm92070md-cable-pour-dell-e6420-e6430-0g9m5x","status":"publish","type":"product","link":"https:\/\/boreait.com\/fr\/produit\/carte-bluetooth-broadcom-bcm92070md-cable-pour-dell-e6420-e6430-0g9m5x\/","title":{"rendered":"Carte Bluetooth Broadcom BCM92070MD + c\u00e2ble pour Dell E6420 E6430 0G9M5X"},"content":{"rendered":"<p>Am\u00e9liorez votre ordinateur portable Dell E6420 ou E6430 avec la carte Bluetooth Broadcom BCM92070MD et son c\u00e2ble pour une connectivit\u00e9 sans fil fluide. Cette pi\u00e8ce de rechange Dell d&rsquo;origine garantit compatibilit\u00e9 et performances fiables, vous permettant de connecter facilement votre ordinateur portable \u00e0 des appareils Bluetooth tels que des enceintes, des \u00e9couteurs et des smartphones. Le c\u00e2ble inclus simplifie l&rsquo;installation, la rendant simple pour les utilisateurs de tous niveaux. Am\u00e9liorez votre productivit\u00e9 et votre confort en ajoutant la fonctionnalit\u00e9 Bluetooth \u00e0 votre ordinateur portable Dell. Investissez d\u00e8s aujourd&rsquo;hui dans la carte Bluetooth Broadcom BCM92070MD et son c\u00e2ble\u00a0!<\/p>\n","protected":false},"excerpt":{"rendered":"<p>Am\u00e9liorez votre ordinateur portable Dell E6420 ou E6430 avec la carte Bluetooth Broadcom BCM92070MD et son c\u00e2ble pour une connectivit\u00e9 sans fil fluide. Cette pi\u00e8ce de rechange Dell d&rsquo;origine garantit compatibilit\u00e9 et performances fiables. Installation facile gr\u00e2ce au c\u00e2ble fourni. Am\u00e9liorez votre productivit\u00e9 et votre confort en ajoutant la fonctionnalit\u00e9 Bluetooth \u00e0 votre ordinateur portable Dell.<\/p>\n","protected":false},"featured_media":12353,"template":"","meta":[],"product_brand":[],"product_cat":[63],"product_tag":[53],"class_list":{"0":"post-12290","1":"product","2":"type-product","3":"status-publish","4":"has-post-thumbnail","6":"product_cat-motherboards-board-parts","7":"product_tag-dell","9":"first","10":"instock","11":"taxable","12":"shipping-taxable","13":"purchasable","14":"product-type-simple"},"_links":{"self":[{"href":"https:\/\/boreait.com\/fr\/wp-json\/wp\/v2\/product\/12290","targetHints":{"allow":["GET"]}}],"collection":[{"href":"https:\/\/boreait.com\/fr\/wp-json\/wp\/v2\/product"}],"about":[{"href":"https:\/\/boreait.com\/fr\/wp-json\/wp\/v2\/types\/product"}],"wp:featuredmedia":[{"embeddable":true,"href":"https:\/\/boreait.com\/fr\/wp-json\/wp\/v2\/media\/12353"}],"wp:attachment":[{"href":"https:\/\/boreait.com\/fr\/wp-json\/wp\/v2\/media?parent=12290"}],"wp:term":[{"taxonomy":"product_brand","embeddable":true,"href":"https:\/\/boreait.com\/fr\/wp-json\/wp\/v2\/product_brand?post=12290"},{"taxonomy":"product_cat","embeddable":true,"href":"https:\/\/boreait.com\/fr\/wp-json\/wp\/v2\/product_cat?post=12290"},{"taxonomy":"product_tag","embeddable":true,"href":"https:\/\/boreait.com\/fr\/wp-json\/wp\/v2\/product_tag?post=12290"}],"curies":[{"name":"wp","href":"https:\/\/api.w.org\/{rel}","templated":true}]}}