{"id":12289,"date":"2025-09-15T16:08:50","date_gmt":"2025-09-15T14:08:50","guid":{"rendered":"https:\/\/boreait.com\/fr\/?post_type=product&#038;p=12289"},"modified":"2025-09-15T16:10:24","modified_gmt":"2025-09-15T14:10:24","slug":"carte-de-port-de-lecteur-de-carte-memoire-emachines-e642-e642g","status":"publish","type":"product","link":"https:\/\/boreait.com\/fr\/produit\/carte-de-port-de-lecteur-de-carte-memoire-emachines-e642-e642g\/","title":{"rendered":"Carte de port de lecteur de carte m\u00e9moire eMachines E642 &#8211; E642G"},"content":{"rendered":"<p>Remplacez votre carte de lecteur de cartes endommag\u00e9e ou d\u00e9fectueuse par cette pi\u00e8ce de rechange de haute qualit\u00e9, sp\u00e9cialement con\u00e7ue pour les ordinateurs portables eMachines E642 et E642G. Cette carte assure une connectivit\u00e9 fluide pour les cartes m\u00e9moire, facilitant ainsi le transfert de donn\u00e9es et l&rsquo;acc\u00e8s aux fichiers. Con\u00e7ue avec pr\u00e9cision et durabilit\u00e9, cette carte de remplacement offre des performances fiables et s&rsquo;adapte parfaitement \u00e0 votre ordinateur portable. Son installation est simple, ce qui en fait la solution id\u00e9ale pour les r\u00e9parations \u00e0 faire soi-m\u00eame. Retrouvez toutes les fonctionnalit\u00e9s de votre ordinateur portable eMachines et profitez de transferts de donn\u00e9es fluides gr\u00e2ce \u00e0 cette carte de lecteur de cartes.<\/p>\n","protected":false},"excerpt":{"rendered":"<p>Remplacez la carte du lecteur de carte endommag\u00e9e de votre ordinateur portable eMachines E642 ou E642G par cette pi\u00e8ce de rechange de haute qualit\u00e9. Profitez d&rsquo;un transfert de donn\u00e9es fluide et d&rsquo;une installation simplifi\u00e9e pour des fonctionnalit\u00e9s am\u00e9lior\u00e9es.<\/p>\n","protected":false},"featured_media":12351,"template":"","meta":[],"product_brand":[],"product_cat":[63],"product_tag":[93],"class_list":{"0":"post-12289","1":"product","2":"type-product","3":"status-publish","4":"has-post-thumbnail","6":"product_cat-motherboards-board-parts","7":"product_tag-emachines","9":"first","10":"instock","11":"taxable","12":"shipping-taxable","13":"purchasable","14":"product-type-simple"},"_links":{"self":[{"href":"https:\/\/boreait.com\/fr\/wp-json\/wp\/v2\/product\/12289","targetHints":{"allow":["GET"]}}],"collection":[{"href":"https:\/\/boreait.com\/fr\/wp-json\/wp\/v2\/product"}],"about":[{"href":"https:\/\/boreait.com\/fr\/wp-json\/wp\/v2\/types\/product"}],"wp:featuredmedia":[{"embeddable":true,"href":"https:\/\/boreait.com\/fr\/wp-json\/wp\/v2\/media\/12351"}],"wp:attachment":[{"href":"https:\/\/boreait.com\/fr\/wp-json\/wp\/v2\/media?parent=12289"}],"wp:term":[{"taxonomy":"product_brand","embeddable":true,"href":"https:\/\/boreait.com\/fr\/wp-json\/wp\/v2\/product_brand?post=12289"},{"taxonomy":"product_cat","embeddable":true,"href":"https:\/\/boreait.com\/fr\/wp-json\/wp\/v2\/product_cat?post=12289"},{"taxonomy":"product_tag","embeddable":true,"href":"https:\/\/boreait.com\/fr\/wp-json\/wp\/v2\/product_tag?post=12289"}],"curies":[{"name":"wp","href":"https:\/\/api.w.org\/{rel}","templated":true}]}}