{"id":12277,"date":"2025-09-15T16:08:25","date_gmt":"2025-09-15T14:08:25","guid":{"rendered":"https:\/\/boreait.com\/fr\/?post_type=product&#038;p=12277"},"modified":"2026-01-19T11:07:54","modified_gmt":"2026-01-19T10:07:54","slug":"processeur-amd-mobile-athlon-ii-p320-amp320sgr22gm-pour-emachines-e642g-acer-aspire-7551g","status":"publish","type":"product","link":"https:\/\/boreait.com\/fr\/produit\/processeur-amd-mobile-athlon-ii-p320-amp320sgr22gm-pour-emachines-e642g-acer-aspire-7551g\/","title":{"rendered":"Processeur AMD Mobile Athlon II P320 AMP320SGR22GM pour eMachines E642G \/ Acer Aspire 7551G"},"content":{"rendered":"<p>Am\u00e9liorez les performances de votre ordinateur portable eMachines E642 \/ Acer Aspire 7551G avec le processeur AMD Mobile Athlon II P320. Ce processeur d&rsquo;origine, mod\u00e8le AMP320SGR22GM, remplace efficacement votre processeur actuel et offre une vitesse et une r\u00e9activit\u00e9 accrues pour r\u00e9pondre \u00e0 vos besoins informatiques. Que vous soyez en multit\u00e2che, en jeu ou que vous ex\u00e9cutiez des applications exigeantes, ce processeur AMD offre des performances et une efficacit\u00e9 constantes. Compatible avec la s\u00e9rie eMachines E642, son installation est simple et garantit une mise \u00e0 niveau fluide. Investissez d\u00e8s aujourd&rsquo;hui dans le processeur AMD Mobile Athlon II P320 et profitez d&rsquo;une puissance de traitement et de performances syst\u00e8me am\u00e9lior\u00e9es.<\/p>\n","protected":false},"excerpt":{"rendered":"<p>Boostez la vitesse et la r\u00e9activit\u00e9 de votre ordinateur portable eMachines E642 avec le processeur AMD Mobile Athlon II P320. Ce processeur authentique offre des performances am\u00e9lior\u00e9es pour le multit\u00e2che, les jeux et les applications exigeantes. Facile \u00e0 installer et compatible avec la s\u00e9rie eMachines E642, il constitue la mise \u00e0 niveau id\u00e9ale pour votre ordinateur portable.<\/p>\n","protected":false},"featured_media":12333,"template":"","meta":[],"product_brand":[],"product_cat":[75],"product_tag":[93],"class_list":{"0":"post-12277","1":"product","2":"type-product","3":"status-publish","4":"has-post-thumbnail","6":"product_cat-processors-cpu","7":"product_tag-emachines","9":"first","10":"instock","11":"taxable","12":"shipping-taxable","13":"purchasable","14":"product-type-simple"},"_links":{"self":[{"href":"https:\/\/boreait.com\/fr\/wp-json\/wp\/v2\/product\/12277","targetHints":{"allow":["GET"]}}],"collection":[{"href":"https:\/\/boreait.com\/fr\/wp-json\/wp\/v2\/product"}],"about":[{"href":"https:\/\/boreait.com\/fr\/wp-json\/wp\/v2\/types\/product"}],"wp:featuredmedia":[{"embeddable":true,"href":"https:\/\/boreait.com\/fr\/wp-json\/wp\/v2\/media\/12333"}],"wp:attachment":[{"href":"https:\/\/boreait.com\/fr\/wp-json\/wp\/v2\/media?parent=12277"}],"wp:term":[{"taxonomy":"product_brand","embeddable":true,"href":"https:\/\/boreait.com\/fr\/wp-json\/wp\/v2\/product_brand?post=12277"},{"taxonomy":"product_cat","embeddable":true,"href":"https:\/\/boreait.com\/fr\/wp-json\/wp\/v2\/product_cat?post=12277"},{"taxonomy":"product_tag","embeddable":true,"href":"https:\/\/boreait.com\/fr\/wp-json\/wp\/v2\/product_tag?post=12277"}],"curies":[{"name":"wp","href":"https:\/\/api.w.org\/{rel}","templated":true}]}}