{"id":12276,"date":"2025-09-15T16:08:25","date_gmt":"2025-09-15T14:08:25","guid":{"rendered":"https:\/\/boreait.com\/fr\/?post_type=product&#038;p=12276"},"modified":"2026-01-19T11:07:38","modified_gmt":"2026-01-19T10:07:38","slug":"bouton-dalimentation-emachines-e642-carte-de-commutation-e642g-carte-dalimentation","status":"publish","type":"product","link":"https:\/\/boreait.com\/fr\/produit\/bouton-dalimentation-emachines-e642-carte-de-commutation-e642g-carte-dalimentation\/","title":{"rendered":"Bouton d&rsquo;alimentation eMachines E642 &#8211; Carte de commutation E642G Carte d&rsquo;alimentation"},"content":{"rendered":"<p>Mettez \u00e0 niveau ou remplacez la carte de commutation du bouton d&rsquo;alimentation de votre ordinateur portable eMachines E642 ou E642G avec cette pi\u00e8ce de rechange de haute qualit\u00e9. Con\u00e7ue pour restaurer les fonctionnalit\u00e9s de votre appareil, cette carte d&rsquo;alimentation assure une gestion fiable de l&rsquo;alimentation, vous permettant d&rsquo;allumer et d&rsquo;\u00e9teindre votre ordinateur portable en toute simplicit\u00e9. Con\u00e7ue avec pr\u00e9cision et durabilit\u00e9, cette carte de commutation est con\u00e7ue pour durer et vous offrir des performances durables. Restaurez les fonctionnalit\u00e9s et le contr\u00f4le de l&rsquo;alimentation de votre ordinateur portable avec cette pi\u00e8ce de rechange d&rsquo;origine. Facile \u00e0 installer et compatible avec les mod\u00e8les eMachines E642 et E642G, cette carte de commutation est la solution id\u00e9ale pour la r\u00e9paration de votre ordinateur portable.<\/p>\n","protected":false},"excerpt":{"rendered":"<p>Remplacez la carte de commutation du bouton d&rsquo;alimentation de votre ordinateur portable eMachines E642 ou E642G par cette pi\u00e8ce de rechange de haute qualit\u00e9. B\u00e9n\u00e9ficiez d&rsquo;une gestion fiable de l&rsquo;alimentation et d&rsquo;une utilisation simplifi\u00e9e gr\u00e2ce \u00e0 cette carte de commutation d&rsquo;origine. Facile \u00e0 installer et con\u00e7ue pour durer, cette pi\u00e8ce de rechange restaure les fonctionnalit\u00e9s de votre appareil, vous permettant de l&rsquo;allumer et de l&rsquo;\u00e9teindre facilement.<\/p>\n","protected":false},"featured_media":12332,"template":"","meta":[],"product_brand":[],"product_cat":[63],"product_tag":[93],"class_list":{"0":"post-12276","1":"product","2":"type-product","3":"status-publish","4":"has-post-thumbnail","6":"product_cat-motherboards-board-parts","7":"product_tag-emachines","9":"first","10":"instock","11":"taxable","12":"shipping-taxable","13":"purchasable","14":"product-type-simple"},"_links":{"self":[{"href":"https:\/\/boreait.com\/fr\/wp-json\/wp\/v2\/product\/12276","targetHints":{"allow":["GET"]}}],"collection":[{"href":"https:\/\/boreait.com\/fr\/wp-json\/wp\/v2\/product"}],"about":[{"href":"https:\/\/boreait.com\/fr\/wp-json\/wp\/v2\/types\/product"}],"wp:featuredmedia":[{"embeddable":true,"href":"https:\/\/boreait.com\/fr\/wp-json\/wp\/v2\/media\/12332"}],"wp:attachment":[{"href":"https:\/\/boreait.com\/fr\/wp-json\/wp\/v2\/media?parent=12276"}],"wp:term":[{"taxonomy":"product_brand","embeddable":true,"href":"https:\/\/boreait.com\/fr\/wp-json\/wp\/v2\/product_brand?post=12276"},{"taxonomy":"product_cat","embeddable":true,"href":"https:\/\/boreait.com\/fr\/wp-json\/wp\/v2\/product_cat?post=12276"},{"taxonomy":"product_tag","embeddable":true,"href":"https:\/\/boreait.com\/fr\/wp-json\/wp\/v2\/product_tag?post=12276"}],"curies":[{"name":"wp","href":"https:\/\/api.w.org\/{rel}","templated":true}]}}