{"id":12269,"date":"2025-09-15T16:08:02","date_gmt":"2025-09-15T14:08:02","guid":{"rendered":"https:\/\/boreait.com\/fr\/?post_type=product&#038;p=12269"},"modified":"2025-09-15T16:09:56","modified_gmt":"2025-09-15T14:09:56","slug":"boitier-pour-enceintes-emachines-e642-et-e642g","status":"publish","type":"product","link":"https:\/\/boreait.com\/fr\/produit\/boitier-pour-enceintes-emachines-e642-et-e642g\/","title":{"rendered":"Bo\u00eetier pour enceintes eMachines E642 et E642G"},"content":{"rendered":"<p>Am\u00e9liorez votre exp\u00e9rience audio avec ce bo\u00eetier pour haut-parleurs con\u00e7u pour les ordinateurs portables eMachines E642 et E642G. Ce bo\u00eetier garantit un son clair et optimise votre exp\u00e9rience multim\u00e9dia, que vous regardiez des films, \u00e9coutiez de la musique ou parliez en vid\u00e9o avec vos proches. Con\u00e7u avec pr\u00e9cision pour s&rsquo;int\u00e9grer parfaitement \u00e0 votre ordinateur portable, ce bo\u00eetier est facile \u00e0 installer et constitue une solution fiable pour remplacer des haut-parleurs endommag\u00e9s ou d\u00e9fectueux. Profitez d&rsquo;un son clair et immersif gr\u00e2ce \u00e0 ces haut-parleurs de haute qualit\u00e9. Investissez d\u00e8s aujourd&rsquo;hui dans vos besoins de divertissement et de communication avec ce bo\u00eetier pour haut-parleurs eMachines E642 et E642G.<\/p>\n","protected":false},"excerpt":{"rendered":"<p>Am\u00e9liorez votre exp\u00e9rience audio avec ce bo\u00eetier pour haut-parleurs pour ordinateurs portables eMachines E642 et E642G. Faciles \u00e0 installer et offrant un son clair, ces haut-parleurs sont la solution id\u00e9ale pour remplacer des composants audio endommag\u00e9s ou d\u00e9fectueux. Am\u00e9liorez votre exp\u00e9rience multim\u00e9dia d\u00e8s aujourd&rsquo;hui\u00a0!<\/p>\n","protected":false},"featured_media":12331,"template":"","meta":[],"product_brand":[],"product_cat":[54],"product_tag":[93],"class_list":{"0":"post-12269","1":"product","2":"type-product","3":"status-publish","4":"has-post-thumbnail","6":"product_cat-laptop-speakers","7":"product_tag-emachines","9":"first","10":"instock","11":"taxable","12":"shipping-taxable","13":"purchasable","14":"product-type-simple"},"_links":{"self":[{"href":"https:\/\/boreait.com\/fr\/wp-json\/wp\/v2\/product\/12269","targetHints":{"allow":["GET"]}}],"collection":[{"href":"https:\/\/boreait.com\/fr\/wp-json\/wp\/v2\/product"}],"about":[{"href":"https:\/\/boreait.com\/fr\/wp-json\/wp\/v2\/types\/product"}],"wp:featuredmedia":[{"embeddable":true,"href":"https:\/\/boreait.com\/fr\/wp-json\/wp\/v2\/media\/12331"}],"wp:attachment":[{"href":"https:\/\/boreait.com\/fr\/wp-json\/wp\/v2\/media?parent=12269"}],"wp:term":[{"taxonomy":"product_brand","embeddable":true,"href":"https:\/\/boreait.com\/fr\/wp-json\/wp\/v2\/product_brand?post=12269"},{"taxonomy":"product_cat","embeddable":true,"href":"https:\/\/boreait.com\/fr\/wp-json\/wp\/v2\/product_cat?post=12269"},{"taxonomy":"product_tag","embeddable":true,"href":"https:\/\/boreait.com\/fr\/wp-json\/wp\/v2\/product_tag?post=12269"}],"curies":[{"name":"wp","href":"https:\/\/api.w.org\/{rel}","templated":true}]}}