{"id":12267,"date":"2025-09-15T16:08:01","date_gmt":"2025-09-15T14:08:01","guid":{"rendered":"https:\/\/boreait.com\/fr\/?post_type=product&#038;p=12267"},"modified":"2026-01-19T11:06:58","modified_gmt":"2026-01-19T10:06:58","slug":"memoire-ddr3-nanya-4-go-so-dimm-1333-mhz-pc3-10600-nt4gc64b8hg0nscg","status":"publish","type":"product","link":"https:\/\/boreait.com\/fr\/produit\/memoire-ddr3-nanya-4-go-so-dimm-1333-mhz-pc3-10600-nt4gc64b8hg0nscg\/","title":{"rendered":"M\u00e9moire DDR3 Nanya 4 Go SO-DIMM 1333 MHz PC3-10600 (NT4GC64B8HG0NSCG)"},"content":{"rendered":"<p>Am\u00e9liorez les performances de votre ordinateur portable avec le module de m\u00e9moire DDR3 SO-DIMM Nanya 4 Go. Con\u00e7u pour un multit\u00e2che fluide et des op\u00e9rations plus fluides, ce module m\u00e9moire est id\u00e9al pour am\u00e9liorer votre exp\u00e9rience informatique. Avec une fr\u00e9quence d&rsquo;horloge de 1333 MHz (PC3-10600), vous b\u00e9n\u00e9ficiez d&rsquo;une r\u00e9activit\u00e9 accrue et de transferts de donn\u00e9es plus rapides. Que vous soyez un utilisateur occasionnel, un \u00e9tudiant ou un professionnel, cette mise \u00e0 niveau m\u00e9moire donnera un nouveau souffle \u00e0 votre ordinateur portable. Compatible avec diff\u00e9rents mod\u00e8les d&rsquo;ordinateurs portables, y compris ceux n\u00e9cessitant une m\u00e9moire SO-DIMM, l&rsquo;installation est simple et rapide. Branchez-le et profitez de performances et d&rsquo;une efficacit\u00e9 syst\u00e8me accrues. Investissez d\u00e8s aujourd&rsquo;hui dans le module de m\u00e9moire DDR3 Nanya 4 Go et faites passer votre ordinateur portable au niveau sup\u00e9rieur\u00a0!<\/p>\n","protected":false},"excerpt":{"rendered":"<p>Am\u00e9liorez les performances de votre ordinateur portable avec le module de m\u00e9moire Nanya 4 Go SO-DIMM DDR3. Con\u00e7u pour un multit\u00e2che fluide et des op\u00e9rations plus fluides, ce module m\u00e9moire optimise votre exp\u00e9rience informatique. Avec une fr\u00e9quence d&rsquo;horloge de 1333 MHz (PC3-10600), profitez d&rsquo;une r\u00e9activit\u00e9 accrue et de transferts de donn\u00e9es plus rapides. Installation facile pour un gain de performances imm\u00e9diat\u00a0!<\/p>\n","protected":false},"featured_media":12329,"template":"","meta":[],"product_brand":[],"product_cat":[73,72],"product_tag":[],"class_list":{"0":"post-12267","1":"product","2":"type-product","3":"status-publish","4":"has-post-thumbnail","6":"product_cat-ddr3-ddr3l","7":"product_cat-ram-memory","9":"first","10":"instock","11":"taxable","12":"shipping-taxable","13":"purchasable","14":"product-type-simple"},"_links":{"self":[{"href":"https:\/\/boreait.com\/fr\/wp-json\/wp\/v2\/product\/12267","targetHints":{"allow":["GET"]}}],"collection":[{"href":"https:\/\/boreait.com\/fr\/wp-json\/wp\/v2\/product"}],"about":[{"href":"https:\/\/boreait.com\/fr\/wp-json\/wp\/v2\/types\/product"}],"wp:featuredmedia":[{"embeddable":true,"href":"https:\/\/boreait.com\/fr\/wp-json\/wp\/v2\/media\/12329"}],"wp:attachment":[{"href":"https:\/\/boreait.com\/fr\/wp-json\/wp\/v2\/media?parent=12267"}],"wp:term":[{"taxonomy":"product_brand","embeddable":true,"href":"https:\/\/boreait.com\/fr\/wp-json\/wp\/v2\/product_brand?post=12267"},{"taxonomy":"product_cat","embeddable":true,"href":"https:\/\/boreait.com\/fr\/wp-json\/wp\/v2\/product_cat?post=12267"},{"taxonomy":"product_tag","embeddable":true,"href":"https:\/\/boreait.com\/fr\/wp-json\/wp\/v2\/product_tag?post=12267"}],"curies":[{"name":"wp","href":"https:\/\/api.w.org\/{rel}","templated":true}]}}