{"id":12266,"date":"2025-09-15T16:08:01","date_gmt":"2025-09-15T14:08:01","guid":{"rendered":"https:\/\/boreait.com\/fr\/?post_type=product&#038;p=12266"},"modified":"2026-01-19T10:55:30","modified_gmt":"2026-01-19T09:55:30","slug":"charnieres-pour-ecran-lcd-emachines-e442-e443-e529-e642-e642g-e644-e644g-e729-e729z","status":"publish","type":"product","link":"https:\/\/boreait.com\/fr\/produit\/charnieres-pour-ecran-lcd-emachines-e442-e443-e529-e642-e642g-e644-e644g-e729-e729z\/","title":{"rendered":"Charni\u00e8res pour \u00e9cran LCD eMachines E442 E443 E529 E642 E642G E644 E644G E729 E729Z"},"content":{"rendered":"<p>Am\u00e9liorez les fonctionnalit\u00e9s de votre ordinateur portable eMachines gr\u00e2ce \u00e0 ces charni\u00e8res d&rsquo;\u00e9cran LCD de marque, compatibles avec diff\u00e9rents mod\u00e8les, notamment les mod\u00e8les E442, E443, E529, E642, E642G, E644, E644G, E729 et E729Z. Con\u00e7ues avec pr\u00e9cision et durabilit\u00e9, ces charni\u00e8res assurent une ouverture et une fermeture fluides de l&rsquo;\u00e9cran, assurant stabilit\u00e9 et maintien de l&rsquo;\u00e9cran. Fabriqu\u00e9es \u00e0 partir de mat\u00e9riaux de haute qualit\u00e9, elles sont con\u00e7ues pour r\u00e9sister \u00e0 un usage quotidien et offrir des performances durables. Que vous soyez \u00e9tudiant, professionnel ou utilisateur occasionnel, ces charni\u00e8res constituent une solution fiable pour pr\u00e9server l&rsquo;int\u00e9grit\u00e9 de votre ordinateur portable. Remplacez facilement vos charni\u00e8res us\u00e9es ou endommag\u00e9es et restaurez les fonctionnalit\u00e9s optimales de votre ordinateur portable gr\u00e2ce \u00e0 cette pi\u00e8ce essentielle.<\/p>\n","protected":false},"excerpt":{"rendered":"<p>Am\u00e9liorez les performances et la durabilit\u00e9 de votre ordinateur portable eMachines gr\u00e2ce \u00e0 ces charni\u00e8res pour \u00e9cran LCD. Compatibles avec plusieurs mod\u00e8les, dont les mod\u00e8les E442, E443, E529, E642, E642G, E644, E644G, E729 et E729Z, ces charni\u00e8res assurent un fonctionnement fluide et une stabilit\u00e9 optimale de l&rsquo;\u00e9cran de votre ordinateur portable. Optez pour une mise \u00e0 niveau d\u00e8s aujourd&rsquo;hui et profitez de fonctionnalit\u00e9s et d&rsquo;une assistance am\u00e9lior\u00e9es pour votre appareil.<\/p>\n","protected":false},"featured_media":12328,"template":"","meta":[],"product_brand":[],"product_cat":[55],"product_tag":[93],"class_list":{"0":"post-12266","1":"product","2":"type-product","3":"status-publish","4":"has-post-thumbnail","6":"product_cat-screen-hinge","7":"product_tag-emachines","9":"first","10":"instock","11":"taxable","12":"shipping-taxable","13":"purchasable","14":"product-type-simple"},"_links":{"self":[{"href":"https:\/\/boreait.com\/fr\/wp-json\/wp\/v2\/product\/12266","targetHints":{"allow":["GET"]}}],"collection":[{"href":"https:\/\/boreait.com\/fr\/wp-json\/wp\/v2\/product"}],"about":[{"href":"https:\/\/boreait.com\/fr\/wp-json\/wp\/v2\/types\/product"}],"wp:featuredmedia":[{"embeddable":true,"href":"https:\/\/boreait.com\/fr\/wp-json\/wp\/v2\/media\/12328"}],"wp:attachment":[{"href":"https:\/\/boreait.com\/fr\/wp-json\/wp\/v2\/media?parent=12266"}],"wp:term":[{"taxonomy":"product_brand","embeddable":true,"href":"https:\/\/boreait.com\/fr\/wp-json\/wp\/v2\/product_brand?post=12266"},{"taxonomy":"product_cat","embeddable":true,"href":"https:\/\/boreait.com\/fr\/wp-json\/wp\/v2\/product_cat?post=12266"},{"taxonomy":"product_tag","embeddable":true,"href":"https:\/\/boreait.com\/fr\/wp-json\/wp\/v2\/product_tag?post=12266"}],"curies":[{"name":"wp","href":"https:\/\/api.w.org\/{rel}","templated":true}]}}