{"id":12264,"date":"2025-09-15T16:08:00","date_gmt":"2025-09-15T14:08:00","guid":{"rendered":"https:\/\/boreait.com\/fr\/?post_type=product&#038;p=12264"},"modified":"2025-09-15T16:09:49","modified_gmt":"2025-09-15T14:09:49","slug":"clavier-de-remplacement-pour-acer-aspire-pk130c91123-v104702ak3","status":"publish","type":"product","link":"https:\/\/boreait.com\/fr\/produit\/clavier-de-remplacement-pour-acer-aspire-pk130c91123-v104702ak3\/","title":{"rendered":"Clavier de remplacement pour Acer Aspire PK130C91123 V104702AK3"},"content":{"rendered":"<p>Disposition\u00a0: Slov\u00e8ne (SLO)\u00a0&#8211; \u00e9galement compatible avec d\u2019autres pays et langues.<\/p>\n<p>Am\u00e9liorez ou remplacez le clavier de votre ordinateur portable Acer Aspire par ce clavier de haute qualit\u00e9. Con\u00e7u pour remplacer le mod\u00e8le PK130C91123 V104702AK3, ce clavier offre une int\u00e9gration parfaite et des performances fiables. Con\u00e7u pour la pr\u00e9cision et la durabilit\u00e9, chaque touche offre un retour tactile pour une frappe confortable. Que vous r\u00e9digiez des documents, naviguiez sur le Web ou jouiez, ce clavier vous garantit une exp\u00e9rience fluide et r\u00e9active. L\u2019installation est simple, ce qui facilite la restauration des fonctionnalit\u00e9s de votre ordinateur portable. Investissez dans ce clavier d\u00e8s aujourd\u2019hui et profitez d\u2019une productivit\u00e9 et d\u2019un confort accrus avec votre ordinateur portable Acer Aspire.<\/p>\n","protected":false},"excerpt":{"rendered":"<p>Remplacez ou am\u00e9liorez le clavier de votre ordinateur portable Acer Aspire avec cette pi\u00e8ce de rechange compatible. Profitez d&rsquo;une frappe confortable et d&rsquo;une r\u00e9activit\u00e9 \u00e0 chaque pression de touche. Facile \u00e0 installer, ce clavier restaure facilement les fonctionnalit\u00e9s de votre ordinateur portable.<\/p>\n","protected":false},"featured_media":12325,"template":"","meta":[],"product_brand":[],"product_cat":[71],"product_tag":[65],"class_list":{"0":"post-12264","1":"product","2":"type-product","3":"status-publish","4":"has-post-thumbnail","6":"product_cat-laptop-keyboard","7":"product_tag-acer","9":"first","10":"instock","11":"taxable","12":"shipping-taxable","13":"purchasable","14":"product-type-simple"},"_links":{"self":[{"href":"https:\/\/boreait.com\/fr\/wp-json\/wp\/v2\/product\/12264","targetHints":{"allow":["GET"]}}],"collection":[{"href":"https:\/\/boreait.com\/fr\/wp-json\/wp\/v2\/product"}],"about":[{"href":"https:\/\/boreait.com\/fr\/wp-json\/wp\/v2\/types\/product"}],"wp:featuredmedia":[{"embeddable":true,"href":"https:\/\/boreait.com\/fr\/wp-json\/wp\/v2\/media\/12325"}],"wp:attachment":[{"href":"https:\/\/boreait.com\/fr\/wp-json\/wp\/v2\/media?parent=12264"}],"wp:term":[{"taxonomy":"product_brand","embeddable":true,"href":"https:\/\/boreait.com\/fr\/wp-json\/wp\/v2\/product_brand?post=12264"},{"taxonomy":"product_cat","embeddable":true,"href":"https:\/\/boreait.com\/fr\/wp-json\/wp\/v2\/product_cat?post=12264"},{"taxonomy":"product_tag","embeddable":true,"href":"https:\/\/boreait.com\/fr\/wp-json\/wp\/v2\/product_tag?post=12264"}],"curies":[{"name":"wp","href":"https:\/\/api.w.org\/{rel}","templated":true}]}}