{"id":12262,"date":"2025-09-15T16:08:00","date_gmt":"2025-09-15T14:08:00","guid":{"rendered":"https:\/\/boreait.com\/fr\/?post_type=product&#038;p=12262"},"modified":"2025-09-15T16:09:35","modified_gmt":"2025-09-15T14:09:35","slug":"cadre-daffichage-et-couvercle-lcd-pour-emachines-e644-e644g-e442-e642g-ap0c9000210","status":"publish","type":"product","link":"https:\/\/boreait.com\/fr\/produit\/cadre-daffichage-et-couvercle-lcd-pour-emachines-e644-e644g-e442-e642g-ap0c9000210\/","title":{"rendered":"Cadre d&rsquo;affichage et couvercle LCD pour EMACHINES E644, E644G, E442, E642G AP0c9000210"},"content":{"rendered":"<p>Remplacez votre cadre d&rsquo;\u00e9cran et votre cache LCD endommag\u00e9s ou us\u00e9s par cette pi\u00e8ce de rechange d&rsquo;origine AP0c9000210, compatible avec les ordinateurs portables EMACHINES E644, E644G, E442 et E642G. Con\u00e7us avec pr\u00e9cision et durabilit\u00e9, ces cadres d&rsquo;\u00e9cran et cache LCD s&rsquo;adaptent parfaitement \u00e0 l&rsquo;\u00e9cran de votre ordinateur portable et pr\u00e9servent son int\u00e9grit\u00e9 structurelle et son esth\u00e9tique. Fabriqu\u00e9s \u00e0 partir de mat\u00e9riaux de haute qualit\u00e9, ces composants sont con\u00e7us pour r\u00e9sister \u00e0 un usage quotidien et offrir des performances durables. Faciles \u00e0 installer, ces cadres d&rsquo;\u00e9cran et cache LCD permettent un remplacement simple et rapide, vous faisant gagner du temps et des efforts. Retrouvez votre ordinateur portable EMACHINES dans son \u00e9tat d&rsquo;origine gr\u00e2ce \u00e0 cette pi\u00e8ce de rechange d&rsquo;origine et profitez d&rsquo;une productivit\u00e9 et d&rsquo;une clart\u00e9 visuelle optimales.<\/p>\n","protected":false},"excerpt":{"rendered":"<p>Remplacez votre cadre d&rsquo;\u00e9cran et votre cache LCD endommag\u00e9s ou us\u00e9s par cette pi\u00e8ce de rechange d&rsquo;origine AP0c9000210, compatible avec les ordinateurs portables EMACHINES E644, E644G, E442 et E642G. Con\u00e7us avec pr\u00e9cision et durabilit\u00e9, ces cadres et caches LCD s&rsquo;int\u00e8grent parfaitement \u00e0 l&rsquo;\u00e9cran de votre ordinateur portable, pr\u00e9servant ainsi son int\u00e9grit\u00e9 structurelle et son esth\u00e9tique. Fabriqu\u00e9s \u00e0 partir de mat\u00e9riaux de haute qualit\u00e9, ces pi\u00e8ces de rechange sont con\u00e7ues pour r\u00e9sister \u00e0 un usage quotidien et offrir des performances durables. Faciles \u00e0 installer, ils permettent un remplacement simple et rapide, vous faisant gagner du temps et de l&rsquo;\u00e9nergie.<\/p>\n","protected":false},"featured_media":12314,"template":"","meta":[],"product_brand":[],"product_cat":[52],"product_tag":[93],"class_list":{"0":"post-12262","1":"product","2":"type-product","3":"status-publish","4":"has-post-thumbnail","6":"product_cat-laptop-housing","7":"product_tag-emachines","9":"first","10":"instock","11":"taxable","12":"shipping-taxable","13":"purchasable","14":"product-type-simple"},"_links":{"self":[{"href":"https:\/\/boreait.com\/fr\/wp-json\/wp\/v2\/product\/12262","targetHints":{"allow":["GET"]}}],"collection":[{"href":"https:\/\/boreait.com\/fr\/wp-json\/wp\/v2\/product"}],"about":[{"href":"https:\/\/boreait.com\/fr\/wp-json\/wp\/v2\/types\/product"}],"wp:featuredmedia":[{"embeddable":true,"href":"https:\/\/boreait.com\/fr\/wp-json\/wp\/v2\/media\/12314"}],"wp:attachment":[{"href":"https:\/\/boreait.com\/fr\/wp-json\/wp\/v2\/media?parent=12262"}],"wp:term":[{"taxonomy":"product_brand","embeddable":true,"href":"https:\/\/boreait.com\/fr\/wp-json\/wp\/v2\/product_brand?post=12262"},{"taxonomy":"product_cat","embeddable":true,"href":"https:\/\/boreait.com\/fr\/wp-json\/wp\/v2\/product_cat?post=12262"},{"taxonomy":"product_tag","embeddable":true,"href":"https:\/\/boreait.com\/fr\/wp-json\/wp\/v2\/product_tag?post=12262"}],"curies":[{"name":"wp","href":"https:\/\/api.w.org\/{rel}","templated":true}]}}