{"id":12261,"date":"2025-09-15T16:08:00","date_gmt":"2025-09-15T14:08:00","guid":{"rendered":"https:\/\/boreait.com\/fr\/?post_type=product&#038;p=12261"},"modified":"2025-09-15T16:09:30","modified_gmt":"2025-09-15T14:09:30","slug":"piece-de-rechange-pour-couvercle-superieur-arriere-de-lecran-lcd-des-emachines-e442-e642-et-e642g","status":"publish","type":"product","link":"https:\/\/boreait.com\/fr\/produit\/piece-de-rechange-pour-couvercle-superieur-arriere-de-lecran-lcd-des-emachines-e442-e642-et-e642g\/","title":{"rendered":"Pi\u00e8ce de rechange pour couvercle sup\u00e9rieur arri\u00e8re de l&rsquo;\u00e9cran LCD des eMachines E442, E642 et E642G"},"content":{"rendered":"<p>Redonnez vie \u00e0 votre ordinateur portable eMachines E442, E642 ou E642G avec cette pi\u00e8ce de rechange pour cache arri\u00e8re de l&rsquo;\u00e9cran LCD. Fabriqu\u00e9e selon les sp\u00e9cifications OEM, cette pi\u00e8ce assure un ajustement parfait et une int\u00e9gration parfaite \u00e0 votre appareil. Fabriqu\u00e9e \u00e0 partir de mat\u00e9riaux durables, elle prot\u00e8ge votre \u00e9cran tout en apportant une finition \u00e9l\u00e9gante et professionnelle \u00e0 votre ordinateur portable. Que vous souhaitiez remplacer un cache endommag\u00e9 ou am\u00e9liorer l&rsquo;esth\u00e9tique de votre appareil, cette pi\u00e8ce de rechange est la solution id\u00e9ale. Facile \u00e0 installer, elle vous permet de restaurer l&rsquo;apparence et les fonctionnalit\u00e9s de votre ordinateur portable en un minimum d&rsquo;effort. Am\u00e9liorez votre ordinateur portable eMachines d\u00e8s aujourd&rsquo;hui avec ce cache arri\u00e8re de haute qualit\u00e9 pour cache arri\u00e8re de l&rsquo;\u00e9cran LCD.<\/p>\n","protected":false},"excerpt":{"rendered":"<p>Remplacez le capot arri\u00e8re de l&rsquo;\u00e9cran LCD de votre ordinateur portable eMachines E442, E642 ou E642G, endommag\u00e9 ou us\u00e9, par cette pi\u00e8ce de rechange de marque. Fabriqu\u00e9e selon les sp\u00e9cifications OEM, elle assure un ajustement parfait et une finition \u00e9l\u00e9gante \u00e0 votre appareil. Facile \u00e0 installer, c&rsquo;est la solution id\u00e9ale pour restaurer l&rsquo;apparence de votre ordinateur portable et prot\u00e9ger son \u00e9cran.<\/p>\n","protected":false},"featured_media":12312,"template":"","meta":[],"product_brand":[],"product_cat":[52],"product_tag":[93],"class_list":{"0":"post-12261","1":"product","2":"type-product","3":"status-publish","4":"has-post-thumbnail","6":"product_cat-laptop-housing","7":"product_tag-emachines","9":"first","10":"instock","11":"taxable","12":"shipping-taxable","13":"purchasable","14":"product-type-simple"},"_links":{"self":[{"href":"https:\/\/boreait.com\/fr\/wp-json\/wp\/v2\/product\/12261","targetHints":{"allow":["GET"]}}],"collection":[{"href":"https:\/\/boreait.com\/fr\/wp-json\/wp\/v2\/product"}],"about":[{"href":"https:\/\/boreait.com\/fr\/wp-json\/wp\/v2\/types\/product"}],"wp:featuredmedia":[{"embeddable":true,"href":"https:\/\/boreait.com\/fr\/wp-json\/wp\/v2\/media\/12312"}],"wp:attachment":[{"href":"https:\/\/boreait.com\/fr\/wp-json\/wp\/v2\/media?parent=12261"}],"wp:term":[{"taxonomy":"product_brand","embeddable":true,"href":"https:\/\/boreait.com\/fr\/wp-json\/wp\/v2\/product_brand?post=12261"},{"taxonomy":"product_cat","embeddable":true,"href":"https:\/\/boreait.com\/fr\/wp-json\/wp\/v2\/product_cat?post=12261"},{"taxonomy":"product_tag","embeddable":true,"href":"https:\/\/boreait.com\/fr\/wp-json\/wp\/v2\/product_tag?post=12261"}],"curies":[{"name":"wp","href":"https:\/\/api.w.org\/{rel}","templated":true}]}}