{"id":12260,"date":"2025-09-15T16:07:59","date_gmt":"2025-09-15T14:07:59","guid":{"rendered":"https:\/\/boreait.com\/fr\/?post_type=product&#038;p=12260"},"modified":"2025-09-15T16:09:25","modified_gmt":"2025-09-15T14:09:25","slug":"ecran-led-fonctionnel-hp-compaq-6820s-17-pieces-detachees-pour-ordinateur-portable","status":"publish","type":"product","link":"https:\/\/boreait.com\/fr\/produit\/ecran-led-fonctionnel-hp-compaq-6820s-17-pieces-detachees-pour-ordinateur-portable\/","title":{"rendered":"\u00c9cran LED fonctionnel HP Compaq 6820s 17&Prime; &#8211; Pi\u00e8ces d\u00e9tach\u00e9es pour ordinateur portable"},"content":{"rendered":"<p>Lib\u00e9rez le potentiel de votre HP Compaq 6820s avec cet \u00e9cran LED fonctionnel, id\u00e9al pour les pi\u00e8ces d\u00e9tach\u00e9es et les r\u00e9parations. Que vous souhaitiez remplacer un \u00e9cran endommag\u00e9 ou r\u00e9cup\u00e9rer des composants pour d&rsquo;autres projets, cet \u00e9cran LED enti\u00e8rement fonctionnel offre une solution \u00e9conomique. Compatible avec le mod\u00e8le HP Compaq 6820s, vous pouvez compter sur sa qualit\u00e9 et sa fiabilit\u00e9. Investissez dans cette pi\u00e8ce d\u00e9tach\u00e9e HP d&rsquo;origine et donnez une nouvelle vie \u00e0 votre appareil.<\/p>\n","protected":false},"excerpt":{"rendered":"<p>Redonnez vie \u00e0 votre HP Compaq 6820s avec cet \u00e9cran LED enti\u00e8rement fonctionnel, id\u00e9al pour les pi\u00e8ces d\u00e9tach\u00e9es et les r\u00e9parations. Compatible et fiable, il offre une solution \u00e9conomique pour restaurer les fonctionnalit\u00e9s de votre appareil.<\/p>\n","protected":false},"featured_media":12311,"template":"","meta":[],"product_brand":[],"product_cat":[80,57],"product_tag":[61],"class_list":{"0":"post-12260","1":"product","2":"type-product","3":"status-publish","4":"has-post-thumbnail","6":"product_cat-80","7":"product_cat-laptop-screens-lcd-panels","8":"product_tag-hp","10":"first","11":"instock","12":"taxable","13":"shipping-taxable","14":"purchasable","15":"product-type-simple"},"_links":{"self":[{"href":"https:\/\/boreait.com\/fr\/wp-json\/wp\/v2\/product\/12260","targetHints":{"allow":["GET"]}}],"collection":[{"href":"https:\/\/boreait.com\/fr\/wp-json\/wp\/v2\/product"}],"about":[{"href":"https:\/\/boreait.com\/fr\/wp-json\/wp\/v2\/types\/product"}],"wp:featuredmedia":[{"embeddable":true,"href":"https:\/\/boreait.com\/fr\/wp-json\/wp\/v2\/media\/12311"}],"wp:attachment":[{"href":"https:\/\/boreait.com\/fr\/wp-json\/wp\/v2\/media?parent=12260"}],"wp:term":[{"taxonomy":"product_brand","embeddable":true,"href":"https:\/\/boreait.com\/fr\/wp-json\/wp\/v2\/product_brand?post=12260"},{"taxonomy":"product_cat","embeddable":true,"href":"https:\/\/boreait.com\/fr\/wp-json\/wp\/v2\/product_cat?post=12260"},{"taxonomy":"product_tag","embeddable":true,"href":"https:\/\/boreait.com\/fr\/wp-json\/wp\/v2\/product_tag?post=12260"}],"curies":[{"name":"wp","href":"https:\/\/api.w.org\/{rel}","templated":true}]}}