{"id":12247,"date":"2025-09-15T16:07:36","date_gmt":"2025-09-15T14:07:36","guid":{"rendered":"https:\/\/boreait.com\/fr\/?post_type=product&#038;p=12247"},"modified":"2025-09-15T16:09:18","modified_gmt":"2025-09-15T14:09:18","slug":"supports-de-charnieres-gauche-et-droite-pour-ecran-lcd-hp-compaq-6820s","status":"publish","type":"product","link":"https:\/\/boreait.com\/fr\/produit\/supports-de-charnieres-gauche-et-droite-pour-ecran-lcd-hp-compaq-6820s\/","title":{"rendered":"Supports de charni\u00e8res gauche et droite pour \u00e9cran LCD HP Compaq 6820S"},"content":{"rendered":"<p>Am\u00e9liorez la stabilit\u00e9 et la durabilit\u00e9 de votre ordinateur portable HP Compaq 6820S gr\u00e2ce \u00e0 cet ensemble de charni\u00e8res gauche et droite, sp\u00e9cialement con\u00e7ues pour soutenir l&rsquo;\u00e9cran LCD. Fabriqu\u00e9es avec pr\u00e9cision, ces charni\u00e8res assurent un mouvement fluide et fiable, vous permettant d&rsquo;ouvrir et de fermer votre ordinateur portable en toute simplicit\u00e9. Con\u00e7ues pour r\u00e9sister \u00e0 un usage quotidien, ces charni\u00e8res offrent un support durable \u00e0 votre \u00e9cran, am\u00e9liorant ainsi sa fonctionnalit\u00e9 et son esth\u00e9tique. Compatibles avec le mod\u00e8le HP Compaq 6820S, leur installation est simple, facilitant le remplacement des charni\u00e8res us\u00e9es ou endommag\u00e9es. Restaurez les performances et l&rsquo;apparence de votre ordinateur portable gr\u00e2ce \u00e0 ces supports d&rsquo;\u00e9cran LCD de haute qualit\u00e9.<\/p>\n","protected":false},"excerpt":{"rendered":"<p>Am\u00e9liorez la stabilit\u00e9 et la durabilit\u00e9 de votre ordinateur portable HP Compaq 6820S gr\u00e2ce \u00e0 cet ensemble de charni\u00e8res gauche et droite. Sp\u00e9cialement con\u00e7ues pour soutenir l&rsquo;\u00e9cran LCD, ces charni\u00e8res garantissent un mouvement fluide et des performances durables. Faciles \u00e0 installer, elles constituent la solution id\u00e9ale pour remplacer les charni\u00e8res us\u00e9es ou endommag\u00e9es et restaurer les fonctionnalit\u00e9s de votre ordinateur portable.<\/p>\n","protected":false},"featured_media":12308,"template":"","meta":[],"product_brand":[],"product_cat":[55],"product_tag":[61],"class_list":{"0":"post-12247","1":"product","2":"type-product","3":"status-publish","4":"has-post-thumbnail","6":"product_cat-screen-hinge","7":"product_tag-hp","9":"first","10":"instock","11":"taxable","12":"shipping-taxable","13":"purchasable","14":"product-type-simple"},"_links":{"self":[{"href":"https:\/\/boreait.com\/fr\/wp-json\/wp\/v2\/product\/12247","targetHints":{"allow":["GET"]}}],"collection":[{"href":"https:\/\/boreait.com\/fr\/wp-json\/wp\/v2\/product"}],"about":[{"href":"https:\/\/boreait.com\/fr\/wp-json\/wp\/v2\/types\/product"}],"wp:featuredmedia":[{"embeddable":true,"href":"https:\/\/boreait.com\/fr\/wp-json\/wp\/v2\/media\/12308"}],"wp:attachment":[{"href":"https:\/\/boreait.com\/fr\/wp-json\/wp\/v2\/media?parent=12247"}],"wp:term":[{"taxonomy":"product_brand","embeddable":true,"href":"https:\/\/boreait.com\/fr\/wp-json\/wp\/v2\/product_brand?post=12247"},{"taxonomy":"product_cat","embeddable":true,"href":"https:\/\/boreait.com\/fr\/wp-json\/wp\/v2\/product_cat?post=12247"},{"taxonomy":"product_tag","embeddable":true,"href":"https:\/\/boreait.com\/fr\/wp-json\/wp\/v2\/product_tag?post=12247"}],"curies":[{"name":"wp","href":"https:\/\/api.w.org\/{rel}","templated":true}]}}