{"id":12244,"date":"2025-09-15T16:07:36","date_gmt":"2025-09-15T14:07:36","guid":{"rendered":"https:\/\/boreait.com\/fr\/?post_type=product&#038;p=12244"},"modified":"2025-09-15T16:09:09","modified_gmt":"2025-09-15T14:09:09","slug":"module-de-lecteur-de-carte-a-puce-dorigine-fujitsu-lifebook-e754-156-pouces-cp621951-x1","status":"publish","type":"product","link":"https:\/\/boreait.com\/fr\/produit\/module-de-lecteur-de-carte-a-puce-dorigine-fujitsu-lifebook-e754-156-pouces-cp621951-x1\/","title":{"rendered":"Module de lecteur de carte \u00e0 puce d&rsquo;origine Fujitsu Lifebook E754 15,6 pouces CP621951-X1"},"content":{"rendered":"<p>Am\u00e9liorez votre ordinateur portable Fujitsu Lifebook E754 avec ce module lecteur de carte \u00e0 puce d&rsquo;origine, con\u00e7u pour s\u00e9curiser l&rsquo;acc\u00e8s \u00e0 votre appareil. Ce composant Fujitsu d&rsquo;origine assure la compatibilit\u00e9 et l&rsquo;int\u00e9gration parfaite avec votre ordinateur portable, vous permettant d&rsquo;am\u00e9liorer ses fonctionnalit\u00e9s en toute simplicit\u00e9. Gr\u00e2ce \u00e0 sa fonction lecteur de carte \u00e0 puce, vous acc\u00e9dez facilement \u00e0 des syst\u00e8mes et des donn\u00e9es s\u00e9curis\u00e9s, ce qui en fait un outil id\u00e9al pour les professionnels et les particuliers qui privil\u00e9gient la s\u00e9curit\u00e9 de leurs donn\u00e9es. Facile \u00e0 installer et con\u00e7u pour durer, ce module remplace parfaitement votre lecteur actuel ou endommag\u00e9. Investissez dans l&rsquo;authenticit\u00e9 et la fiabilit\u00e9 des composants Fujitsu et b\u00e9n\u00e9ficiez d&rsquo;une s\u00e9curit\u00e9 et d&rsquo;un confort accrus avec votre ordinateur portable Lifebook E754.<\/p>\n","protected":false},"excerpt":{"rendered":"<p>Am\u00e9liorez la s\u00e9curit\u00e9 et les fonctionnalit\u00e9s de votre ordinateur portable Fujitsu Lifebook E754 gr\u00e2ce \u00e0 ce module lecteur de carte \u00e0 puce d&rsquo;origine. Con\u00e7u pour une int\u00e9gration fluide et une utilisation simple, ce composant Fujitsu d&rsquo;origine garantit un acc\u00e8s s\u00e9curis\u00e9 \u00e0 votre appareil et \u00e0 vos donn\u00e9es. Optez pour une mise \u00e0 niveau d\u00e8s aujourd&rsquo;hui pour plus de tranquillit\u00e9 d&rsquo;esprit et de confort.<\/p>\n","protected":false},"featured_media":12297,"template":"","meta":[],"product_brand":[],"product_cat":[63],"product_tag":[64],"class_list":{"0":"post-12244","1":"product","2":"type-product","3":"status-publish","4":"has-post-thumbnail","6":"product_cat-motherboards-board-parts","7":"product_tag-fujitsu","9":"first","10":"instock","11":"taxable","12":"shipping-taxable","13":"purchasable","14":"product-type-simple"},"_links":{"self":[{"href":"https:\/\/boreait.com\/fr\/wp-json\/wp\/v2\/product\/12244","targetHints":{"allow":["GET"]}}],"collection":[{"href":"https:\/\/boreait.com\/fr\/wp-json\/wp\/v2\/product"}],"about":[{"href":"https:\/\/boreait.com\/fr\/wp-json\/wp\/v2\/types\/product"}],"wp:featuredmedia":[{"embeddable":true,"href":"https:\/\/boreait.com\/fr\/wp-json\/wp\/v2\/media\/12297"}],"wp:attachment":[{"href":"https:\/\/boreait.com\/fr\/wp-json\/wp\/v2\/media?parent=12244"}],"wp:term":[{"taxonomy":"product_brand","embeddable":true,"href":"https:\/\/boreait.com\/fr\/wp-json\/wp\/v2\/product_brand?post=12244"},{"taxonomy":"product_cat","embeddable":true,"href":"https:\/\/boreait.com\/fr\/wp-json\/wp\/v2\/product_cat?post=12244"},{"taxonomy":"product_tag","embeddable":true,"href":"https:\/\/boreait.com\/fr\/wp-json\/wp\/v2\/product_tag?post=12244"}],"curies":[{"name":"wp","href":"https:\/\/api.w.org\/{rel}","templated":true}]}}